{"id":11094,"date":"2025-09-21T22:10:52","date_gmt":"2025-09-22T04:10:52","guid":{"rendered":"https:\/\/tecniplastmexico.com\/web\/?page_id=11094"},"modified":"2025-09-21T22:34:37","modified_gmt":"2025-09-22T04:34:37","slug":"forma-de-contacto","status":"publish","type":"page","link":"https:\/\/tecniplastmexico.com\/web\/forma-de-contacto\/","title":{"rendered":"Contacto"},"content":{"rendered":"<div class=\"wpb-content-wrapper\"><p>[vc_row gap=&#8221;20&#8243;][vc_column width=&#8221;2\/3&#8243;][vc_column_text css=&#8221;&#8221;]<\/p>\n<h4>M\u00c1NDANOS UN MENSAJE<\/h4>\n<p>[\/vc_column_text]\n<div class=\"wpcf7 no-js\" id=\"wpcf7-f5-o1\" lang=\"es-MX\" dir=\"ltr\" data-wpcf7-id=\"5\">\n<div class=\"screen-reader-response\"><p role=\"status\" aria-live=\"polite\" aria-atomic=\"true\"><\/p> <ul><\/ul><\/div>\n<form action=\"\/web\/wp-json\/wp\/v2\/pages\/11094#wpcf7-f5-o1\" method=\"post\" class=\"wpcf7-form init\" aria-label=\"Formulario de contacto\" novalidate=\"novalidate\" data-status=\"init\">\n<fieldset class=\"hidden-fields-container\"><input type=\"hidden\" name=\"_wpcf7\" value=\"5\" \/><input type=\"hidden\" name=\"_wpcf7_version\" value=\"6.1.5\" \/><input type=\"hidden\" name=\"_wpcf7_locale\" value=\"es_MX\" \/><input type=\"hidden\" name=\"_wpcf7_unit_tag\" value=\"wpcf7-f5-o1\" \/><input type=\"hidden\" name=\"_wpcf7_container_post\" value=\"0\" \/><input type=\"hidden\" name=\"_wpcf7_posted_data_hash\" value=\"\" \/><input type=\"hidden\" name=\"_wpcf7_recaptcha_response\" value=\"\" \/>\n<\/fieldset>\n<div class=\"row\">\n\t<div class=\"col-md-6\">\n\t\t<p><label>Tu nombre (requerido)<\/label><span class=\"wpcf7-form-control-wrap\" data-name=\"your-name\"><input size=\"40\" maxlength=\"400\" class=\"wpcf7-form-control wpcf7-text wpcf7-validates-as-required\" aria-required=\"true\" aria-invalid=\"false\" value=\"\" type=\"text\" name=\"your-name\" \/><\/span>\n\t\t<\/p>\n\t<\/div>\n\t<div class=\"col-md-6\">\n\t\t<p><label>Tu direcci\u00f3n de email (requerido)<\/label><span class=\"wpcf7-form-control-wrap\" data-name=\"your-email\"><input size=\"40\" maxlength=\"400\" class=\"wpcf7-form-control wpcf7-email wpcf7-validates-as-required wpcf7-text wpcf7-validates-as-email\" aria-required=\"true\" aria-invalid=\"false\" value=\"\" type=\"email\" name=\"your-email\" \/><\/span>\n\t\t<\/p>\n\t<\/div>\n\t<div class=\"col-md-6\">\n\t\t<p><label>Tu empresa (requerido)<\/label><span class=\"wpcf7-form-control-wrap\" data-name=\"your-company\"><input size=\"40\" maxlength=\"400\" class=\"wpcf7-form-control wpcf7-text wpcf7-validates-as-required\" aria-required=\"true\" aria-invalid=\"false\" value=\"\" type=\"text\" name=\"your-company\" \/><\/span>\n\t\t<\/p>\n\t<\/div>\n\t<div class=\"col-md-6\">\n\t\t<p><label>Tu tel\u00e9fono (requerido)<\/label><span class=\"wpcf7-form-control-wrap\" data-name=\"your-tel\"><input size=\"40\" maxlength=\"400\" class=\"wpcf7-form-control wpcf7-tel wpcf7-validates-as-required wpcf7-text wpcf7-validates-as-tel\" aria-required=\"true\" aria-invalid=\"false\" value=\"\" type=\"tel\" name=\"your-tel\" \/><\/span>\n\t\t<\/p>\n\t<\/div>\n<\/div>\n<p><label>Asunto<\/label><span class=\"wpcf7-form-control-wrap\" data-name=\"your-subject\"><input size=\"40\" maxlength=\"400\" class=\"wpcf7-form-control wpcf7-text\" aria-invalid=\"false\" value=\"\" type=\"text\" name=\"your-subject\" \/><\/span>\n<\/p>\n<p><label>Tu mensaje<\/label><span class=\"wpcf7-form-control-wrap\" data-name=\"your-message\"><textarea cols=\"40\" rows=\"10\" maxlength=\"2000\" class=\"wpcf7-form-control wpcf7-textarea\" aria-invalid=\"false\" name=\"your-message\"><\/textarea><\/span>\n<\/p>\n<p><input class=\"wpcf7-form-control wpcf7-submit has-spinner btn btn-color-primary\" type=\"submit\" value=\"ENV\u00cdA TU MENSAJE\" \/>\n<\/p><p style=\"display: none !important;\" class=\"akismet-fields-container\" data-prefix=\"_wpcf7_ak_\"><label>&#916;<textarea name=\"_wpcf7_ak_hp_textarea\" cols=\"45\" rows=\"8\" maxlength=\"100\"><\/textarea><\/label><input type=\"hidden\" id=\"ak_js_1\" name=\"_wpcf7_ak_js\" value=\"56\"\/><script>document.getElementById( \"ak_js_1\" ).setAttribute( \"value\", ( new Date() ).getTime() );<\/script><\/p><div class=\"wpcf7-response-output\" aria-hidden=\"true\"><\/div>\n<\/form>\n<\/div>\n[\/vc_column][vc_column width=&#8221;1\/3&#8243;][vc_column_text css=&#8221;&#8221;]<\/p>\n<h3><strong>SOBRE NOSOTROS<\/strong><\/h3>\n<p>En Tecniplast M\u00e9xico nos dedicamos a producir con orgullo\u00a0<strong>productos de pl\u00e1stico<\/strong>\u00a0para hogares, restaurantes, comedores y la industria alimenticia.<\/p>\n<p>Somos especialistas en la fabricaci\u00f3n de piezas inyectadas de pl\u00e1stico donde el esmero, alta calidad y precisi\u00f3n, juegan un papel muy importante sin considerar el valor del tipo de\u00a0 producto que fabriquemos.<\/p>\n<p>Adem\u00e1s : maquilamos, fabricamos moldes y dise\u00f1amos piezas especiales.[\/vc_column_text][vc_column_text css=&#8221;&#8221;]<strong>TECNIPLAST M\u00c9XICO, S.A. de C.V.<\/strong><br \/>\nIndustria del Pl\u00e1stico 2169<br \/>\nFraccionamiento Industrial Zapopan Norte<br \/>\nC.P. 45130<br \/>\nZapopan, Jalisco, M\u00e9xico<\/p>\n<p><strong>Tel.:<\/strong> +51 (33) 36366970<br \/>\n<strong>Mail:<\/strong> info@tecniplastmexico.com[\/vc_column_text][\/vc_column][\/vc_row]<\/p>\n<\/div>","protected":false},"excerpt":{"rendered":"<p>[vc_row gap=&#8221;20&#8243;][vc_column width=&#8221;2\/3&#8243;][vc_column_text css=&#8221;&#8221;] M\u00c1NDANOS UN MENSAJE [\/vc_column_text][\/vc_column][vc_column width=&#8221;1\/3&#8243;][vc_column_text css=&#8221;&#8221;] SOBRE NOSOTROS En Tecniplast M\u00e9xico nos dedicamos a producir con orgullo\u00a0productos de pl\u00e1stico\u00a0para hogares, restaurantes, comedores y la industria alimenticia. Somos especialistas en la fabricaci\u00f3n de piezas inyectadas de pl\u00e1stico donde el esmero, alta calidad y precisi\u00f3n, juegan un papel muy importante sin considerar el &hellip; <a href=\"https:\/\/tecniplastmexico.com\/web\/forma-de-contacto\/\" class=\"more-link\">Continue reading <span class=\"screen-reader-text\">Contacto<\/span><\/a><\/p>\n","protected":false},"author":1,"featured_media":0,"parent":0,"menu_order":0,"comment_status":"closed","ping_status":"closed","template":"","meta":{"footnotes":""},"class_list":["post-11094","page","type-page","status-publish","hentry"],"yoast_head":"<!-- This site is optimized with the Yoast SEO Premium plugin v25.5 (Yoast SEO v27.0) - https:\/\/yoast.com\/product\/yoast-seo-premium-wordpress\/ -->\n<title>Contacto - Tecniplast M\u00e9xico - Fabricante de Productos de pl\u00e1stico polipropileno, polietileno y policarbonato, Industrial Hogar Alimentos Restaurantes<\/title>\n<meta name=\"robots\" content=\"index, follow, max-snippet:-1, max-image-preview:large, max-video-preview:-1\" \/>\n<link rel=\"canonical\" href=\"https:\/\/tecniplastmexico.com\/web\/forma-de-contacto\/\" \/>\n<meta property=\"og:locale\" content=\"es_MX\" \/>\n<meta property=\"og:type\" content=\"article\" \/>\n<meta property=\"og:title\" content=\"Contacto\" \/>\n<meta property=\"og:description\" content=\"[vc_row gap=&#8221;20&#8243;][vc_column width=&#8221;2\/3&#8243;][vc_column_text css=&#8221;&#8221;] M\u00c1NDANOS UN MENSAJE [\/vc_column_text][\/vc_column][vc_column width=&#8221;1\/3&#8243;][vc_column_text css=&#8221;&#8221;] SOBRE NOSOTROS En Tecniplast M\u00e9xico nos dedicamos a producir con orgullo\u00a0productos de pl\u00e1stico\u00a0para hogares, restaurantes, comedores y la industria alimenticia. Somos especialistas en la fabricaci\u00f3n de piezas inyectadas de pl\u00e1stico donde el esmero, alta calidad y precisi\u00f3n, juegan un papel muy importante sin considerar el &hellip; Continue reading Contacto\" \/>\n<meta property=\"og:url\" content=\"https:\/\/tecniplastmexico.com\/web\/forma-de-contacto\/\" \/>\n<meta property=\"og:site_name\" content=\"Tecniplast M\u00e9xico - Fabricante de Productos de pl\u00e1stico polipropileno, polietileno y policarbonato, Industrial Hogar Alimentos Restaurantes\" \/>\n<meta property=\"article:modified_time\" content=\"2025-09-22T04:34:37+00:00\" \/>\n<meta name=\"twitter:card\" content=\"summary_large_image\" \/>\n<meta name=\"twitter:label1\" content=\"Tiempo de lectura\" \/>\n\t<meta name=\"twitter:data1\" content=\"1 minuto\" \/>\n<script type=\"application\/ld+json\" class=\"yoast-schema-graph\">{\"@context\":\"https:\/\/schema.org\",\"@graph\":[{\"@type\":\"WebPage\",\"@id\":\"https:\/\/tecniplastmexico.com\/web\/forma-de-contacto\/\",\"url\":\"https:\/\/tecniplastmexico.com\/web\/forma-de-contacto\/\",\"name\":\"Contacto - Tecniplast M\u00e9xico - Fabricante de Productos de pl\u00e1stico polipropileno, polietileno y policarbonato, Industrial Hogar Alimentos Restaurantes\",\"isPartOf\":{\"@id\":\"https:\/\/tecniplastmexico.com\/web\/#website\"},\"datePublished\":\"2025-09-22T04:10:52+00:00\",\"dateModified\":\"2025-09-22T04:34:37+00:00\",\"breadcrumb\":{\"@id\":\"https:\/\/tecniplastmexico.com\/web\/forma-de-contacto\/#breadcrumb\"},\"inLanguage\":\"es\",\"potentialAction\":[{\"@type\":\"ReadAction\",\"target\":[\"https:\/\/tecniplastmexico.com\/web\/forma-de-contacto\/\"]}]},{\"@type\":\"BreadcrumbList\",\"@id\":\"https:\/\/tecniplastmexico.com\/web\/forma-de-contacto\/#breadcrumb\",\"itemListElement\":[{\"@type\":\"ListItem\",\"position\":1,\"name\":\"Inicio\",\"item\":\"https:\/\/tecniplastmexico.com\/web\/\"},{\"@type\":\"ListItem\",\"position\":2,\"name\":\"Contacto\"}]},{\"@type\":\"WebSite\",\"@id\":\"https:\/\/tecniplastmexico.com\/web\/#website\",\"url\":\"https:\/\/tecniplastmexico.com\/web\/\",\"name\":\"Tecniplast M\u00e9xico - Fabricante de Productos de pl\u00e1stico polipropileno, polietileno y policarbonato, Industrial Hogar Alimentos Restaurantes\",\"description\":\"Fabricante de Productos de pl\u00e1stico polipropileno, polietileno y policarbonato, Industrial Hogar Alimentos Restaurantes\",\"publisher\":{\"@id\":\"https:\/\/tecniplastmexico.com\/web\/#organization\"},\"potentialAction\":[{\"@type\":\"SearchAction\",\"target\":{\"@type\":\"EntryPoint\",\"urlTemplate\":\"https:\/\/tecniplastmexico.com\/web\/?s={search_term_string}\"},\"query-input\":{\"@type\":\"PropertyValueSpecification\",\"valueRequired\":true,\"valueName\":\"search_term_string\"}}],\"inLanguage\":\"es\"},{\"@type\":\"Organization\",\"@id\":\"https:\/\/tecniplastmexico.com\/web\/#organization\",\"name\":\"Tecniplast M\u00e9xico - Fabricante de Productos de pl\u00e1stico polipropileno, polietileno y policarbonato, Industrial Hogar Alimentos Restaurantes\",\"url\":\"https:\/\/tecniplastmexico.com\/web\/\",\"logo\":{\"@type\":\"ImageObject\",\"inLanguage\":\"es\",\"@id\":\"https:\/\/tecniplastmexico.com\/web\/#\/schema\/logo\/image\/\",\"url\":\"https:\/\/tecniplastmexico.com\/web\/wp-content\/uploads\/2025\/07\/Logo_tecniplast.png\",\"contentUrl\":\"https:\/\/tecniplastmexico.com\/web\/wp-content\/uploads\/2025\/07\/Logo_tecniplast.png\",\"width\":848,\"height\":294,\"caption\":\"Tecniplast M\u00e9xico - Fabricante de Productos de pl\u00e1stico polipropileno, polietileno y policarbonato, Industrial Hogar Alimentos Restaurantes\"},\"image\":{\"@id\":\"https:\/\/tecniplastmexico.com\/web\/#\/schema\/logo\/image\/\"}}]}<\/script>\n<!-- \/ Yoast SEO Premium plugin. -->","yoast_head_json":{"title":"Contacto - Tecniplast M\u00e9xico - Fabricante de Productos de pl\u00e1stico polipropileno, polietileno y policarbonato, Industrial Hogar Alimentos Restaurantes","robots":{"index":"index","follow":"follow","max-snippet":"max-snippet:-1","max-image-preview":"max-image-preview:large","max-video-preview":"max-video-preview:-1"},"canonical":"https:\/\/tecniplastmexico.com\/web\/forma-de-contacto\/","og_locale":"es_MX","og_type":"article","og_title":"Contacto","og_description":"[vc_row gap=&#8221;20&#8243;][vc_column width=&#8221;2\/3&#8243;][vc_column_text css=&#8221;&#8221;] M\u00c1NDANOS UN MENSAJE [\/vc_column_text][\/vc_column][vc_column width=&#8221;1\/3&#8243;][vc_column_text css=&#8221;&#8221;] SOBRE NOSOTROS En Tecniplast M\u00e9xico nos dedicamos a producir con orgullo\u00a0productos de pl\u00e1stico\u00a0para hogares, restaurantes, comedores y la industria alimenticia. Somos especialistas en la fabricaci\u00f3n de piezas inyectadas de pl\u00e1stico donde el esmero, alta calidad y precisi\u00f3n, juegan un papel muy importante sin considerar el &hellip; Continue reading Contacto","og_url":"https:\/\/tecniplastmexico.com\/web\/forma-de-contacto\/","og_site_name":"Tecniplast M\u00e9xico - Fabricante de Productos de pl\u00e1stico polipropileno, polietileno y policarbonato, Industrial Hogar Alimentos Restaurantes","article_modified_time":"2025-09-22T04:34:37+00:00","twitter_card":"summary_large_image","twitter_misc":{"Tiempo de lectura":"1 minuto"},"schema":{"@context":"https:\/\/schema.org","@graph":[{"@type":"WebPage","@id":"https:\/\/tecniplastmexico.com\/web\/forma-de-contacto\/","url":"https:\/\/tecniplastmexico.com\/web\/forma-de-contacto\/","name":"Contacto - Tecniplast M\u00e9xico - Fabricante de Productos de pl\u00e1stico polipropileno, polietileno y policarbonato, Industrial Hogar Alimentos Restaurantes","isPartOf":{"@id":"https:\/\/tecniplastmexico.com\/web\/#website"},"datePublished":"2025-09-22T04:10:52+00:00","dateModified":"2025-09-22T04:34:37+00:00","breadcrumb":{"@id":"https:\/\/tecniplastmexico.com\/web\/forma-de-contacto\/#breadcrumb"},"inLanguage":"es","potentialAction":[{"@type":"ReadAction","target":["https:\/\/tecniplastmexico.com\/web\/forma-de-contacto\/"]}]},{"@type":"BreadcrumbList","@id":"https:\/\/tecniplastmexico.com\/web\/forma-de-contacto\/#breadcrumb","itemListElement":[{"@type":"ListItem","position":1,"name":"Inicio","item":"https:\/\/tecniplastmexico.com\/web\/"},{"@type":"ListItem","position":2,"name":"Contacto"}]},{"@type":"WebSite","@id":"https:\/\/tecniplastmexico.com\/web\/#website","url":"https:\/\/tecniplastmexico.com\/web\/","name":"Tecniplast M\u00e9xico - Fabricante de Productos de pl\u00e1stico polipropileno, polietileno y policarbonato, Industrial Hogar Alimentos Restaurantes","description":"Fabricante de Productos de pl\u00e1stico polipropileno, polietileno y policarbonato, Industrial Hogar Alimentos Restaurantes","publisher":{"@id":"https:\/\/tecniplastmexico.com\/web\/#organization"},"potentialAction":[{"@type":"SearchAction","target":{"@type":"EntryPoint","urlTemplate":"https:\/\/tecniplastmexico.com\/web\/?s={search_term_string}"},"query-input":{"@type":"PropertyValueSpecification","valueRequired":true,"valueName":"search_term_string"}}],"inLanguage":"es"},{"@type":"Organization","@id":"https:\/\/tecniplastmexico.com\/web\/#organization","name":"Tecniplast M\u00e9xico - Fabricante de Productos de pl\u00e1stico polipropileno, polietileno y policarbonato, Industrial Hogar Alimentos Restaurantes","url":"https:\/\/tecniplastmexico.com\/web\/","logo":{"@type":"ImageObject","inLanguage":"es","@id":"https:\/\/tecniplastmexico.com\/web\/#\/schema\/logo\/image\/","url":"https:\/\/tecniplastmexico.com\/web\/wp-content\/uploads\/2025\/07\/Logo_tecniplast.png","contentUrl":"https:\/\/tecniplastmexico.com\/web\/wp-content\/uploads\/2025\/07\/Logo_tecniplast.png","width":848,"height":294,"caption":"Tecniplast M\u00e9xico - Fabricante de Productos de pl\u00e1stico polipropileno, polietileno y policarbonato, Industrial Hogar Alimentos Restaurantes"},"image":{"@id":"https:\/\/tecniplastmexico.com\/web\/#\/schema\/logo\/image\/"}}]}},"_links":{"self":[{"href":"https:\/\/tecniplastmexico.com\/web\/wp-json\/wp\/v2\/pages\/11094","targetHints":{"allow":["GET"]}}],"collection":[{"href":"https:\/\/tecniplastmexico.com\/web\/wp-json\/wp\/v2\/pages"}],"about":[{"href":"https:\/\/tecniplastmexico.com\/web\/wp-json\/wp\/v2\/types\/page"}],"author":[{"embeddable":true,"href":"https:\/\/tecniplastmexico.com\/web\/wp-json\/wp\/v2\/users\/1"}],"replies":[{"embeddable":true,"href":"https:\/\/tecniplastmexico.com\/web\/wp-json\/wp\/v2\/comments?post=11094"}],"version-history":[{"count":7,"href":"https:\/\/tecniplastmexico.com\/web\/wp-json\/wp\/v2\/pages\/11094\/revisions"}],"predecessor-version":[{"id":11107,"href":"https:\/\/tecniplastmexico.com\/web\/wp-json\/wp\/v2\/pages\/11094\/revisions\/11107"}],"wp:attachment":[{"href":"https:\/\/tecniplastmexico.com\/web\/wp-json\/wp\/v2\/media?parent=11094"}],"curies":[{"name":"wp","href":"https:\/\/api.w.org\/{rel}","templated":true}]}}