{"id":1660,"date":"2017-09-12T08:33:44","date_gmt":"2017-09-12T08:33:44","guid":{"rendered":"http:\/\/demo.thembay.com\/megabuy\/?page_id=1660"},"modified":"2025-09-22T09:50:57","modified_gmt":"2025-09-22T15:50:57","slug":"faqs-preguntas-frecuentes","status":"publish","type":"page","link":"https:\/\/tecniplastmexico.com\/web\/faqs-preguntas-frecuentes\/","title":{"rendered":"FAQs Preguntas Frecuentes"},"content":{"rendered":"<div class=\"wpb-content-wrapper\"><p>[vc_row el_class=&#8221;faq&#8221;][vc_column css_animation=&#8221;fadeIn&#8221;][vc_toggle title=&#8221;\u00bfC\u00d3MO HACER PEDIDOS?&#8221; css_animation=&#8221;fadeIn&#8221; css=&#8221;&#8221;]Puedes hacer pedidos a trav\u00e9s del correo electr\u00f3nico, WhatsApp o tel\u00e9fono. Checa los datos de contacto en la p\u00e1gina.[\/vc_toggle][vc_toggle title=&#8221;\u00bfEN D\u00d3NDE SE PUEDEN COMPRAR NUESTROS PRODUCTOS AL MENUDEO?&#8221; css_animation=&#8221;none&#8221; css=&#8221;&#8221;]Cont\u00e1ctanos y con gusto te recomendamos nuestros distribuidores m\u00e1s cercanos a ti. Cubrimos toda la Rep\u00fablica Mexicana.[\/vc_toggle][vc_toggle title=&#8221;\u00bfQUI\u00c9NES SON NUESTROS CLIENTES?&#8221; css=&#8221;&#8221;]Nuestros clientes son principalmente mayoristas, restaurantes, comedores empresariales, hospitales y negocios de venta directa como: cristaler\u00edas, tiendas de abarrotes y pl\u00e1sticos para el hogar.[\/vc_toggle][vc_toggle title=&#8221;\u00bfQU\u00c9 MATERIALES USAMOS EN TECNIPLAST M\u00c9XICO?&#8221; css=&#8221;&#8221;]Hacemos nuestros productos principalmente con tres tipos de materiales:<\/p>\n<p><strong>Polipropileno (PP)<\/strong><br \/>\nEl polipropileno tiene alta resistencia al impacto, una buena resistencia al rayado y una favorable estabilidad t\u00e9rmica, haci\u00e9ndolo as\u00ed el material ideal para el uso alimenticio.<\/p>\n<p><strong>Policarbonato (PC)<\/strong><br \/>\nLa transparencia y brillo del policarbonato son inigualables. Este material destaca por su dureza y elevada estabilidad t\u00e9rmica; adem\u00e1s es resistente a rayaduras y manchas de comida. Tambi\u00e9n es esterilizable y apto para su uso en microondas. Es perfecto para su uso en bares, restaurantes y cocinas industriales.<\/p>\n<p><strong>Polietileno de alta densidad (PEAD, HDPE)<\/strong><br \/>\nEl polietileno de alta densidad tiene buena estabilidad t\u00e9rmica, es ligero, flexible, durable, resistente a la corrosi\u00f3n y al impacto. Es un material versatil, perfecto para su uso en \u00e1mbitos alimenticios e industrial.[\/vc_toggle][vc_toggle title=&#8221;\u00bfLOS ART\u00cdCULOS SON RESISTENTES A LOS CAMBIOS DE TEMPERATURA?&#8221; css=&#8221;&#8221;]S\u00ed cuentan con resistencia, son las siguientes:<\/p>\n<p><strong>Polietileno de alta densidad (PEAD, PEHD)<\/strong><\/p>\n<p>Resiste exposici\u00f3n continua a calor max. 90\u00b0C. Este material es usado principalmente para tablas del hogar y placas especiales.<\/p>\n<p><strong>Polipropileno (PP)<\/strong><\/p>\n<p>Los productos hecho de polipropileno pueden resistir temperaturas de 99\u00b0C, son resistentes al agua hirviente pudiendo esterilizarse a temperaturas de hasta 140\u00b0C sin temor a la deformaci\u00f3n.<\/p>\n<p><strong>Policarbonato (PC)<\/strong><\/p>\n<p>Los productos hechos de policarbonato pueden resistir temperaturas de 100\u00b0C para alimentos cocidos y hasta 160\u00b0C para alimentos fritos por un periodo de tiempo largo. El material resiste temperaturas hasta 240\u00b0C por lapsos de tiempos cortos.[\/vc_toggle][vc_toggle title=&#8221;\u00bfQU\u00c9 COLORES TIENEN DE L\u00cdNEA Y SI ES POSIBLE ARMAR MIS CAJAS CON LOS COLORES Y CANTIDADES A ESCOGER?&#8221; css=&#8221;&#8221;]En el cat\u00e1logo de la p\u00e1gina web se indican los colores disponibles para cada producto.<\/p>\n<p>Las cantidades de piezas son fijas por caja. La cantidad de piezas por caja tambi\u00e9n se muestra en la p\u00e1gina web.<\/p>\n<p>En general se puede considerar lo siguiente:<\/p>\n<p>Para Productos de\u00a0<strong>Polipropileno (PP)<\/strong>\u00a0contamos en general con los colores de l\u00ednea, que son los siguientes:<\/p>\n<ul>\n<li>Colores Combinados: amarillo, azul, verde, rojo y naranja, estos colores se distribuyen seg\u00fan la cantidad de piezas por caja.<\/li>\n<li>Color arena y granito negro, estos colores se tienen por cajas de colores \u00fanicos.<\/li>\n<li>Colores translucidos: los colores se distribuyen dependiendo de la cantidad de piezas por caja.<\/li>\n<\/ul>\n<p>[\/vc_toggle][vc_toggle title=&#8221;\u00bfCU\u00c1LES SON LAS INDICACIONES DE USO Y MANTENIMIENTO DE LOS PRODUCTOS?&#8221; css=&#8221;&#8221;]<\/p>\n<div class=\"page-wrapper\">\n<div class=\"container content-page sidebar-mobile-bottom\">\n<div class=\"sidebar-position-without\">\n<div class=\"row\">\n<div class=\"content col-md-12\">\n<div class=\"wpb-content-wrapper\">\n<div class=\"vc_row wpb_row vc_row-fluid et_custom_uniqid_68cdfa244fa56\">\n<div class=\"wpb_column vc_column_container vc_col-sm-12 et_custom_uniqid_68cdfa244fa10\">\n<div class=\"vc_column-inner\">\n<div class=\"wpb_wrapper\">\n<div class=\"vc_do_toggle vc_toggle vc_toggle_default vc_toggle_color_default vc_toggle_size_md vc_toggle_active\">\n<div class=\"vc_toggle_content\">\n<p>El producto debe ser usado en condiciones cotidianas normales evitando cambios extremos de temperaturas, es decir, de baja a alta o viceversa, golpes fuertes y\/o maltratos.<\/p>\n<p>Los productos son aptos para lavavajillas y microondas.<\/p>\n<\/div>\n<\/div>\n<div class=\"vc_do_toggle vc_toggle vc_toggle_default vc_toggle_color_default vc_toggle_size_md\"><\/div>\n<\/div>\n<\/div>\n<\/div>\n<\/div>\n<\/div>\n<\/div>\n<\/div>\n<\/div>\n<\/div>\n<\/div>\n<p>[\/vc_toggle][vc_toggle title=&#8221;\u00bfLOS PRODUCTOS EST\u00c1N APROBADOS POR LA FDA?&#8221; css=&#8221;&#8221;]S\u00ed, seg\u00fan el c\u00f3digo 21 CFR 177.1580, por lo cual, los productos elaborados con estas resinas (PP, PC y PEAD) se consideran aptos para contacto con alimentos.[\/vc_toggle][vc_toggle title=&#8221;\u00bfCUENTAN CON DESCUENTOS O PRECIOS ESPECIALES?&#8221; css=&#8221;&#8221;]S\u00ed, contamos con descuentos que se manejan por volumen de compra, si tienes en mente realizar alguna compra de volumen, cont\u00e1ctanos v\u00eda telef\u00f3nica para que alguna de nuestras ejecutivas de ventas pueda ayudarte.[\/vc_toggle][vc_toggle title=&#8221;\u00bfQU\u00c9 FORMAS DE PAGO OFRECEN?&#8221; css=&#8221;&#8221;]La forma de pago es el dep\u00f3sito y la transferencia bancaria.[\/vc_toggle][vc_toggle title=&#8221;\u00bfCU\u00c1L ES EL PEDIDO M\u00cdNIMO QUE SE PUEDE HACER CON TECNIPLAST M\u00c9XICO?&#8221; css=&#8221;&#8221;]El productos se vende por caja y contamos con m\u00ednimo de compra. Por favor contactarnos para consultarlo.[\/vc_toggle][\/vc_column][\/vc_row][vc_row][vc_column][vc_empty_space height=&#8221;60px&#8221;][\/vc_column][\/vc_row][vc_row][vc_column][vc_separator color=&#8221;green&#8221; css=&#8221;&#8221;][\/vc_column][\/vc_row]<\/p>\n<\/div>","protected":false},"excerpt":{"rendered":"<p>[vc_row el_class=&#8221;faq&#8221;][vc_column css_animation=&#8221;fadeIn&#8221;][vc_toggle title=&#8221;\u00bfC\u00d3MO HACER PEDIDOS?&#8221; css_animation=&#8221;fadeIn&#8221; css=&#8221;&#8221;]Puedes hacer pedidos a trav\u00e9s del correo electr\u00f3nico, WhatsApp o tel\u00e9fono. Checa los datos de contacto en la p\u00e1gina.[\/vc_toggle][vc_toggle title=&#8221;\u00bfEN D\u00d3NDE SE PUEDEN COMPRAR NUESTROS PRODUCTOS AL MENUDEO?&#8221; css_animation=&#8221;none&#8221; css=&#8221;&#8221;]Cont\u00e1ctanos y con gusto te recomendamos nuestros distribuidores m\u00e1s cercanos a ti. Cubrimos toda la Rep\u00fablica Mexicana.[\/vc_toggle][vc_toggle title=&#8221;\u00bfQUI\u00c9NES SON &hellip; <a href=\"https:\/\/tecniplastmexico.com\/web\/faqs-preguntas-frecuentes\/\" class=\"more-link\">Continue reading <span class=\"screen-reader-text\">FAQs Preguntas Frecuentes<\/span><\/a><\/p>\n","protected":false},"author":1,"featured_media":0,"parent":0,"menu_order":0,"comment_status":"closed","ping_status":"closed","template":"","meta":{"footnotes":""},"class_list":["post-1660","page","type-page","status-publish","hentry"],"yoast_head":"<!-- This site is optimized with the Yoast SEO Premium plugin v25.5 (Yoast SEO v27.0) - https:\/\/yoast.com\/product\/yoast-seo-premium-wordpress\/ -->\n<title>FAQs Preguntas Frecuentes - Tecniplast M\u00e9xico - Fabricante de Productos de pl\u00e1stico polipropileno, polietileno y policarbonato, Industrial Hogar Alimentos Restaurantes<\/title>\n<meta name=\"robots\" content=\"index, follow, max-snippet:-1, max-image-preview:large, max-video-preview:-1\" \/>\n<link rel=\"canonical\" href=\"https:\/\/tecniplastmexico.com\/web\/faqs-preguntas-frecuentes\/\" \/>\n<meta property=\"og:locale\" content=\"es_MX\" \/>\n<meta property=\"og:type\" content=\"article\" \/>\n<meta property=\"og:title\" content=\"FAQs Preguntas Frecuentes\" \/>\n<meta property=\"og:description\" content=\"[vc_row el_class=&#8221;faq&#8221;][vc_column css_animation=&#8221;fadeIn&#8221;][vc_toggle title=&#8221;\u00bfC\u00d3MO HACER PEDIDOS?&#8221; css_animation=&#8221;fadeIn&#8221; css=&#8221;&#8221;]Puedes hacer pedidos a trav\u00e9s del correo electr\u00f3nico, WhatsApp o tel\u00e9fono. Checa los datos de contacto en la p\u00e1gina.[\/vc_toggle][vc_toggle title=&#8221;\u00bfEN D\u00d3NDE SE PUEDEN COMPRAR NUESTROS PRODUCTOS AL MENUDEO?&#8221; css_animation=&#8221;none&#8221; css=&#8221;&#8221;]Cont\u00e1ctanos y con gusto te recomendamos nuestros distribuidores m\u00e1s cercanos a ti. Cubrimos toda la Rep\u00fablica Mexicana.[\/vc_toggle][vc_toggle title=&#8221;\u00bfQUI\u00c9NES SON &hellip; Continue reading FAQs Preguntas Frecuentes\" \/>\n<meta property=\"og:url\" content=\"https:\/\/tecniplastmexico.com\/web\/faqs-preguntas-frecuentes\/\" \/>\n<meta property=\"og:site_name\" content=\"Tecniplast M\u00e9xico - Fabricante de Productos de pl\u00e1stico polipropileno, polietileno y policarbonato, Industrial Hogar Alimentos Restaurantes\" \/>\n<meta property=\"article:modified_time\" content=\"2025-09-22T15:50:57+00:00\" \/>\n<meta name=\"twitter:card\" content=\"summary_large_image\" \/>\n<meta name=\"twitter:label1\" content=\"Tiempo de lectura\" \/>\n\t<meta name=\"twitter:data1\" content=\"3 minutos\" \/>\n<script type=\"application\/ld+json\" class=\"yoast-schema-graph\">{\"@context\":\"https:\/\/schema.org\",\"@graph\":[{\"@type\":\"WebPage\",\"@id\":\"https:\/\/tecniplastmexico.com\/web\/faqs-preguntas-frecuentes\/\",\"url\":\"https:\/\/tecniplastmexico.com\/web\/faqs-preguntas-frecuentes\/\",\"name\":\"FAQs Preguntas Frecuentes - Tecniplast M\u00e9xico - Fabricante de Productos de pl\u00e1stico polipropileno, polietileno y policarbonato, Industrial Hogar Alimentos Restaurantes\",\"isPartOf\":{\"@id\":\"https:\/\/tecniplastmexico.com\/web\/#website\"},\"datePublished\":\"2017-09-12T08:33:44+00:00\",\"dateModified\":\"2025-09-22T15:50:57+00:00\",\"breadcrumb\":{\"@id\":\"https:\/\/tecniplastmexico.com\/web\/faqs-preguntas-frecuentes\/#breadcrumb\"},\"inLanguage\":\"es\",\"potentialAction\":[{\"@type\":\"ReadAction\",\"target\":[\"https:\/\/tecniplastmexico.com\/web\/faqs-preguntas-frecuentes\/\"]}]},{\"@type\":\"BreadcrumbList\",\"@id\":\"https:\/\/tecniplastmexico.com\/web\/faqs-preguntas-frecuentes\/#breadcrumb\",\"itemListElement\":[{\"@type\":\"ListItem\",\"position\":1,\"name\":\"Inicio\",\"item\":\"https:\/\/tecniplastmexico.com\/web\/\"},{\"@type\":\"ListItem\",\"position\":2,\"name\":\"FAQs Preguntas Frecuentes\"}]},{\"@type\":\"WebSite\",\"@id\":\"https:\/\/tecniplastmexico.com\/web\/#website\",\"url\":\"https:\/\/tecniplastmexico.com\/web\/\",\"name\":\"Tecniplast M\u00e9xico - Fabricante de Productos de pl\u00e1stico polipropileno, polietileno y policarbonato, Industrial Hogar Alimentos Restaurantes\",\"description\":\"Fabricante de Productos de pl\u00e1stico polipropileno, polietileno y policarbonato, Industrial Hogar Alimentos Restaurantes\",\"publisher\":{\"@id\":\"https:\/\/tecniplastmexico.com\/web\/#organization\"},\"potentialAction\":[{\"@type\":\"SearchAction\",\"target\":{\"@type\":\"EntryPoint\",\"urlTemplate\":\"https:\/\/tecniplastmexico.com\/web\/?s={search_term_string}\"},\"query-input\":{\"@type\":\"PropertyValueSpecification\",\"valueRequired\":true,\"valueName\":\"search_term_string\"}}],\"inLanguage\":\"es\"},{\"@type\":\"Organization\",\"@id\":\"https:\/\/tecniplastmexico.com\/web\/#organization\",\"name\":\"Tecniplast M\u00e9xico - Fabricante de Productos de pl\u00e1stico polipropileno, polietileno y policarbonato, Industrial Hogar Alimentos Restaurantes\",\"url\":\"https:\/\/tecniplastmexico.com\/web\/\",\"logo\":{\"@type\":\"ImageObject\",\"inLanguage\":\"es\",\"@id\":\"https:\/\/tecniplastmexico.com\/web\/#\/schema\/logo\/image\/\",\"url\":\"https:\/\/tecniplastmexico.com\/web\/wp-content\/uploads\/2025\/07\/Logo_tecniplast.png\",\"contentUrl\":\"https:\/\/tecniplastmexico.com\/web\/wp-content\/uploads\/2025\/07\/Logo_tecniplast.png\",\"width\":848,\"height\":294,\"caption\":\"Tecniplast M\u00e9xico - Fabricante de Productos de pl\u00e1stico polipropileno, polietileno y policarbonato, Industrial Hogar Alimentos Restaurantes\"},\"image\":{\"@id\":\"https:\/\/tecniplastmexico.com\/web\/#\/schema\/logo\/image\/\"}}]}<\/script>\n<!-- \/ Yoast SEO Premium plugin. -->","yoast_head_json":{"title":"FAQs Preguntas Frecuentes - Tecniplast M\u00e9xico - Fabricante de Productos de pl\u00e1stico polipropileno, polietileno y policarbonato, Industrial Hogar Alimentos Restaurantes","robots":{"index":"index","follow":"follow","max-snippet":"max-snippet:-1","max-image-preview":"max-image-preview:large","max-video-preview":"max-video-preview:-1"},"canonical":"https:\/\/tecniplastmexico.com\/web\/faqs-preguntas-frecuentes\/","og_locale":"es_MX","og_type":"article","og_title":"FAQs Preguntas Frecuentes","og_description":"[vc_row el_class=&#8221;faq&#8221;][vc_column css_animation=&#8221;fadeIn&#8221;][vc_toggle title=&#8221;\u00bfC\u00d3MO HACER PEDIDOS?&#8221; css_animation=&#8221;fadeIn&#8221; css=&#8221;&#8221;]Puedes hacer pedidos a trav\u00e9s del correo electr\u00f3nico, WhatsApp o tel\u00e9fono. Checa los datos de contacto en la p\u00e1gina.[\/vc_toggle][vc_toggle title=&#8221;\u00bfEN D\u00d3NDE SE PUEDEN COMPRAR NUESTROS PRODUCTOS AL MENUDEO?&#8221; css_animation=&#8221;none&#8221; css=&#8221;&#8221;]Cont\u00e1ctanos y con gusto te recomendamos nuestros distribuidores m\u00e1s cercanos a ti. Cubrimos toda la Rep\u00fablica Mexicana.[\/vc_toggle][vc_toggle title=&#8221;\u00bfQUI\u00c9NES SON &hellip; Continue reading FAQs Preguntas Frecuentes","og_url":"https:\/\/tecniplastmexico.com\/web\/faqs-preguntas-frecuentes\/","og_site_name":"Tecniplast M\u00e9xico - Fabricante de Productos de pl\u00e1stico polipropileno, polietileno y policarbonato, Industrial Hogar Alimentos Restaurantes","article_modified_time":"2025-09-22T15:50:57+00:00","twitter_card":"summary_large_image","twitter_misc":{"Tiempo de lectura":"3 minutos"},"schema":{"@context":"https:\/\/schema.org","@graph":[{"@type":"WebPage","@id":"https:\/\/tecniplastmexico.com\/web\/faqs-preguntas-frecuentes\/","url":"https:\/\/tecniplastmexico.com\/web\/faqs-preguntas-frecuentes\/","name":"FAQs Preguntas Frecuentes - Tecniplast M\u00e9xico - Fabricante de Productos de pl\u00e1stico polipropileno, polietileno y policarbonato, Industrial Hogar Alimentos Restaurantes","isPartOf":{"@id":"https:\/\/tecniplastmexico.com\/web\/#website"},"datePublished":"2017-09-12T08:33:44+00:00","dateModified":"2025-09-22T15:50:57+00:00","breadcrumb":{"@id":"https:\/\/tecniplastmexico.com\/web\/faqs-preguntas-frecuentes\/#breadcrumb"},"inLanguage":"es","potentialAction":[{"@type":"ReadAction","target":["https:\/\/tecniplastmexico.com\/web\/faqs-preguntas-frecuentes\/"]}]},{"@type":"BreadcrumbList","@id":"https:\/\/tecniplastmexico.com\/web\/faqs-preguntas-frecuentes\/#breadcrumb","itemListElement":[{"@type":"ListItem","position":1,"name":"Inicio","item":"https:\/\/tecniplastmexico.com\/web\/"},{"@type":"ListItem","position":2,"name":"FAQs Preguntas Frecuentes"}]},{"@type":"WebSite","@id":"https:\/\/tecniplastmexico.com\/web\/#website","url":"https:\/\/tecniplastmexico.com\/web\/","name":"Tecniplast M\u00e9xico - Fabricante de Productos de pl\u00e1stico polipropileno, polietileno y policarbonato, Industrial Hogar Alimentos Restaurantes","description":"Fabricante de Productos de pl\u00e1stico polipropileno, polietileno y policarbonato, Industrial Hogar Alimentos Restaurantes","publisher":{"@id":"https:\/\/tecniplastmexico.com\/web\/#organization"},"potentialAction":[{"@type":"SearchAction","target":{"@type":"EntryPoint","urlTemplate":"https:\/\/tecniplastmexico.com\/web\/?s={search_term_string}"},"query-input":{"@type":"PropertyValueSpecification","valueRequired":true,"valueName":"search_term_string"}}],"inLanguage":"es"},{"@type":"Organization","@id":"https:\/\/tecniplastmexico.com\/web\/#organization","name":"Tecniplast M\u00e9xico - Fabricante de Productos de pl\u00e1stico polipropileno, polietileno y policarbonato, Industrial Hogar Alimentos Restaurantes","url":"https:\/\/tecniplastmexico.com\/web\/","logo":{"@type":"ImageObject","inLanguage":"es","@id":"https:\/\/tecniplastmexico.com\/web\/#\/schema\/logo\/image\/","url":"https:\/\/tecniplastmexico.com\/web\/wp-content\/uploads\/2025\/07\/Logo_tecniplast.png","contentUrl":"https:\/\/tecniplastmexico.com\/web\/wp-content\/uploads\/2025\/07\/Logo_tecniplast.png","width":848,"height":294,"caption":"Tecniplast M\u00e9xico - Fabricante de Productos de pl\u00e1stico polipropileno, polietileno y policarbonato, Industrial Hogar Alimentos Restaurantes"},"image":{"@id":"https:\/\/tecniplastmexico.com\/web\/#\/schema\/logo\/image\/"}}]}},"_links":{"self":[{"href":"https:\/\/tecniplastmexico.com\/web\/wp-json\/wp\/v2\/pages\/1660","targetHints":{"allow":["GET"]}}],"collection":[{"href":"https:\/\/tecniplastmexico.com\/web\/wp-json\/wp\/v2\/pages"}],"about":[{"href":"https:\/\/tecniplastmexico.com\/web\/wp-json\/wp\/v2\/types\/page"}],"author":[{"embeddable":true,"href":"https:\/\/tecniplastmexico.com\/web\/wp-json\/wp\/v2\/users\/1"}],"replies":[{"embeddable":true,"href":"https:\/\/tecniplastmexico.com\/web\/wp-json\/wp\/v2\/comments?post=1660"}],"version-history":[{"count":17,"href":"https:\/\/tecniplastmexico.com\/web\/wp-json\/wp\/v2\/pages\/1660\/revisions"}],"predecessor-version":[{"id":11115,"href":"https:\/\/tecniplastmexico.com\/web\/wp-json\/wp\/v2\/pages\/1660\/revisions\/11115"}],"wp:attachment":[{"href":"https:\/\/tecniplastmexico.com\/web\/wp-json\/wp\/v2\/media?parent=1660"}],"curies":[{"name":"wp","href":"https:\/\/api.w.org\/{rel}","templated":true}]}}