{"id":3,"date":"2025-07-20T18:40:36","date_gmt":"2025-07-20T18:40:36","guid":{"rendered":"https:\/\/tecniplastmexico.com\/web\/?page_id=3"},"modified":"2025-09-21T13:58:51","modified_gmt":"2025-09-21T19:58:51","slug":"aviso-de-privacidad","status":"publish","type":"page","link":"https:\/\/tecniplastmexico.com\/web\/aviso-de-privacidad\/","title":{"rendered":"Aviso de Privacidad"},"content":{"rendered":"\n<p>Tecniplast M\u00e9xico S.A. de C.V., con domicilio en calle Industria del Pl\u00e1stico 2169, colonia Fraccionamiento Industrial Zapopan Norte, ciudad Guadalajara, municipio o delegaci\u00f3n Zapopan, C.P. 45132, en la entidad de Jalisco, pa\u00eds M\u00e9xico, y portal de internet www.tecniplastmexico.com, es el responsable del uso y protecci\u00f3n de sus datos personales, y al respecto le informamos lo siguiente:<\/p>\n\n\n\n<h4 class=\"wp-block-heading\" id=\"h-para-que-fines-utilizaremos-sus-datos-personales\"><strong>\u00bfPara qu\u00e9 fines utilizaremos sus datos personales?<\/strong><\/h4>\n\n\n\n<p>Su informaci\u00f3n personal ser\u00e1 utilizada exclusivamente para las siguientes finalidades:<\/p>\n\n\n\n<p>cotizaci\u00f3n y\/o adquisici\u00f3n de bienes y\/o servicios, para evaluar la calidad de los mismos, para informarle sobre cambios en la empresa y\/o en los bienes y servicios que produce y comercializa, para fines mercadot\u00e9cnicos, publicitarios y\/o de prospecci\u00f3n comercial y para el mantenimiento o cumplimiento de las relaciones jur\u00eddicas derivadas de la adquisici\u00f3n y otras consideradas como sensibles seg\u00fan la Ley Federal de Protecci\u00f3n de Datos Personales en Posesi\u00f3n de los Particulares.<\/p>\n\n\n\n<p>En los t\u00e9rminos de los art\u00edculos 10, fracci\u00f3n IV y 37, fracci\u00f3n VII de la Ley Federal de Protecci\u00f3n de Datos Personales en Posesi\u00f3n de los Particulares y 17 de su Reglamento a la Ley, no se requerir\u00e1 el consentimiento t\u00e1cito o expreso para el tratamiento de los datos personales cuando \u00e9stos deriven de una relaci\u00f3n jur\u00eddica entre Usted y Tecniplast M\u00e9xico, S.A. de C.V.<\/p>\n\n\n\n<h4 class=\"wp-block-heading\" id=\"h-que-datos-personales-utilizaremos-para-estos-fines\"><strong>\u00bfQu\u00e9 datos personales utilizaremos para estos fines?<\/strong><\/h4>\n\n\n\n<p>Para llevar a cabo las finalidades descritas en el presente aviso de privacidad, utilizaremos los siguientes datos personales:<\/p>\n\n\n\n<ul class=\"wp-block-list\">\n<li>Datos de identificaci\u00f3n<\/li>\n\n\n\n<li>Datos de contacto<\/li>\n\n\n\n<li>Datos laborales<\/li>\n<\/ul>\n\n\n\n<p>Le informamos que parte de sus datos personales (como su nombre y direcci\u00f3n de destinatario), necesarios para el env\u00edo de bienes y\/o servicios, podr\u00e1n ser compartidos dentro del pa\u00eds con empresas de paqueter\u00eda seleccionas con prop\u00f3sito \u00fanico de realizar env\u00edos de pedidos efectuados.<\/p>\n\n\n\n<h4 class=\"wp-block-heading\" id=\"h-como-puede-acceder-rectificar-o-cancelar-sus-datos-personales-u-oponerse-a-su-uso\"><strong>\u00bfC\u00f3mo puede acceder, rectificar o cancelar sus datos personales, u oponerse a su uso?<\/strong><\/h4>\n\n\n\n<p>Usted tiene derecho a conocer qu\u00e9 datos personales tenemos de usted, para qu\u00e9 los utilizamos y las condiciones del uso que les damos (Acceso). Asimismo, es su derecho solicitar la correcci\u00f3n de su informaci\u00f3n personal en caso de que est\u00e9 desactualizada, sea inexacta o incompleta (Rectificaci\u00f3n); que la eliminemos de nuestros registros o bases de datos cuando considere que la misma no est\u00e1 siendo utilizada adecuadamente (Cancelaci\u00f3n); as\u00ed como oponerse al uso de sus datos personales para fines espec\u00edficos (Oposici\u00f3n). Estos derechos se conocen como derechos ARCO.<\/p>\n\n\n\n<p>Para el ejercicio de cualquiera de los derechos ARCO, usted deber\u00e1 presentar la solicitud respectiva a trav\u00e9s de un correo electr\u00f3nico (info@tecniplastmexico.com).<\/p>\n\n\n\n<p>Los datos de contacto de la persona o departamento de datos personales, que est\u00e1 a cargo de dar tr\u00e1mite a las solicitudes de derechos ARCO, son los siguientes:<\/p>\n\n\n\n<p>Tecniplast M\u00e9xico, S.A. de C.V.<br>Calle Industria del Pl\u00e1stico 2169, colonia Fraccionamiento Industrial Zapopan Norte, ciudad Guadalajara, municipio o delegaci\u00f3n Zapapan, c.p. 45132, en la entidad de Jalisco, pa\u00eds M\u00e9xico<br>info@tecniplastmexico.com<br>+52 33 36366970<\/p>\n\n\n\n<p>Para conocer dichos procedimientos, los requisitos y plazos, se puede poner en contacto con nuestro departamento de datos personales en nuestro domicilio, al tel\u00e9fono (33)36366970, o v\u00eda correo electr\u00f3nico a info@tecniplastmexico.com.<\/p>\n\n\n\n<p>Usted puede revocar su consentimiento para el uso de sus datos personales<\/p>\n\n\n\n<p>Usted puede revocar el consentimiento que, en su caso, nos haya otorgado para el tratamiento de sus datos personales. Sin embargo, es importante que tenga en cuenta que no en todos los casos podremos atender su solicitud o concluir el uso de forma inmediata, ya que es posible que por alguna obligaci\u00f3n legal requiramos seguir tratando sus datos personales. Asimismo, usted deber\u00e1 considerar que para ciertos fines, la revocaci\u00f3n de su consentimiento implicar\u00e1 que no le podamos seguir prestando el servicio que nos solicit\u00f3, o la conclusi\u00f3n de su relaci\u00f3n con nosotros.<\/p>\n\n\n\n<p>Para revocar su consentimiento deber\u00e1 presentar su solicitud a trav\u00e9s de un correo electr\u00f3nico (info@tecniplastmexico.com).<\/p>\n\n\n\n<p>\u00bfC\u00f3mo puede limitar el uso o divulgaci\u00f3n de su informaci\u00f3n personal?<\/p>\n\n\n\n<p>Con objeto de que usted pueda limitar el uso y divulgaci\u00f3n de su informaci\u00f3n personal, le ofrecemos como medio el contacto a trav\u00e9s de un correo electr\u00f3nico (info@tecniplastmexico.com).<\/p>\n\n\n\n<h4 class=\"wp-block-heading\" id=\"h-el-uso-de-tecnologias-de-rastreo-en-nuestro-portal-de-internet\"><strong>El uso de tecnolog\u00edas de rastreo en nuestro portal de internet<\/strong><\/h4>\n\n\n\n<p>Le informamos que en nuestra p\u00e1gina de internet utilizamos cookies, web beacons u otras tecnolog\u00edas, a trav\u00e9s de las cuales es posible monitorear su comportamiento como usuario de internet, as\u00ed como brindarle un mejor servicio y experiencia al navegar en nuestra p\u00e1gina. Los datos personales que recabamos a trav\u00e9s de estas tecnolog\u00edas, sus usos y fines son descritos a continuaci\u00f3n:<\/p>\n\n\n\n<h4 class=\"wp-block-heading\" id=\"h-cookies\">Cookies<\/h4>\n\n\n\n<p>Si tiene una cuenta y se conecta a este sitio, instalaremos una cookie temporal para determinar si su navegador acepta cookies. Esta cookie no contiene datos personales y se elimina al cerrar el navegador.<\/p>\n\n\n\n<p>Cuando acceda, tambi\u00e9n instalaremos varias cookies para guardar su informaci\u00f3n de acceso y sus opciones de visualizaci\u00f3n de pantalla. Las cookies de acceso duran dos d\u00edas, y las cookies de opciones de pantalla duran un a\u00f1o. Si selecciona \u00abRecu\u00e9rdarme\u00bb, su acceso perdurar\u00e1 durante dos semanas. Si sale de su cuenta, las cookies de acceso se eliminar\u00e1n.<\/p>\n\n\n\n<h4 class=\"wp-block-heading\" id=\"h-contenido-incrustado-de-otros-sitios-web\">Contenido incrustado de otros sitios web<\/h4>\n\n\n\n<p>Los art\u00edculos de este sitio pueden incluir contenido incrustado (por ejemplo, v\u00eddeos, im\u00e1genes, art\u00edculos, etc.). El contenido incrustado de otras p\u00e1ginas web se comporta exactamente de la misma manera que si el visitante hubiera visitado la otra p\u00e1gina web.<\/p>\n\n\n\n<p>Estas p\u00e1ginas web pueden recopilar datos sobre usted, utilizar cookies, incrustar un seguimiento adicional de terceros, y supervisar su interacci\u00f3n con ese contenido incrustado, incluido el seguimiento de su interacci\u00f3n con el contenido incrustado si tiene una cuenta y est\u00e1 conectado a esa.<\/p>\n\n\n\n<h4 class=\"wp-block-heading\" id=\"h-datos-personales-del-perfil-de-usuario\">Datos personales del perfil de usuario<\/h4>\n\n\n\n<p>De los usuarios que se registran en nuestra p\u00e1gina web, tambi\u00e9n almacenamos la informaci\u00f3n personal que proporcionan en su perfil de usuario. Todos los usuarios pueden ver, editar o eliminar su informaci\u00f3n personal en cualquier momento (excepto que no pueden cambiar su nombre de usuario). Los administradores de la web tambi\u00e9n pueden ver y editar esa informaci\u00f3n.<\/p>\n\n\n\n<h4 class=\"wp-block-heading\" id=\"h-que-derechos-tiene-sobre-sus-datos\">\u00bfQu\u00e9 derechos tiene sobre sus datos?<\/h4>\n\n\n\n<p>Si tiene una cuenta o ha dejado comentarios en esta p\u00e1gina web, puede solicitar recibir informaci\u00f3n sobre los datos personales que tenemos sobre usted, incluyendo cualquier dato que nos haya proporcionado. Tambi\u00e9n puede solicitar que eliminemos cualquier dato personal que tengamos sobre usted. Esto no incluye ning\u00fan dato que estemos obligados a conservar con fines administrativos, legales o de seguridad.<\/p>\n\n\n\n<h4 class=\"wp-block-heading\" id=\"h-tienda-en-linea\">Tienda en l\u00ednea<\/h4>\n\n\n\n<p>Recopilamos informaci\u00f3n sobre usted durante el proceso de pago en nuestra tienda en l\u00ednea.<\/p>\n\n\n\n<p>Mientras visita nuestro sitio realizaremos el seguimiento de:<\/p>\n\n\n\n<ul class=\"wp-block-list\">\n<li>Los productos que ha visto: usaremos esto para, por ejemplo, mostrarte productos que ha visto recientemente<\/li>\n\n\n\n<li>Ubicaci\u00f3n, direcci\u00f3n IP y tipo de navegador: usaremos esto para prop\u00f3sitos como estimar impuestos y costes de env\u00edo<\/li>\n\n\n\n<li>Direcci\u00f3n de env\u00edo: le pediremos que nos facilite esto para que podamos, por ejemplo, estimar el coste del env\u00edo antes de que haga un pedido.<\/li>\n<\/ul>\n\n\n\n<p>Tambi\u00e9n usamos cookies para realizar el seguimiento de los contenidos del carrito mientras navega por nuestro sitio.<\/p>\n\n\n\n<p>Cuando nos compra o pida cotizar productos le pedimos que nos facilite informaci\u00f3n que incluye su nombre, direcci\u00f3n de facturaci\u00f3n, direcci\u00f3n de env\u00edo, direcci\u00f3n de correo electr\u00f3nico, n\u00famero de tel\u00e9fono, en respectivos caso detalles de la tarjeta de cr\u00e9dito\/pago e informaci\u00f3n adicional opcional como el nombre de usuario y la contrase\u00f1a. Usaremos esta informaci\u00f3n para prop\u00f3sitos como:<\/p>\n\n\n\n<ul class=\"wp-block-list\">\n<li>Enviarle informaci\u00f3n sobre su cuenta y pedido<\/li>\n\n\n\n<li>Responder a sus solicitudes, incluidos reembolsos y reclamaciones<\/li>\n\n\n\n<li>Procesar pagos y evitar el fraude<\/li>\n\n\n\n<li>Configurar su cuenta para nuestra tienda<\/li>\n\n\n\n<li>Cumplir con cualquier obligaci\u00f3n legal que tengamos, como c\u00e1lculos de impuestos<\/li>\n\n\n\n<li>Mejorar las ofertas de nuestra tienda<\/li>\n\n\n\n<li>Enviarle mensajes promocionales, si elige recibirlos<\/li>\n<\/ul>\n\n\n\n<p>Si crea una cuenta almacenaremos su nombre, direcci\u00f3n, correo electr\u00f3nico y n\u00famero de tel\u00e9fono, lo que usaremos para el proceso de pago y futuros pedidos.<\/p>\n\n\n\n<p>Normalmente almacenamos informaci\u00f3n sobre usted durante el tiempo que necesitemos la informaci\u00f3n para los prop\u00f3sitos para los que la recopilamos y usamos, y no estemos legalmente obligados a seguir guard\u00e1ndola.<\/p>\n\n\n\n<p>Los miembros de nuestro equipo tienen acceso a la informaci\u00f3n que nos ofrece. Por ejemplo, los administradores y gestores de tienda pueden acceder:<\/p>\n\n\n\n<ul class=\"wp-block-list\">\n<li>La informaci\u00f3n de pedidos, como qu\u00e9 se compr\u00f3, cu\u00e1ndo se compr\u00f3 y d\u00f3nde se deber\u00eda enviar,<\/li>\n\n\n\n<li>la informaci\u00f3n de cliente, como su nombre, direcci\u00f3n de correo electr\u00f3nico, y la informaci\u00f3n de facturaci\u00f3n y env\u00edo.<\/li>\n<\/ul>\n\n\n\n<p>Los miembros de nuestro equipo tienen acceso a esta informaci\u00f3n para ayudar a completar pedidos, procesar reembolsos y darte soporte.<\/p>\n\n\n\n<h4 class=\"wp-block-heading\" id=\"h-como-puede-conocer-los-cambios-en-este-aviso-de-privacidad\"><strong>\u00bfC\u00f3mo puede conocer los cambios en este aviso de privacidad?<\/strong><\/h4>\n\n\n\n<p>El presente aviso de privacidad puede sufrir modificaciones, cambios o actualizaciones derivadas de nuevos requerimientos legales; de nuestras propias necesidades por los productos o servicios que ofrecemos; de nuestras pr\u00e1cticas de privacidad; de cambios en nuestro modelo de negocio, o por otras causas.<\/p>\n\n\n\n<p>Nos comprometemos a mantenerlo informado sobre los cambios que pueda sufrir el presente aviso de privacidad, a trav\u00e9s de nuestra p\u00e1gina de internet. El procedimiento a trav\u00e9s del cual se llevar\u00e1n a cabo las notificaciones sobre cambios o actualizaciones al presente podr\u00e1 consultarlo en nuestra p\u00e1gina de internet: http:\/\/www.tecniplastmexico.com.<\/p>\n\n\n\n<p>Este aviso de privacidad fue actualizado por \u00faltima vez el 30 de abril del 2020.<\/p>\n\n\n\n<p><\/p>\n","protected":false},"excerpt":{"rendered":"<p>Tecniplast M\u00e9xico S.A. de C.V., con domicilio en calle Industria del Pl\u00e1stico 2169, colonia Fraccionamiento Industrial Zapopan Norte, ciudad Guadalajara, municipio o delegaci\u00f3n Zapopan, C.P. 45132, en la entidad de Jalisco, pa\u00eds M\u00e9xico, y portal de internet www.tecniplastmexico.com, es el responsable del uso y protecci\u00f3n de sus datos personales, y al respecto le informamos lo &hellip; <a href=\"https:\/\/tecniplastmexico.com\/web\/aviso-de-privacidad\/\" class=\"more-link\">Continue reading <span class=\"screen-reader-text\">Aviso de Privacidad<\/span><\/a><\/p>\n","protected":false},"author":1,"featured_media":0,"parent":0,"menu_order":0,"comment_status":"closed","ping_status":"open","template":"","meta":{"footnotes":""},"class_list":["post-3","page","type-page","status-publish","hentry"],"yoast_head":"<!-- This site is optimized with the Yoast SEO Premium plugin v25.5 (Yoast SEO v27.0) - https:\/\/yoast.com\/product\/yoast-seo-premium-wordpress\/ -->\n<title>Aviso de Privacidad - Tecniplast M\u00e9xico - Fabricante de Productos de pl\u00e1stico polipropileno, polietileno y policarbonato, Industrial Hogar Alimentos Restaurantes<\/title>\n<meta name=\"description\" content=\"Aviso de privacidad de nuestro sitio web Tecniplast M\u00e9xico. Conozca como manjeamos y almacenamos sus datos personales en nuestro sitio.\" \/>\n<meta name=\"robots\" content=\"index, follow, max-snippet:-1, max-image-preview:large, max-video-preview:-1\" \/>\n<link rel=\"canonical\" href=\"https:\/\/tecniplastmexico.com\/web\/aviso-de-privacidad\/\" \/>\n<meta property=\"og:locale\" content=\"es_MX\" \/>\n<meta property=\"og:type\" content=\"article\" \/>\n<meta property=\"og:title\" content=\"Aviso de Privacidad\" \/>\n<meta property=\"og:description\" content=\"Aviso de privacidad de nuestro sitio web Tecniplast M\u00e9xico. Conozca como manjeamos y almacenamos sus datos personales en nuestro sitio.\" \/>\n<meta property=\"og:url\" content=\"https:\/\/tecniplastmexico.com\/web\/aviso-de-privacidad\/\" \/>\n<meta property=\"og:site_name\" content=\"Tecniplast M\u00e9xico - Fabricante de Productos de pl\u00e1stico polipropileno, polietileno y policarbonato, Industrial Hogar Alimentos Restaurantes\" \/>\n<meta property=\"article:modified_time\" content=\"2025-09-21T19:58:51+00:00\" \/>\n<meta name=\"twitter:card\" content=\"summary_large_image\" \/>\n<meta name=\"twitter:label1\" content=\"Tiempo de lectura\" \/>\n\t<meta name=\"twitter:data1\" content=\"7 minutos\" \/>\n<script type=\"application\/ld+json\" class=\"yoast-schema-graph\">{\"@context\":\"https:\/\/schema.org\",\"@graph\":[{\"@type\":\"WebPage\",\"@id\":\"https:\/\/tecniplastmexico.com\/web\/aviso-de-privacidad\/\",\"url\":\"https:\/\/tecniplastmexico.com\/web\/aviso-de-privacidad\/\",\"name\":\"Aviso de Privacidad - Tecniplast M\u00e9xico - Fabricante de Productos de pl\u00e1stico polipropileno, polietileno y policarbonato, Industrial Hogar Alimentos Restaurantes\",\"isPartOf\":{\"@id\":\"https:\/\/tecniplastmexico.com\/web\/#website\"},\"datePublished\":\"2025-07-20T18:40:36+00:00\",\"dateModified\":\"2025-09-21T19:58:51+00:00\",\"description\":\"Aviso de privacidad de nuestro sitio web Tecniplast M\u00e9xico. Conozca como manjeamos y almacenamos sus datos personales en nuestro sitio.\",\"breadcrumb\":{\"@id\":\"https:\/\/tecniplastmexico.com\/web\/aviso-de-privacidad\/#breadcrumb\"},\"inLanguage\":\"es\",\"potentialAction\":[{\"@type\":\"ReadAction\",\"target\":[\"https:\/\/tecniplastmexico.com\/web\/aviso-de-privacidad\/\"]}]},{\"@type\":\"BreadcrumbList\",\"@id\":\"https:\/\/tecniplastmexico.com\/web\/aviso-de-privacidad\/#breadcrumb\",\"itemListElement\":[{\"@type\":\"ListItem\",\"position\":1,\"name\":\"Inicio\",\"item\":\"https:\/\/tecniplastmexico.com\/web\/\"},{\"@type\":\"ListItem\",\"position\":2,\"name\":\"Aviso de Privacidad\"}]},{\"@type\":\"WebSite\",\"@id\":\"https:\/\/tecniplastmexico.com\/web\/#website\",\"url\":\"https:\/\/tecniplastmexico.com\/web\/\",\"name\":\"Tecniplast M\u00e9xico - Fabricante de Productos de pl\u00e1stico polipropileno, polietileno y policarbonato, Industrial Hogar Alimentos Restaurantes\",\"description\":\"Fabricante de Productos de pl\u00e1stico polipropileno, polietileno y policarbonato, Industrial Hogar Alimentos Restaurantes\",\"publisher\":{\"@id\":\"https:\/\/tecniplastmexico.com\/web\/#organization\"},\"potentialAction\":[{\"@type\":\"SearchAction\",\"target\":{\"@type\":\"EntryPoint\",\"urlTemplate\":\"https:\/\/tecniplastmexico.com\/web\/?s={search_term_string}\"},\"query-input\":{\"@type\":\"PropertyValueSpecification\",\"valueRequired\":true,\"valueName\":\"search_term_string\"}}],\"inLanguage\":\"es\"},{\"@type\":\"Organization\",\"@id\":\"https:\/\/tecniplastmexico.com\/web\/#organization\",\"name\":\"Tecniplast M\u00e9xico - Fabricante de Productos de pl\u00e1stico polipropileno, polietileno y policarbonato, Industrial Hogar Alimentos Restaurantes\",\"url\":\"https:\/\/tecniplastmexico.com\/web\/\",\"logo\":{\"@type\":\"ImageObject\",\"inLanguage\":\"es\",\"@id\":\"https:\/\/tecniplastmexico.com\/web\/#\/schema\/logo\/image\/\",\"url\":\"https:\/\/tecniplastmexico.com\/web\/wp-content\/uploads\/2025\/07\/Logo_tecniplast.png\",\"contentUrl\":\"https:\/\/tecniplastmexico.com\/web\/wp-content\/uploads\/2025\/07\/Logo_tecniplast.png\",\"width\":848,\"height\":294,\"caption\":\"Tecniplast M\u00e9xico - Fabricante de Productos de pl\u00e1stico polipropileno, polietileno y policarbonato, Industrial Hogar Alimentos Restaurantes\"},\"image\":{\"@id\":\"https:\/\/tecniplastmexico.com\/web\/#\/schema\/logo\/image\/\"}}]}<\/script>\n<!-- \/ Yoast SEO Premium plugin. -->","yoast_head_json":{"title":"Aviso de Privacidad - Tecniplast M\u00e9xico - Fabricante de Productos de pl\u00e1stico polipropileno, polietileno y policarbonato, Industrial Hogar Alimentos Restaurantes","description":"Aviso de privacidad de nuestro sitio web Tecniplast M\u00e9xico. Conozca como manjeamos y almacenamos sus datos personales en nuestro sitio.","robots":{"index":"index","follow":"follow","max-snippet":"max-snippet:-1","max-image-preview":"max-image-preview:large","max-video-preview":"max-video-preview:-1"},"canonical":"https:\/\/tecniplastmexico.com\/web\/aviso-de-privacidad\/","og_locale":"es_MX","og_type":"article","og_title":"Aviso de Privacidad","og_description":"Aviso de privacidad de nuestro sitio web Tecniplast M\u00e9xico. Conozca como manjeamos y almacenamos sus datos personales en nuestro sitio.","og_url":"https:\/\/tecniplastmexico.com\/web\/aviso-de-privacidad\/","og_site_name":"Tecniplast M\u00e9xico - Fabricante de Productos de pl\u00e1stico polipropileno, polietileno y policarbonato, Industrial Hogar Alimentos Restaurantes","article_modified_time":"2025-09-21T19:58:51+00:00","twitter_card":"summary_large_image","twitter_misc":{"Tiempo de lectura":"7 minutos"},"schema":{"@context":"https:\/\/schema.org","@graph":[{"@type":"WebPage","@id":"https:\/\/tecniplastmexico.com\/web\/aviso-de-privacidad\/","url":"https:\/\/tecniplastmexico.com\/web\/aviso-de-privacidad\/","name":"Aviso de Privacidad - Tecniplast M\u00e9xico - Fabricante de Productos de pl\u00e1stico polipropileno, polietileno y policarbonato, Industrial Hogar Alimentos Restaurantes","isPartOf":{"@id":"https:\/\/tecniplastmexico.com\/web\/#website"},"datePublished":"2025-07-20T18:40:36+00:00","dateModified":"2025-09-21T19:58:51+00:00","description":"Aviso de privacidad de nuestro sitio web Tecniplast M\u00e9xico. Conozca como manjeamos y almacenamos sus datos personales en nuestro sitio.","breadcrumb":{"@id":"https:\/\/tecniplastmexico.com\/web\/aviso-de-privacidad\/#breadcrumb"},"inLanguage":"es","potentialAction":[{"@type":"ReadAction","target":["https:\/\/tecniplastmexico.com\/web\/aviso-de-privacidad\/"]}]},{"@type":"BreadcrumbList","@id":"https:\/\/tecniplastmexico.com\/web\/aviso-de-privacidad\/#breadcrumb","itemListElement":[{"@type":"ListItem","position":1,"name":"Inicio","item":"https:\/\/tecniplastmexico.com\/web\/"},{"@type":"ListItem","position":2,"name":"Aviso de Privacidad"}]},{"@type":"WebSite","@id":"https:\/\/tecniplastmexico.com\/web\/#website","url":"https:\/\/tecniplastmexico.com\/web\/","name":"Tecniplast M\u00e9xico - Fabricante de Productos de pl\u00e1stico polipropileno, polietileno y policarbonato, Industrial Hogar Alimentos Restaurantes","description":"Fabricante de Productos de pl\u00e1stico polipropileno, polietileno y policarbonato, Industrial Hogar Alimentos Restaurantes","publisher":{"@id":"https:\/\/tecniplastmexico.com\/web\/#organization"},"potentialAction":[{"@type":"SearchAction","target":{"@type":"EntryPoint","urlTemplate":"https:\/\/tecniplastmexico.com\/web\/?s={search_term_string}"},"query-input":{"@type":"PropertyValueSpecification","valueRequired":true,"valueName":"search_term_string"}}],"inLanguage":"es"},{"@type":"Organization","@id":"https:\/\/tecniplastmexico.com\/web\/#organization","name":"Tecniplast M\u00e9xico - Fabricante de Productos de pl\u00e1stico polipropileno, polietileno y policarbonato, Industrial Hogar Alimentos Restaurantes","url":"https:\/\/tecniplastmexico.com\/web\/","logo":{"@type":"ImageObject","inLanguage":"es","@id":"https:\/\/tecniplastmexico.com\/web\/#\/schema\/logo\/image\/","url":"https:\/\/tecniplastmexico.com\/web\/wp-content\/uploads\/2025\/07\/Logo_tecniplast.png","contentUrl":"https:\/\/tecniplastmexico.com\/web\/wp-content\/uploads\/2025\/07\/Logo_tecniplast.png","width":848,"height":294,"caption":"Tecniplast M\u00e9xico - Fabricante de Productos de pl\u00e1stico polipropileno, polietileno y policarbonato, Industrial Hogar Alimentos Restaurantes"},"image":{"@id":"https:\/\/tecniplastmexico.com\/web\/#\/schema\/logo\/image\/"}}]}},"_links":{"self":[{"href":"https:\/\/tecniplastmexico.com\/web\/wp-json\/wp\/v2\/pages\/3","targetHints":{"allow":["GET"]}}],"collection":[{"href":"https:\/\/tecniplastmexico.com\/web\/wp-json\/wp\/v2\/pages"}],"about":[{"href":"https:\/\/tecniplastmexico.com\/web\/wp-json\/wp\/v2\/types\/page"}],"author":[{"embeddable":true,"href":"https:\/\/tecniplastmexico.com\/web\/wp-json\/wp\/v2\/users\/1"}],"replies":[{"embeddable":true,"href":"https:\/\/tecniplastmexico.com\/web\/wp-json\/wp\/v2\/comments?post=3"}],"version-history":[{"count":3,"href":"https:\/\/tecniplastmexico.com\/web\/wp-json\/wp\/v2\/pages\/3\/revisions"}],"predecessor-version":[{"id":11049,"href":"https:\/\/tecniplastmexico.com\/web\/wp-json\/wp\/v2\/pages\/3\/revisions\/11049"}],"wp:attachment":[{"href":"https:\/\/tecniplastmexico.com\/web\/wp-json\/wp\/v2\/media?parent=3"}],"curies":[{"name":"wp","href":"https:\/\/api.w.org\/{rel}","templated":true}]}}