{"id":531,"date":"2016-06-15T00:24:04","date_gmt":"2016-06-15T00:24:04","guid":{"rendered":"http:\/\/demo.thembay.com\/megabuy2\/?page_id=531"},"modified":"2026-02-06T09:41:19","modified_gmt":"2026-02-06T15:41:19","slug":"acerca-de-nosotros","status":"publish","type":"page","link":"https:\/\/tecniplastmexico.com\/web\/acerca-de-nosotros\/","title":{"rendered":"Nosotros"},"content":{"rendered":"\t\t<div data-elementor-type=\"wp-page\" data-elementor-id=\"531\" class=\"elementor elementor-531\" data-elementor-post-type=\"page\">\n\t\t\t\t<div class=\"elementor-element elementor-element-6817b8e2 e-flex e-con-boxed e-con e-parent\" data-id=\"6817b8e2\" data-element_type=\"container\" data-e-type=\"container\">\n\t\t\t\t\t<div class=\"e-con-inner\">\n\t\t\t\t<div class=\"elementor-element elementor-element-0c7d213 elementor-arrows-position-inside elementor-pagination-position-outside elementor-widget elementor-widget-image-carousel\" data-id=\"0c7d213\" data-element_type=\"widget\" data-e-type=\"widget\" data-settings=\"{&quot;slides_to_show&quot;:&quot;1&quot;,&quot;navigation&quot;:&quot;both&quot;,&quot;autoplay&quot;:&quot;yes&quot;,&quot;pause_on_hover&quot;:&quot;yes&quot;,&quot;pause_on_interaction&quot;:&quot;yes&quot;,&quot;autoplay_speed&quot;:5000,&quot;infinite&quot;:&quot;yes&quot;,&quot;effect&quot;:&quot;slide&quot;,&quot;speed&quot;:500}\" data-widget_type=\"image-carousel.default\">\n\t\t\t\t\t\t\t<div class=\"elementor-image-carousel-wrapper swiper\" role=\"region\" aria-roledescription=\"carousel\" aria-label=\"Carrusel de Im\u00e1genes\" dir=\"ltr\">\n\t\t\t<div class=\"elementor-image-carousel swiper-wrapper swiper-image-stretch\" aria-live=\"off\">\n\t\t\t\t\t\t\t\t<div class=\"swiper-slide\" role=\"group\" aria-roledescription=\"slide\" aria-label=\"1 de 10\"><figure class=\"swiper-slide-inner\"><img decoding=\"async\" class=\"swiper-slide-image\" src=\"https:\/\/tecniplastmexico.com\/web\/wp-content\/uploads\/2026\/01\/WhatsApp-Image-2025-02-08-at-9.14.34-AM-1.jpeg\" alt=\"PLACA DE CORTE INDUSTRIAL Y PROCESO DE ALIMENTOS PEAD\" \/><\/figure><\/div><div class=\"swiper-slide\" role=\"group\" aria-roledescription=\"slide\" aria-label=\"2 de 10\"><figure class=\"swiper-slide-inner\"><img decoding=\"async\" class=\"swiper-slide-image\" src=\"https:\/\/tecniplastmexico.com\/web\/wp-content\/uploads\/2026\/01\/Diana-Torres-1-1.png\" alt=\"PLACA REDONDA POLIPROPILENO DE ALTO IMPACTO\" \/><\/figure><\/div><div class=\"swiper-slide\" role=\"group\" aria-roledescription=\"slide\" aria-label=\"3 de 10\"><figure class=\"swiper-slide-inner\"><img decoding=\"async\" class=\"swiper-slide-image\" src=\"https:\/\/tecniplastmexico.com\/web\/wp-content\/uploads\/2026\/01\/WhatsApp-Image-2026-01-15-at-10.49.32-AM.jpeg\" alt=\"CUBETAS POLIPROPILENO\" \/><\/figure><\/div><div class=\"swiper-slide\" role=\"group\" aria-roledescription=\"slide\" aria-label=\"4 de 10\"><figure class=\"swiper-slide-inner\"><img decoding=\"async\" class=\"swiper-slide-image\" src=\"https:\/\/tecniplastmexico.com\/web\/wp-content\/uploads\/2026\/01\/WhatsApp-Image-2026-01-15-at-10.01.42-AM-1.jpeg\" alt=\"CUCHARAS POLIPRPILENO\" \/><\/figure><\/div><div class=\"swiper-slide\" role=\"group\" aria-roledescription=\"slide\" aria-label=\"5 de 10\"><figure class=\"swiper-slide-inner\"><img decoding=\"async\" class=\"swiper-slide-image\" src=\"https:\/\/tecniplastmexico.com\/web\/wp-content\/uploads\/2026\/01\/Diana-Torres-5.png\" alt=\"CHAROLA CON 3 DIVISIONES POLIPROPILENO 1329\" \/><\/figure><\/div><div class=\"swiper-slide\" role=\"group\" aria-roledescription=\"slide\" aria-label=\"6 de 10\"><figure class=\"swiper-slide-inner\"><img decoding=\"async\" class=\"swiper-slide-image\" src=\"https:\/\/tecniplastmexico.com\/web\/wp-content\/uploads\/2026\/01\/WhatsApp-Image-2026-01-15-at-10.01.42-AM.jpeg\" alt=\"TENEDORES POLIPROPILENO 4004\" \/><\/figure><\/div><div class=\"swiper-slide\" role=\"group\" aria-roledescription=\"slide\" aria-label=\"7 de 10\"><figure class=\"swiper-slide-inner\"><img decoding=\"async\" class=\"swiper-slide-image\" src=\"https:\/\/tecniplastmexico.com\/web\/wp-content\/uploads\/2026\/01\/Diana-Torres-2-2.png\" alt=\"BOWL ESNALADA POLIPROPILENO\" \/><\/figure><\/div><div class=\"swiper-slide\" role=\"group\" aria-roledescription=\"slide\" aria-label=\"8 de 10\"><figure class=\"swiper-slide-inner\"><img decoding=\"async\" class=\"swiper-slide-image\" src=\"https:\/\/tecniplastmexico.com\/web\/wp-content\/uploads\/2026\/01\/WhatsApp-Image-2024-07-08-at-3.22.47-PM-1.jpeg\" alt=\"BOTE DE BASURA POLIPROPILENO COLORES 1458\" \/><\/figure><\/div><div class=\"swiper-slide\" role=\"group\" aria-roledescription=\"slide\" aria-label=\"9 de 10\"><figure class=\"swiper-slide-inner\"><img decoding=\"async\" class=\"swiper-slide-image\" src=\"https:\/\/tecniplastmexico.com\/web\/wp-content\/uploads\/2026\/02\/WhatsApp-Image-2026-02-06-at-9.39.21-AM.jpeg\" alt=\"LINEA RESTAURANTERA POLICARBONATO\" \/><\/figure><\/div><div class=\"swiper-slide\" role=\"group\" aria-roledescription=\"slide\" aria-label=\"10 de 10\"><figure class=\"swiper-slide-inner\"><img decoding=\"async\" class=\"swiper-slide-image\" src=\"https:\/\/tecniplastmexico.com\/web\/wp-content\/uploads\/2026\/01\/Diana-Torres-2-1.png\" alt=\"CANASTA PANERA TRENZADA POLIPROPILENO 1570\" \/><\/figure><\/div>\t\t\t<\/div>\n\t\t\t\t\t\t\t\t\t\t\t\t<div class=\"elementor-swiper-button elementor-swiper-button-prev\" role=\"button\" tabindex=\"0\">\n\t\t\t\t\t\t<svg aria-hidden=\"true\" class=\"e-font-icon-svg e-eicon-chevron-left\" viewBox=\"0 0 1000 1000\" xmlns=\"http:\/\/www.w3.org\/2000\/svg\"><path d=\"M646 125C629 125 613 133 604 142L308 442C296 454 292 471 292 487 292 504 296 521 308 533L604 854C617 867 629 875 646 875 663 875 679 871 692 858 704 846 713 829 713 812 713 796 708 779 692 767L438 487 692 225C700 217 708 204 708 187 708 171 704 154 692 142 675 129 663 125 646 125Z\"><\/path><\/svg>\t\t\t\t\t<\/div>\n\t\t\t\t\t<div class=\"elementor-swiper-button elementor-swiper-button-next\" role=\"button\" tabindex=\"0\">\n\t\t\t\t\t\t<svg aria-hidden=\"true\" class=\"e-font-icon-svg e-eicon-chevron-right\" viewBox=\"0 0 1000 1000\" xmlns=\"http:\/\/www.w3.org\/2000\/svg\"><path d=\"M696 533C708 521 713 504 713 487 713 471 708 454 696 446L400 146C388 133 375 125 354 125 338 125 325 129 313 142 300 154 292 171 292 187 292 204 296 221 308 233L563 492 304 771C292 783 288 800 288 817 288 833 296 850 308 863 321 871 338 875 354 875 371 875 388 867 400 854L696 533Z\"><\/path><\/svg>\t\t\t\t\t<\/div>\n\t\t\t\t\n\t\t\t\t\t\t\t\t\t<div class=\"swiper-pagination\"><\/div>\n\t\t\t\t\t\t\t\t\t<\/div>\n\t\t\t\t\t\t<\/div>\n\t\t\t\t<div class=\"elementor-element elementor-element-3ecdf6de elementor-widget elementor-widget-text-editor\" data-id=\"3ecdf6de\" data-element_type=\"widget\" data-e-type=\"widget\" data-widget_type=\"text-editor.default\">\n\t\t\t\t\t\t\t\t\t\n<h6>SOBRE NOSOTROS<\/h6>\n<p>Tecniplast M\u00e9xico nace en 1995 de una asociaci\u00f3n M\u00e9xico \u2013 Alemana con la compa\u00f1\u00eda Stettler Kunststoffverarbeitung.<\/p>\n\n<p style=\"text-align: left\">En la actualidad operamos aut\u00f3nomamente; pero siempre bajo la asesor\u00eda y los est\u00e1ndares de calidad que exigen las normas internacionales y especialmente las de la Uni\u00f3n Europea.<\/p>\n\n<div class=\"wp-block-columns is-layout-flex wp-container-core-columns-is-layout-9d6595d7 wp-block-columns-is-layout-flex\">\n<div class=\"wp-block-column is-layout-flow wp-block-column-is-layout-flow\">\n<figure class=\"wp-block-image size-full\"><a href=\"https:\/\/tecniplastmexico.com\/web\/wp-content\/uploads\/2026\/01\/WhatsApp-Image-2026-01-16-at-11.32.03-AM.jpeg\"><img fetchpriority=\"high\" decoding=\"async\" class=\"wp-image-11641 size-medium aligncenter\" src=\"https:\/\/tecniplastmexico.com\/web\/wp-content\/uploads\/2026\/01\/WhatsApp-Image-2026-01-16-at-11.32.03-AM-330x330.jpeg\" alt=\"\" width=\"330\" height=\"330\" \/><\/a><\/figure>\n<\/div>\n\n<div class=\"wp-block-column is-layout-flow wp-block-column-is-layout-flow\">\n<p>Para Tecniplast M\u00e9xico, la mejora constante de los procesos es elemento esencial para ofrecer mayor PRECISI\u00d3N, RESISTENCIA, DURABILIDAD, y forma parte parte de nuestra filosof\u00eda de calidad.<\/p>\n\n<p>Esta mejora permanente incluye tambi\u00e9n la innovaci\u00f3n, dise\u00f1o de nuevas piezas, calidad en el servicio y atenci\u00f3n al cliente.<\/p>\n\n<p>En todas nuestras piezas, ya sean de nuestra l\u00ednea de productos, placas, as\u00ed como en piezas especiales utilizamos materias primas de alta calidad y resistencia.<\/p>\n\n<p>Los materiales que utilizamos son expuestos constantemente a pruebas en nuestro departamento de control de calidad para ofrecer \u201cirresistible versatilidad que lo resiste todo\u201d.<\/p>\n<\/div>\n<\/div>\n\n<div class=\"wp-block-spacer\" style=\"height: 50px\" aria-hidden=\"true\">\u00a0<\/div>\n\n<div class=\"wp-block-buttons is-content-justification-center is-layout-flex wp-container-core-buttons-is-layout-16018d1d wp-block-buttons-is-layout-flex\">\n<div class=\"wp-block-button is-style-outline is-style-outline--2\" style=\"text-align: center\"><a class=\"wp-block-button__link has-white-color has-vivid-green-cyan-background-color has-text-color has-background has-link-color has-medium-font-size has-text-align-center has-custom-font-size wp-element-button\" style=\"border-radius: 20px\" href=\"https:\/\/tecniplastmexico.com\/web\/index.php\/product-categories-elements\/\">\u00a1Descubre nuestros productos!<\/a><\/div>\n<\/div>\n\n<p class=\"has-text-align-center\">Ofrecemos una amplia variedad de vasos, platos, charolas, art\u00edculos para el hogar en diferentes tama\u00f1os, colores y materiales\u2026<\/p>\n\n<p>\u00a0<\/p>\n\t\t\t\t\t\t\t\t<\/div>\n\t\t\t\t\t<\/div>\n\t\t\t\t<\/div>\n\t\t<div class=\"elementor-element elementor-element-98b777c e-flex e-con-boxed e-con e-parent\" data-id=\"98b777c\" data-element_type=\"container\" data-e-type=\"container\">\n\t\t\t\t\t<div class=\"e-con-inner\">\n\t\t\t\t<div class=\"elementor-element elementor-element-b92dd4f elementor-widget__width-inherit elementor-widget elementor-widget-spacer\" data-id=\"b92dd4f\" data-element_type=\"widget\" data-e-type=\"widget\" data-widget_type=\"spacer.default\">\n\t\t\t\t\t\t\t<div class=\"elementor-spacer\">\n\t\t\t<div class=\"elementor-spacer-inner\"><\/div>\n\t\t<\/div>\n\t\t\t\t\t\t<\/div>\n\t\t\t\t\t<\/div>\n\t\t\t\t<\/div>\n\t\t<div class=\"elementor-element elementor-element-e3994d3 e-flex e-con-boxed e-con e-parent\" data-id=\"e3994d3\" data-element_type=\"container\" data-e-type=\"container\">\n\t\t\t\t\t<div class=\"e-con-inner\">\n\t\t\t\t\t<\/div>\n\t\t\t\t<\/div>\n\t\t\t\t<\/div>\n\t\t","protected":false},"excerpt":{"rendered":"<p>SOBRE NOSOTROS Tecniplast M\u00e9xico nace en 1995 de una asociaci\u00f3n M\u00e9xico \u2013 Alemana con la compa\u00f1\u00eda Stettler Kunststoffverarbeitung. En la actualidad operamos aut\u00f3nomamente; pero siempre bajo la asesor\u00eda y los est\u00e1ndares de calidad que exigen las normas internacionales y especialmente las de la Uni\u00f3n Europea. Para Tecniplast M\u00e9xico, la mejora constante de los procesos es &hellip; <a href=\"https:\/\/tecniplastmexico.com\/web\/acerca-de-nosotros\/\" class=\"more-link\">Continue reading <span class=\"screen-reader-text\">Nosotros<\/span><\/a><\/p>\n","protected":false},"author":1,"featured_media":0,"parent":0,"menu_order":0,"comment_status":"closed","ping_status":"closed","template":"","meta":{"footnotes":""},"class_list":["post-531","page","type-page","status-publish","hentry"],"yoast_head":"<!-- This site is optimized with the Yoast SEO Premium plugin v25.5 (Yoast SEO v27.0) - https:\/\/yoast.com\/product\/yoast-seo-premium-wordpress\/ -->\n<title>Nosotros - Tecniplast M\u00e9xico - Fabricante de Productos de pl\u00e1stico polipropileno, polietileno y policarbonato, Industrial Hogar Alimentos Restaurantes<\/title>\n<meta name=\"robots\" content=\"index, follow, max-snippet:-1, max-image-preview:large, max-video-preview:-1\" \/>\n<link rel=\"canonical\" href=\"https:\/\/tecniplastmexico.com\/web\/acerca-de-nosotros\/\" \/>\n<meta property=\"og:locale\" content=\"es_MX\" \/>\n<meta property=\"og:type\" content=\"article\" \/>\n<meta property=\"og:title\" content=\"Nosotros\" \/>\n<meta property=\"og:description\" content=\"SOBRE NOSOTROS Tecniplast M\u00e9xico nace en 1995 de una asociaci\u00f3n M\u00e9xico \u2013 Alemana con la compa\u00f1\u00eda Stettler Kunststoffverarbeitung. En la actualidad operamos aut\u00f3nomamente; pero siempre bajo la asesor\u00eda y los est\u00e1ndares de calidad que exigen las normas internacionales y especialmente las de la Uni\u00f3n Europea. Para Tecniplast M\u00e9xico, la mejora constante de los procesos es &hellip; Continue reading Nosotros\" \/>\n<meta property=\"og:url\" content=\"https:\/\/tecniplastmexico.com\/web\/acerca-de-nosotros\/\" \/>\n<meta property=\"og:site_name\" content=\"Tecniplast M\u00e9xico - Fabricante de Productos de pl\u00e1stico polipropileno, polietileno y policarbonato, Industrial Hogar Alimentos Restaurantes\" \/>\n<meta property=\"article:modified_time\" content=\"2026-02-06T15:41:19+00:00\" \/>\n<meta property=\"og:image\" content=\"https:\/\/tecniplastmexico.com\/web\/wp-content\/uploads\/2026\/01\/WhatsApp-Image-2025-02-08-at-9.14.34-AM-1.jpeg\" \/>\n<meta name=\"twitter:card\" content=\"summary_large_image\" \/>\n<meta name=\"twitter:label1\" content=\"Tiempo de lectura\" \/>\n\t<meta name=\"twitter:data1\" content=\"4 minutos\" \/>\n<script type=\"application\/ld+json\" class=\"yoast-schema-graph\">{\"@context\":\"https:\/\/schema.org\",\"@graph\":[{\"@type\":\"WebPage\",\"@id\":\"https:\/\/tecniplastmexico.com\/web\/acerca-de-nosotros\/\",\"url\":\"https:\/\/tecniplastmexico.com\/web\/acerca-de-nosotros\/\",\"name\":\"Nosotros - Tecniplast M\u00e9xico - Fabricante de Productos de pl\u00e1stico polipropileno, polietileno y policarbonato, Industrial Hogar Alimentos Restaurantes\",\"isPartOf\":{\"@id\":\"https:\/\/tecniplastmexico.com\/web\/#website\"},\"primaryImageOfPage\":{\"@id\":\"https:\/\/tecniplastmexico.com\/web\/acerca-de-nosotros\/#primaryimage\"},\"image\":{\"@id\":\"https:\/\/tecniplastmexico.com\/web\/acerca-de-nosotros\/#primaryimage\"},\"thumbnailUrl\":\"https:\/\/tecniplastmexico.com\/web\/wp-content\/uploads\/2026\/01\/WhatsApp-Image-2025-02-08-at-9.14.34-AM-1.jpeg\",\"datePublished\":\"2016-06-15T00:24:04+00:00\",\"dateModified\":\"2026-02-06T15:41:19+00:00\",\"breadcrumb\":{\"@id\":\"https:\/\/tecniplastmexico.com\/web\/acerca-de-nosotros\/#breadcrumb\"},\"inLanguage\":\"es\",\"potentialAction\":[{\"@type\":\"ReadAction\",\"target\":[\"https:\/\/tecniplastmexico.com\/web\/acerca-de-nosotros\/\"]}]},{\"@type\":\"ImageObject\",\"inLanguage\":\"es\",\"@id\":\"https:\/\/tecniplastmexico.com\/web\/acerca-de-nosotros\/#primaryimage\",\"url\":\"https:\/\/tecniplastmexico.com\/web\/wp-content\/uploads\/2026\/01\/WhatsApp-Image-2025-02-08-at-9.14.34-AM-1.jpeg\",\"contentUrl\":\"https:\/\/tecniplastmexico.com\/web\/wp-content\/uploads\/2026\/01\/WhatsApp-Image-2025-02-08-at-9.14.34-AM-1.jpeg\",\"width\":1600,\"height\":640,\"caption\":\"PLACA DE CORTE INDUSTRIAL Y PROCESO DE ALIMENTOS PEAD\"},{\"@type\":\"BreadcrumbList\",\"@id\":\"https:\/\/tecniplastmexico.com\/web\/acerca-de-nosotros\/#breadcrumb\",\"itemListElement\":[{\"@type\":\"ListItem\",\"position\":1,\"name\":\"Inicio\",\"item\":\"https:\/\/tecniplastmexico.com\/web\/\"},{\"@type\":\"ListItem\",\"position\":2,\"name\":\"Nosotros\"}]},{\"@type\":\"WebSite\",\"@id\":\"https:\/\/tecniplastmexico.com\/web\/#website\",\"url\":\"https:\/\/tecniplastmexico.com\/web\/\",\"name\":\"Tecniplast M\u00e9xico - Fabricante de Productos de pl\u00e1stico polipropileno, polietileno y policarbonato, Industrial Hogar Alimentos Restaurantes\",\"description\":\"Fabricante de Productos de pl\u00e1stico polipropileno, polietileno y policarbonato, Industrial Hogar Alimentos Restaurantes\",\"publisher\":{\"@id\":\"https:\/\/tecniplastmexico.com\/web\/#organization\"},\"potentialAction\":[{\"@type\":\"SearchAction\",\"target\":{\"@type\":\"EntryPoint\",\"urlTemplate\":\"https:\/\/tecniplastmexico.com\/web\/?s={search_term_string}\"},\"query-input\":{\"@type\":\"PropertyValueSpecification\",\"valueRequired\":true,\"valueName\":\"search_term_string\"}}],\"inLanguage\":\"es\"},{\"@type\":\"Organization\",\"@id\":\"https:\/\/tecniplastmexico.com\/web\/#organization\",\"name\":\"Tecniplast M\u00e9xico - Fabricante de Productos de pl\u00e1stico polipropileno, polietileno y policarbonato, Industrial Hogar Alimentos Restaurantes\",\"url\":\"https:\/\/tecniplastmexico.com\/web\/\",\"logo\":{\"@type\":\"ImageObject\",\"inLanguage\":\"es\",\"@id\":\"https:\/\/tecniplastmexico.com\/web\/#\/schema\/logo\/image\/\",\"url\":\"https:\/\/tecniplastmexico.com\/web\/wp-content\/uploads\/2025\/07\/Logo_tecniplast.png\",\"contentUrl\":\"https:\/\/tecniplastmexico.com\/web\/wp-content\/uploads\/2025\/07\/Logo_tecniplast.png\",\"width\":848,\"height\":294,\"caption\":\"Tecniplast M\u00e9xico - Fabricante de Productos de pl\u00e1stico polipropileno, polietileno y policarbonato, Industrial Hogar Alimentos Restaurantes\"},\"image\":{\"@id\":\"https:\/\/tecniplastmexico.com\/web\/#\/schema\/logo\/image\/\"}}]}<\/script>\n<!-- \/ Yoast SEO Premium plugin. -->","yoast_head_json":{"title":"Nosotros - Tecniplast M\u00e9xico - Fabricante de Productos de pl\u00e1stico polipropileno, polietileno y policarbonato, Industrial Hogar Alimentos Restaurantes","robots":{"index":"index","follow":"follow","max-snippet":"max-snippet:-1","max-image-preview":"max-image-preview:large","max-video-preview":"max-video-preview:-1"},"canonical":"https:\/\/tecniplastmexico.com\/web\/acerca-de-nosotros\/","og_locale":"es_MX","og_type":"article","og_title":"Nosotros","og_description":"SOBRE NOSOTROS Tecniplast M\u00e9xico nace en 1995 de una asociaci\u00f3n M\u00e9xico \u2013 Alemana con la compa\u00f1\u00eda Stettler Kunststoffverarbeitung. En la actualidad operamos aut\u00f3nomamente; pero siempre bajo la asesor\u00eda y los est\u00e1ndares de calidad que exigen las normas internacionales y especialmente las de la Uni\u00f3n Europea. Para Tecniplast M\u00e9xico, la mejora constante de los procesos es &hellip; Continue reading Nosotros","og_url":"https:\/\/tecniplastmexico.com\/web\/acerca-de-nosotros\/","og_site_name":"Tecniplast M\u00e9xico - Fabricante de Productos de pl\u00e1stico polipropileno, polietileno y policarbonato, Industrial Hogar Alimentos Restaurantes","article_modified_time":"2026-02-06T15:41:19+00:00","og_image":[{"url":"https:\/\/tecniplastmexico.com\/web\/wp-content\/uploads\/2026\/01\/WhatsApp-Image-2025-02-08-at-9.14.34-AM-1.jpeg","type":"","width":"","height":""}],"twitter_card":"summary_large_image","twitter_misc":{"Tiempo de lectura":"4 minutos"},"schema":{"@context":"https:\/\/schema.org","@graph":[{"@type":"WebPage","@id":"https:\/\/tecniplastmexico.com\/web\/acerca-de-nosotros\/","url":"https:\/\/tecniplastmexico.com\/web\/acerca-de-nosotros\/","name":"Nosotros - Tecniplast M\u00e9xico - Fabricante de Productos de pl\u00e1stico polipropileno, polietileno y policarbonato, Industrial Hogar Alimentos Restaurantes","isPartOf":{"@id":"https:\/\/tecniplastmexico.com\/web\/#website"},"primaryImageOfPage":{"@id":"https:\/\/tecniplastmexico.com\/web\/acerca-de-nosotros\/#primaryimage"},"image":{"@id":"https:\/\/tecniplastmexico.com\/web\/acerca-de-nosotros\/#primaryimage"},"thumbnailUrl":"https:\/\/tecniplastmexico.com\/web\/wp-content\/uploads\/2026\/01\/WhatsApp-Image-2025-02-08-at-9.14.34-AM-1.jpeg","datePublished":"2016-06-15T00:24:04+00:00","dateModified":"2026-02-06T15:41:19+00:00","breadcrumb":{"@id":"https:\/\/tecniplastmexico.com\/web\/acerca-de-nosotros\/#breadcrumb"},"inLanguage":"es","potentialAction":[{"@type":"ReadAction","target":["https:\/\/tecniplastmexico.com\/web\/acerca-de-nosotros\/"]}]},{"@type":"ImageObject","inLanguage":"es","@id":"https:\/\/tecniplastmexico.com\/web\/acerca-de-nosotros\/#primaryimage","url":"https:\/\/tecniplastmexico.com\/web\/wp-content\/uploads\/2026\/01\/WhatsApp-Image-2025-02-08-at-9.14.34-AM-1.jpeg","contentUrl":"https:\/\/tecniplastmexico.com\/web\/wp-content\/uploads\/2026\/01\/WhatsApp-Image-2025-02-08-at-9.14.34-AM-1.jpeg","width":1600,"height":640,"caption":"PLACA DE CORTE INDUSTRIAL Y PROCESO DE ALIMENTOS PEAD"},{"@type":"BreadcrumbList","@id":"https:\/\/tecniplastmexico.com\/web\/acerca-de-nosotros\/#breadcrumb","itemListElement":[{"@type":"ListItem","position":1,"name":"Inicio","item":"https:\/\/tecniplastmexico.com\/web\/"},{"@type":"ListItem","position":2,"name":"Nosotros"}]},{"@type":"WebSite","@id":"https:\/\/tecniplastmexico.com\/web\/#website","url":"https:\/\/tecniplastmexico.com\/web\/","name":"Tecniplast M\u00e9xico - Fabricante de Productos de pl\u00e1stico polipropileno, polietileno y policarbonato, Industrial Hogar Alimentos Restaurantes","description":"Fabricante de Productos de pl\u00e1stico polipropileno, polietileno y policarbonato, Industrial Hogar Alimentos Restaurantes","publisher":{"@id":"https:\/\/tecniplastmexico.com\/web\/#organization"},"potentialAction":[{"@type":"SearchAction","target":{"@type":"EntryPoint","urlTemplate":"https:\/\/tecniplastmexico.com\/web\/?s={search_term_string}"},"query-input":{"@type":"PropertyValueSpecification","valueRequired":true,"valueName":"search_term_string"}}],"inLanguage":"es"},{"@type":"Organization","@id":"https:\/\/tecniplastmexico.com\/web\/#organization","name":"Tecniplast M\u00e9xico - Fabricante de Productos de pl\u00e1stico polipropileno, polietileno y policarbonato, Industrial Hogar Alimentos Restaurantes","url":"https:\/\/tecniplastmexico.com\/web\/","logo":{"@type":"ImageObject","inLanguage":"es","@id":"https:\/\/tecniplastmexico.com\/web\/#\/schema\/logo\/image\/","url":"https:\/\/tecniplastmexico.com\/web\/wp-content\/uploads\/2025\/07\/Logo_tecniplast.png","contentUrl":"https:\/\/tecniplastmexico.com\/web\/wp-content\/uploads\/2025\/07\/Logo_tecniplast.png","width":848,"height":294,"caption":"Tecniplast M\u00e9xico - Fabricante de Productos de pl\u00e1stico polipropileno, polietileno y policarbonato, Industrial Hogar Alimentos Restaurantes"},"image":{"@id":"https:\/\/tecniplastmexico.com\/web\/#\/schema\/logo\/image\/"}}]}},"_links":{"self":[{"href":"https:\/\/tecniplastmexico.com\/web\/wp-json\/wp\/v2\/pages\/531","targetHints":{"allow":["GET"]}}],"collection":[{"href":"https:\/\/tecniplastmexico.com\/web\/wp-json\/wp\/v2\/pages"}],"about":[{"href":"https:\/\/tecniplastmexico.com\/web\/wp-json\/wp\/v2\/types\/page"}],"author":[{"embeddable":true,"href":"https:\/\/tecniplastmexico.com\/web\/wp-json\/wp\/v2\/users\/1"}],"replies":[{"embeddable":true,"href":"https:\/\/tecniplastmexico.com\/web\/wp-json\/wp\/v2\/comments?post=531"}],"version-history":[{"count":36,"href":"https:\/\/tecniplastmexico.com\/web\/wp-json\/wp\/v2\/pages\/531\/revisions"}],"predecessor-version":[{"id":11653,"href":"https:\/\/tecniplastmexico.com\/web\/wp-json\/wp\/v2\/pages\/531\/revisions\/11653"}],"wp:attachment":[{"href":"https:\/\/tecniplastmexico.com\/web\/wp-json\/wp\/v2\/media?parent=531"}],"curies":[{"name":"wp","href":"https:\/\/api.w.org\/{rel}","templated":true}]}}