{"id":10044,"date":"2025-09-01T08:41:13","date_gmt":"2025-09-01T14:41:13","guid":{"rendered":"https:\/\/tecniplastmexico.com\/web\/?post_type=product&#038;p=10044"},"modified":"2025-09-01T08:49:23","modified_gmt":"2025-09-01T14:49:23","slug":"hermetico-redondo-1-l-polipropileno-plastico-pp-1446","status":"publish","type":"product","link":"https:\/\/tecniplastmexico.com\/web\/productos\/platos-vasos-tazas-cubetas-de-polipropileno\/hermetico-redondo-1-l-polipropileno-plastico-pp-1446\/","title":{"rendered":"Herm\u00e9tico Redondo 1 L PP &#8211; 1446"},"content":{"rendered":"<p><strong>C\u00f3digo:<\/strong> 1446<br \/>\n<strong>Categor\u00eda:<\/strong> <a href=\"https:\/\/tecniplastmexico.com\/web\/index.php\/categoria-producto\/platos-vasos-tazas-cubetas-de-polipropileno\/\">L\u00ednea Polipropileno<\/a>, <a href=\"https:\/\/tecniplastmexico.com\/web\/index.php\/categoria-producto\/platos-vasos-tazas-cubetas-de-polipropileno\/articulos-para-el-hogar-de-plastico-polipropileno\/\">Art\u00edculos para el Hogar<\/a><br \/>\n<strong>Material:<\/strong> Polipropileno<\/p>\n","protected":false},"excerpt":{"rendered":"<p><strong><br \/>\nC\u00f3digo: <\/strong>1446<\/p>\n<p><strong>Piezas por caja:<\/strong> 72<br \/>\n<strong>Capacidad:<\/strong> 33.8 oz \/ 1000 ml<br \/>\n<strong>Medidas:\u00a0<\/strong>\u00d8s = 16.5 cm, \u00d8i = 14.0 cm, H = 7.0 cm<br \/>\n<strong>Colores:<\/strong> Cuerpo Natural con Tapa de Colores Combinados<\/p>\n","protected":false},"featured_media":10051,"template":"","meta":[],"product_brand":[],"product_cat":[122,383],"product_tag":[655,660,661,656,662,664,663],"class_list":{"0":"post-10044","1":"product","2":"type-product","3":"status-publish","4":"has-post-thumbnail","6":"product_cat-articulos-para-el-hogar-de-plastico-polipropileno","7":"product_cat-platos-vasos-tazas-cubetas-de-polipropileno","8":"product_tag-hermetico","9":"product_tag-hermetico-de-plastico","10":"product_tag-hermetico-de-polipropileno","11":"product_tag-hermetico-redondo","12":"product_tag-hermetico-redondo-1-l","13":"product_tag-hermetico-redondo-1-l-de-plastico","14":"product_tag-hermetico-redondo-1-l-de-polipropileno","15":"pa_color-nada","16":"pa_color-amarillo-blanco-combinado","17":"pa_color-rojo-blanco-combinado","18":"pa_color-verde-blanco-combinado","19":"pa_color-azul-blanco-combinado","22":"instock","23":"shipping-taxable","24":"product-type-variable","25":"wvs-archive-product-wrapper"},"yoast_head":"<!-- This site is optimized with the Yoast SEO Premium plugin v25.5 (Yoast SEO v27.0) - https:\/\/yoast.com\/product\/yoast-seo-premium-wordpress\/ -->\n<title>Herm\u00e9tico Redondo 1 L de Polipropileno<\/title>\n<meta name=\"description\" content=\"Herm\u00e9tico Redondo 1 L de Polipropileno, Herm\u00e9tico Redondo 1L de Pl\u00e1stico reutilizable, reusable, Herm\u00e9tico Redondo 1 L\" \/>\n<meta name=\"robots\" content=\"index, follow, max-snippet:-1, max-image-preview:large, max-video-preview:-1\" \/>\n<link rel=\"canonical\" href=\"https:\/\/tecniplastmexico.com\/web\/productos\/platos-vasos-tazas-cubetas-de-polipropileno\/hermetico-redondo-1-l-polipropileno-plastico-pp-1446\/\" \/>\n<meta property=\"og:locale\" content=\"es_MX\" \/>\n<meta property=\"og:type\" content=\"article\" \/>\n<meta property=\"og:title\" content=\"Herm\u00e9tico Redondo 1 L PP - 1446\" \/>\n<meta property=\"og:description\" content=\"Herm\u00e9tico Redondo 1 L de Polipropileno, Herm\u00e9tico Redondo 1L de Pl\u00e1stico reutilizable, reusable, Herm\u00e9tico Redondo 1 L\" \/>\n<meta property=\"og:url\" content=\"https:\/\/tecniplastmexico.com\/web\/productos\/platos-vasos-tazas-cubetas-de-polipropileno\/hermetico-redondo-1-l-polipropileno-plastico-pp-1446\/\" \/>\n<meta property=\"og:site_name\" content=\"Tecniplast M\u00e9xico - Fabricante de Productos de pl\u00e1stico polipropileno, polietileno y policarbonato, Industrial Hogar Alimentos Restaurantes\" \/>\n<meta property=\"article:modified_time\" content=\"2025-09-01T14:49:23+00:00\" \/>\n<meta property=\"og:image\" content=\"https:\/\/tecniplastmexico.com\/web\/wp-content\/uploads\/2025\/09\/producto_hermetico_redondo_1_L_polipropileno_plastico_PP_1446.jpg\" \/>\n\t<meta property=\"og:image:width\" content=\"600\" \/>\n\t<meta property=\"og:image:height\" content=\"600\" \/>\n\t<meta property=\"og:image:type\" content=\"image\/jpeg\" \/>\n<meta name=\"twitter:card\" content=\"summary_large_image\" \/>\n<meta name=\"twitter:label1\" content=\"Disponibilidad\" \/>\n\t<meta name=\"twitter:data1\" content=\"Disponible\" \/>\n<script type=\"application\/ld+json\" class=\"yoast-schema-graph\">{\"@context\":\"https:\/\/schema.org\",\"@graph\":[{\"@type\":[\"WebPage\",\"ItemPage\"],\"@id\":\"https:\/\/tecniplastmexico.com\/web\/productos\/platos-vasos-tazas-cubetas-de-polipropileno\/hermetico-redondo-1-l-polipropileno-plastico-pp-1446\/\",\"url\":\"https:\/\/tecniplastmexico.com\/web\/productos\/platos-vasos-tazas-cubetas-de-polipropileno\/hermetico-redondo-1-l-polipropileno-plastico-pp-1446\/\",\"name\":\"Herm\u00e9tico Redondo 1 L de Polipropileno\",\"isPartOf\":{\"@id\":\"https:\/\/tecniplastmexico.com\/web\/#website\"},\"primaryImageOfPage\":{\"@id\":\"https:\/\/tecniplastmexico.com\/web\/productos\/platos-vasos-tazas-cubetas-de-polipropileno\/hermetico-redondo-1-l-polipropileno-plastico-pp-1446\/#primaryimage\"},\"image\":{\"@id\":\"https:\/\/tecniplastmexico.com\/web\/productos\/platos-vasos-tazas-cubetas-de-polipropileno\/hermetico-redondo-1-l-polipropileno-plastico-pp-1446\/#primaryimage\"},\"thumbnailUrl\":\"https:\/\/tecniplastmexico.com\/web\/wp-content\/uploads\/2025\/09\/producto_hermetico_redondo_1_L_polipropileno_plastico_PP_1446.jpg\",\"datePublished\":\"2025-09-01T14:41:13+00:00\",\"dateModified\":\"2025-09-01T14:49:23+00:00\",\"description\":\"Herm\u00e9tico Redondo 1 L de Polipropileno, Herm\u00e9tico Redondo 1L de Pl\u00e1stico reutilizable, reusable, Herm\u00e9tico Redondo 1 L\",\"breadcrumb\":{\"@id\":\"https:\/\/tecniplastmexico.com\/web\/productos\/platos-vasos-tazas-cubetas-de-polipropileno\/hermetico-redondo-1-l-polipropileno-plastico-pp-1446\/#breadcrumb\"},\"inLanguage\":\"es\",\"potentialAction\":[{\"@type\":\"ReadAction\",\"target\":[\"https:\/\/tecniplastmexico.com\/web\/productos\/platos-vasos-tazas-cubetas-de-polipropileno\/hermetico-redondo-1-l-polipropileno-plastico-pp-1446\/\"]}]},{\"@type\":\"ImageObject\",\"inLanguage\":\"es\",\"@id\":\"https:\/\/tecniplastmexico.com\/web\/productos\/platos-vasos-tazas-cubetas-de-polipropileno\/hermetico-redondo-1-l-polipropileno-plastico-pp-1446\/#primaryimage\",\"url\":\"https:\/\/tecniplastmexico.com\/web\/wp-content\/uploads\/2025\/09\/producto_hermetico_redondo_1_L_polipropileno_plastico_PP_1446.jpg\",\"contentUrl\":\"https:\/\/tecniplastmexico.com\/web\/wp-content\/uploads\/2025\/09\/producto_hermetico_redondo_1_L_polipropileno_plastico_PP_1446.jpg\",\"width\":600,\"height\":600,\"caption\":\"Herm\u00e9tico Redondo 1 L de Polipropileno Pl\u00e1stico PP 1446\"},{\"@type\":\"BreadcrumbList\",\"@id\":\"https:\/\/tecniplastmexico.com\/web\/productos\/platos-vasos-tazas-cubetas-de-polipropileno\/hermetico-redondo-1-l-polipropileno-plastico-pp-1446\/#breadcrumb\",\"itemListElement\":[{\"@type\":\"ListItem\",\"position\":1,\"name\":\"Inicio\",\"item\":\"https:\/\/tecniplastmexico.com\/web\/\"},{\"@type\":\"ListItem\",\"position\":2,\"name\":\"Productos\",\"item\":\"https:\/\/tecniplastmexico.com\/web\/productos\/\"},{\"@type\":\"ListItem\",\"position\":3,\"name\":\"Herm\u00e9tico Redondo 1 L PP &#8211; 1446\"}]},{\"@type\":\"WebSite\",\"@id\":\"https:\/\/tecniplastmexico.com\/web\/#website\",\"url\":\"https:\/\/tecniplastmexico.com\/web\/\",\"name\":\"Tecniplast M\u00e9xico - Fabricante de Productos de pl\u00e1stico polipropileno, polietileno y policarbonato, Industrial Hogar Alimentos Restaurantes\",\"description\":\"Fabricante de Productos de pl\u00e1stico polipropileno, polietileno y policarbonato, Industrial Hogar Alimentos Restaurantes\",\"publisher\":{\"@id\":\"https:\/\/tecniplastmexico.com\/web\/#organization\"},\"potentialAction\":[{\"@type\":\"SearchAction\",\"target\":{\"@type\":\"EntryPoint\",\"urlTemplate\":\"https:\/\/tecniplastmexico.com\/web\/?s={search_term_string}\"},\"query-input\":{\"@type\":\"PropertyValueSpecification\",\"valueRequired\":true,\"valueName\":\"search_term_string\"}}],\"inLanguage\":\"es\"},{\"@type\":\"Organization\",\"@id\":\"https:\/\/tecniplastmexico.com\/web\/#organization\",\"name\":\"Tecniplast M\u00e9xico - Fabricante de Productos de pl\u00e1stico polipropileno, polietileno y policarbonato, Industrial Hogar Alimentos Restaurantes\",\"url\":\"https:\/\/tecniplastmexico.com\/web\/\",\"logo\":{\"@type\":\"ImageObject\",\"inLanguage\":\"es\",\"@id\":\"https:\/\/tecniplastmexico.com\/web\/#\/schema\/logo\/image\/\",\"url\":\"https:\/\/tecniplastmexico.com\/web\/wp-content\/uploads\/2025\/07\/Logo_tecniplast.png\",\"contentUrl\":\"https:\/\/tecniplastmexico.com\/web\/wp-content\/uploads\/2025\/07\/Logo_tecniplast.png\",\"width\":848,\"height\":294,\"caption\":\"Tecniplast M\u00e9xico - Fabricante de Productos de pl\u00e1stico polipropileno, polietileno y policarbonato, Industrial Hogar Alimentos Restaurantes\"},\"image\":{\"@id\":\"https:\/\/tecniplastmexico.com\/web\/#\/schema\/logo\/image\/\"}}]}<\/script>\n<meta property=\"og:availability\" content=\"instock\" \/>\n<meta property=\"product:availability\" content=\"instock\" \/>\n<meta property=\"product:retailer_item_id\" content=\"1446\" \/>\n<meta property=\"product:condition\" content=\"new\" \/>\n<!-- \/ Yoast SEO Premium plugin. -->","yoast_head_json":{"title":"Herm\u00e9tico Redondo 1 L de Polipropileno","description":"Herm\u00e9tico Redondo 1 L de Polipropileno, Herm\u00e9tico Redondo 1L de Pl\u00e1stico reutilizable, reusable, Herm\u00e9tico Redondo 1 L","robots":{"index":"index","follow":"follow","max-snippet":"max-snippet:-1","max-image-preview":"max-image-preview:large","max-video-preview":"max-video-preview:-1"},"canonical":"https:\/\/tecniplastmexico.com\/web\/productos\/platos-vasos-tazas-cubetas-de-polipropileno\/hermetico-redondo-1-l-polipropileno-plastico-pp-1446\/","og_locale":"es_MX","og_type":"article","og_title":"Herm\u00e9tico Redondo 1 L PP - 1446","og_description":"Herm\u00e9tico Redondo 1 L de Polipropileno, Herm\u00e9tico Redondo 1L de Pl\u00e1stico reutilizable, reusable, Herm\u00e9tico Redondo 1 L","og_url":"https:\/\/tecniplastmexico.com\/web\/productos\/platos-vasos-tazas-cubetas-de-polipropileno\/hermetico-redondo-1-l-polipropileno-plastico-pp-1446\/","og_site_name":"Tecniplast M\u00e9xico - Fabricante de Productos de pl\u00e1stico polipropileno, polietileno y policarbonato, Industrial Hogar Alimentos Restaurantes","article_modified_time":"2025-09-01T14:49:23+00:00","og_image":[{"width":600,"height":600,"url":"https:\/\/tecniplastmexico.com\/web\/wp-content\/uploads\/2025\/09\/producto_hermetico_redondo_1_L_polipropileno_plastico_PP_1446.jpg","type":"image\/jpeg"}],"twitter_card":"summary_large_image","twitter_misc":{"Disponibilidad":"Disponible"},"schema":{"@context":"https:\/\/schema.org","@graph":[{"@type":["WebPage","ItemPage"],"@id":"https:\/\/tecniplastmexico.com\/web\/productos\/platos-vasos-tazas-cubetas-de-polipropileno\/hermetico-redondo-1-l-polipropileno-plastico-pp-1446\/","url":"https:\/\/tecniplastmexico.com\/web\/productos\/platos-vasos-tazas-cubetas-de-polipropileno\/hermetico-redondo-1-l-polipropileno-plastico-pp-1446\/","name":"Herm\u00e9tico Redondo 1 L de Polipropileno","isPartOf":{"@id":"https:\/\/tecniplastmexico.com\/web\/#website"},"primaryImageOfPage":{"@id":"https:\/\/tecniplastmexico.com\/web\/productos\/platos-vasos-tazas-cubetas-de-polipropileno\/hermetico-redondo-1-l-polipropileno-plastico-pp-1446\/#primaryimage"},"image":{"@id":"https:\/\/tecniplastmexico.com\/web\/productos\/platos-vasos-tazas-cubetas-de-polipropileno\/hermetico-redondo-1-l-polipropileno-plastico-pp-1446\/#primaryimage"},"thumbnailUrl":"https:\/\/tecniplastmexico.com\/web\/wp-content\/uploads\/2025\/09\/producto_hermetico_redondo_1_L_polipropileno_plastico_PP_1446.jpg","datePublished":"2025-09-01T14:41:13+00:00","dateModified":"2025-09-01T14:49:23+00:00","description":"Herm\u00e9tico Redondo 1 L de Polipropileno, Herm\u00e9tico Redondo 1L de Pl\u00e1stico reutilizable, reusable, Herm\u00e9tico Redondo 1 L","breadcrumb":{"@id":"https:\/\/tecniplastmexico.com\/web\/productos\/platos-vasos-tazas-cubetas-de-polipropileno\/hermetico-redondo-1-l-polipropileno-plastico-pp-1446\/#breadcrumb"},"inLanguage":"es","potentialAction":[{"@type":"ReadAction","target":["https:\/\/tecniplastmexico.com\/web\/productos\/platos-vasos-tazas-cubetas-de-polipropileno\/hermetico-redondo-1-l-polipropileno-plastico-pp-1446\/"]}]},{"@type":"ImageObject","inLanguage":"es","@id":"https:\/\/tecniplastmexico.com\/web\/productos\/platos-vasos-tazas-cubetas-de-polipropileno\/hermetico-redondo-1-l-polipropileno-plastico-pp-1446\/#primaryimage","url":"https:\/\/tecniplastmexico.com\/web\/wp-content\/uploads\/2025\/09\/producto_hermetico_redondo_1_L_polipropileno_plastico_PP_1446.jpg","contentUrl":"https:\/\/tecniplastmexico.com\/web\/wp-content\/uploads\/2025\/09\/producto_hermetico_redondo_1_L_polipropileno_plastico_PP_1446.jpg","width":600,"height":600,"caption":"Herm\u00e9tico Redondo 1 L de Polipropileno Pl\u00e1stico PP 1446"},{"@type":"BreadcrumbList","@id":"https:\/\/tecniplastmexico.com\/web\/productos\/platos-vasos-tazas-cubetas-de-polipropileno\/hermetico-redondo-1-l-polipropileno-plastico-pp-1446\/#breadcrumb","itemListElement":[{"@type":"ListItem","position":1,"name":"Inicio","item":"https:\/\/tecniplastmexico.com\/web\/"},{"@type":"ListItem","position":2,"name":"Productos","item":"https:\/\/tecniplastmexico.com\/web\/productos\/"},{"@type":"ListItem","position":3,"name":"Herm\u00e9tico Redondo 1 L PP &#8211; 1446"}]},{"@type":"WebSite","@id":"https:\/\/tecniplastmexico.com\/web\/#website","url":"https:\/\/tecniplastmexico.com\/web\/","name":"Tecniplast M\u00e9xico - Fabricante de Productos de pl\u00e1stico polipropileno, polietileno y policarbonato, Industrial Hogar Alimentos Restaurantes","description":"Fabricante de Productos de pl\u00e1stico polipropileno, polietileno y policarbonato, Industrial Hogar Alimentos Restaurantes","publisher":{"@id":"https:\/\/tecniplastmexico.com\/web\/#organization"},"potentialAction":[{"@type":"SearchAction","target":{"@type":"EntryPoint","urlTemplate":"https:\/\/tecniplastmexico.com\/web\/?s={search_term_string}"},"query-input":{"@type":"PropertyValueSpecification","valueRequired":true,"valueName":"search_term_string"}}],"inLanguage":"es"},{"@type":"Organization","@id":"https:\/\/tecniplastmexico.com\/web\/#organization","name":"Tecniplast M\u00e9xico - Fabricante de Productos de pl\u00e1stico polipropileno, polietileno y policarbonato, Industrial Hogar Alimentos Restaurantes","url":"https:\/\/tecniplastmexico.com\/web\/","logo":{"@type":"ImageObject","inLanguage":"es","@id":"https:\/\/tecniplastmexico.com\/web\/#\/schema\/logo\/image\/","url":"https:\/\/tecniplastmexico.com\/web\/wp-content\/uploads\/2025\/07\/Logo_tecniplast.png","contentUrl":"https:\/\/tecniplastmexico.com\/web\/wp-content\/uploads\/2025\/07\/Logo_tecniplast.png","width":848,"height":294,"caption":"Tecniplast M\u00e9xico - Fabricante de Productos de pl\u00e1stico polipropileno, polietileno y policarbonato, Industrial Hogar Alimentos Restaurantes"},"image":{"@id":"https:\/\/tecniplastmexico.com\/web\/#\/schema\/logo\/image\/"}}]},"og_availability":"instock","product_availability":"instock","product_retailer_item_id":"1446","product_condition":"new"},"_links":{"self":[{"href":"https:\/\/tecniplastmexico.com\/web\/wp-json\/wp\/v2\/product\/10044","targetHints":{"allow":["GET"]}}],"collection":[{"href":"https:\/\/tecniplastmexico.com\/web\/wp-json\/wp\/v2\/product"}],"about":[{"href":"https:\/\/tecniplastmexico.com\/web\/wp-json\/wp\/v2\/types\/product"}],"version-history":[{"count":1,"href":"https:\/\/tecniplastmexico.com\/web\/wp-json\/wp\/v2\/product\/10044\/revisions"}],"predecessor-version":[{"id":10052,"href":"https:\/\/tecniplastmexico.com\/web\/wp-json\/wp\/v2\/product\/10044\/revisions\/10052"}],"wp:featuredmedia":[{"embeddable":true,"href":"https:\/\/tecniplastmexico.com\/web\/wp-json\/wp\/v2\/media\/10051"}],"wp:attachment":[{"href":"https:\/\/tecniplastmexico.com\/web\/wp-json\/wp\/v2\/media?parent=10044"}],"wp:term":[{"taxonomy":"product_brand","embeddable":true,"href":"https:\/\/tecniplastmexico.com\/web\/wp-json\/wp\/v2\/product_brand?post=10044"},{"taxonomy":"product_cat","embeddable":true,"href":"https:\/\/tecniplastmexico.com\/web\/wp-json\/wp\/v2\/product_cat?post=10044"},{"taxonomy":"product_tag","embeddable":true,"href":"https:\/\/tecniplastmexico.com\/web\/wp-json\/wp\/v2\/product_tag?post=10044"}],"curies":[{"name":"wp","href":"https:\/\/api.w.org\/{rel}","templated":true}]}}