{"id":10260,"date":"2025-09-02T14:07:53","date_gmt":"2025-09-02T20:07:53","guid":{"rendered":"https:\/\/tecniplastmexico.com\/web\/?post_type=product&#038;p=10260"},"modified":"2025-10-07T09:51:56","modified_gmt":"2025-10-07T15:51:56","slug":"cubeta-asa-metalica-13l-polipropileno-plastico-pp-1466","status":"publish","type":"product","link":"https:\/\/tecniplastmexico.com\/web\/productos\/platos-vasos-tazas-cubetas-de-polipropileno\/cubeta-asa-metalica-13l-polipropileno-plastico-pp-1466\/","title":{"rendered":"Cubeta Asa Met\u00e1lica 13 L PP &#8211; 1466"},"content":{"rendered":"<p><strong>C\u00f3digo:<\/strong> 1466<br \/>\n<strong>Categor\u00eda:<\/strong> <a href=\"https:\/\/tecniplastmexico.com\/web\/index.php\/categoria-producto\/platos-vasos-tazas-cubetas-de-polipropileno\/\">L\u00ednea Polipropileno<\/a>, <a href=\"https:\/\/tecniplastmexico.com\/web\/index.php\/categoria-producto\/platos-vasos-tazas-cubetas-de-polipropileno\/articulos-limpieza-plastico-polirpopileno\/\">Limpieza<\/a><br \/>\n<strong>Material:<\/strong> Polipropileno<\/p>\n","protected":false},"excerpt":{"rendered":"<p><strong><br \/>\nC\u00f3digo: <\/strong>1466<\/p>\n<p><strong>Piezas por caja:\u00a0<\/strong>25<br \/>\n<strong>Capacidad:\u00a0<\/strong>13000 ml<br \/>\n<strong>Medidas:\u00a0<\/strong>\u00d8s = 30.0 cm, \u00d8i = 23.5 cm, H = 26.0 cm<br \/>\n<strong>Colores:<\/strong> Colores Combinados<\/p>\n","protected":false},"featured_media":10267,"template":"","meta":[],"product_brand":[],"product_cat":[125,383],"product_tag":[133,745,746,747,748,134,136,135,744],"class_list":{"0":"post-10260","1":"product","2":"type-product","3":"status-publish","4":"has-post-thumbnail","6":"product_cat-articulos-limpieza-plastico-polirpopileno","7":"product_cat-platos-vasos-tazas-cubetas-de-polipropileno","8":"product_tag-cubeta","9":"product_tag-cubeta-asa-metalica","10":"product_tag-cubeta-asa-metalica-13-l-polipropileno","11":"product_tag-cubeta-de-13-l-de-plastico","12":"product_tag-cubeta-de-13-l-de-polipropileno","13":"product_tag-cubeta-de-plastico","14":"product_tag-cubeta-de-plastico-polipropileno","15":"product_tag-cubeta-de-polipropileno","16":"product_tag-cubeta-de-polipropileno-13-l","17":"pa_color-nada","18":"pa_color-amarillo","19":"pa_color-naranja","20":"pa_color-rojo","21":"pa_color-verde","22":"pa_color-azul","25":"instock","26":"shipping-taxable","27":"product-type-variable","28":"wvs-archive-product-wrapper"},"yoast_head":"<!-- This site is optimized with the Yoast SEO Premium plugin v25.5 (Yoast SEO v27.0) - https:\/\/yoast.com\/product\/yoast-seo-premium-wordpress\/ -->\n<title>Cubeta Asa Pl\u00e1stico con Pico 12 L de Polipropileno<\/title>\n<meta name=\"description\" content=\"Cubeta Asa Met\u00e1lica 13 L de Polipropileno, Cubeta Met\u00e1lica 13 L de Pl\u00e1stico Polipropileno, Cubeta de Pl\u00e1stico reutilizable, reusable\" \/>\n<meta name=\"robots\" content=\"index, follow, max-snippet:-1, max-image-preview:large, max-video-preview:-1\" \/>\n<link rel=\"canonical\" href=\"https:\/\/tecniplastmexico.com\/web\/productos\/platos-vasos-tazas-cubetas-de-polipropileno\/cubeta-asa-metalica-13l-polipropileno-plastico-pp-1466\/\" \/>\n<meta property=\"og:locale\" content=\"es_MX\" \/>\n<meta property=\"og:type\" content=\"article\" \/>\n<meta property=\"og:title\" content=\"Cubeta Asa Met\u00e1lica 13 L PP - 1466\" \/>\n<meta property=\"og:description\" content=\"Cubeta Asa Met\u00e1lica 13 L de Polipropileno, Cubeta Met\u00e1lica 13 L de Pl\u00e1stico Polipropileno, Cubeta de Pl\u00e1stico reutilizable, reusable\" \/>\n<meta property=\"og:url\" content=\"https:\/\/tecniplastmexico.com\/web\/productos\/platos-vasos-tazas-cubetas-de-polipropileno\/cubeta-asa-metalica-13l-polipropileno-plastico-pp-1466\/\" \/>\n<meta property=\"og:site_name\" content=\"Tecniplast M\u00e9xico - Fabricante de Productos de pl\u00e1stico polipropileno, polietileno y policarbonato, Industrial Hogar Alimentos Restaurantes\" \/>\n<meta property=\"article:modified_time\" content=\"2025-10-07T15:51:56+00:00\" \/>\n<meta property=\"og:image\" content=\"https:\/\/tecniplastmexico.com\/web\/wp-content\/uploads\/2025\/09\/producto_cubeta_asa_metalica_13L_polipropileno_plastico_PP_1466-436x440.png\" \/>\n\t<meta property=\"og:image:width\" content=\"436\" \/>\n\t<meta property=\"og:image:height\" content=\"440\" \/>\n\t<meta property=\"og:image:type\" content=\"image\/png\" \/>\n<meta name=\"twitter:card\" content=\"summary_large_image\" \/>\n<meta name=\"twitter:label1\" content=\"Disponibilidad\" \/>\n\t<meta name=\"twitter:data1\" content=\"Disponible\" \/>\n<script type=\"application\/ld+json\" class=\"yoast-schema-graph\">{\"@context\":\"https:\/\/schema.org\",\"@graph\":[{\"@type\":[\"WebPage\",\"ItemPage\"],\"@id\":\"https:\/\/tecniplastmexico.com\/web\/productos\/platos-vasos-tazas-cubetas-de-polipropileno\/cubeta-asa-metalica-13l-polipropileno-plastico-pp-1466\/\",\"url\":\"https:\/\/tecniplastmexico.com\/web\/productos\/platos-vasos-tazas-cubetas-de-polipropileno\/cubeta-asa-metalica-13l-polipropileno-plastico-pp-1466\/\",\"name\":\"Cubeta Asa Pl\u00e1stico con Pico 12 L de Polipropileno\",\"isPartOf\":{\"@id\":\"https:\/\/tecniplastmexico.com\/web\/#website\"},\"primaryImageOfPage\":{\"@id\":\"https:\/\/tecniplastmexico.com\/web\/productos\/platos-vasos-tazas-cubetas-de-polipropileno\/cubeta-asa-metalica-13l-polipropileno-plastico-pp-1466\/#primaryimage\"},\"image\":{\"@id\":\"https:\/\/tecniplastmexico.com\/web\/productos\/platos-vasos-tazas-cubetas-de-polipropileno\/cubeta-asa-metalica-13l-polipropileno-plastico-pp-1466\/#primaryimage\"},\"thumbnailUrl\":\"https:\/\/tecniplastmexico.com\/web\/wp-content\/uploads\/2025\/09\/producto_cubeta_asa_metalica_13L_polipropileno_plastico_PP_1466.png\",\"datePublished\":\"2025-09-02T20:07:53+00:00\",\"dateModified\":\"2025-10-07T15:51:56+00:00\",\"description\":\"Cubeta Asa Met\u00e1lica 13 L de Polipropileno, Cubeta Met\u00e1lica 13 L de Pl\u00e1stico Polipropileno, Cubeta de Pl\u00e1stico reutilizable, reusable\",\"breadcrumb\":{\"@id\":\"https:\/\/tecniplastmexico.com\/web\/productos\/platos-vasos-tazas-cubetas-de-polipropileno\/cubeta-asa-metalica-13l-polipropileno-plastico-pp-1466\/#breadcrumb\"},\"inLanguage\":\"es\",\"potentialAction\":[{\"@type\":\"ReadAction\",\"target\":[\"https:\/\/tecniplastmexico.com\/web\/productos\/platos-vasos-tazas-cubetas-de-polipropileno\/cubeta-asa-metalica-13l-polipropileno-plastico-pp-1466\/\"]}]},{\"@type\":\"ImageObject\",\"inLanguage\":\"es\",\"@id\":\"https:\/\/tecniplastmexico.com\/web\/productos\/platos-vasos-tazas-cubetas-de-polipropileno\/cubeta-asa-metalica-13l-polipropileno-plastico-pp-1466\/#primaryimage\",\"url\":\"https:\/\/tecniplastmexico.com\/web\/wp-content\/uploads\/2025\/09\/producto_cubeta_asa_metalica_13L_polipropileno_plastico_PP_1466.png\",\"contentUrl\":\"https:\/\/tecniplastmexico.com\/web\/wp-content\/uploads\/2025\/09\/producto_cubeta_asa_metalica_13L_polipropileno_plastico_PP_1466.png\",\"width\":1850,\"height\":1869,\"caption\":\"Cubeta asa Met\u00e1lica 13 L de Polipropileno Pl\u00e1stico PP 1466\"},{\"@type\":\"BreadcrumbList\",\"@id\":\"https:\/\/tecniplastmexico.com\/web\/productos\/platos-vasos-tazas-cubetas-de-polipropileno\/cubeta-asa-metalica-13l-polipropileno-plastico-pp-1466\/#breadcrumb\",\"itemListElement\":[{\"@type\":\"ListItem\",\"position\":1,\"name\":\"Inicio\",\"item\":\"https:\/\/tecniplastmexico.com\/web\/\"},{\"@type\":\"ListItem\",\"position\":2,\"name\":\"Productos\",\"item\":\"https:\/\/tecniplastmexico.com\/web\/productos\/\"},{\"@type\":\"ListItem\",\"position\":3,\"name\":\"Cubeta Asa Met\u00e1lica 13 L PP &#8211; 1466\"}]},{\"@type\":\"WebSite\",\"@id\":\"https:\/\/tecniplastmexico.com\/web\/#website\",\"url\":\"https:\/\/tecniplastmexico.com\/web\/\",\"name\":\"Tecniplast M\u00e9xico - Fabricante de Productos de pl\u00e1stico polipropileno, polietileno y policarbonato, Industrial Hogar Alimentos Restaurantes\",\"description\":\"Fabricante de Productos de pl\u00e1stico polipropileno, polietileno y policarbonato, Industrial Hogar Alimentos Restaurantes\",\"publisher\":{\"@id\":\"https:\/\/tecniplastmexico.com\/web\/#organization\"},\"potentialAction\":[{\"@type\":\"SearchAction\",\"target\":{\"@type\":\"EntryPoint\",\"urlTemplate\":\"https:\/\/tecniplastmexico.com\/web\/?s={search_term_string}\"},\"query-input\":{\"@type\":\"PropertyValueSpecification\",\"valueRequired\":true,\"valueName\":\"search_term_string\"}}],\"inLanguage\":\"es\"},{\"@type\":\"Organization\",\"@id\":\"https:\/\/tecniplastmexico.com\/web\/#organization\",\"name\":\"Tecniplast M\u00e9xico - Fabricante de Productos de pl\u00e1stico polipropileno, polietileno y policarbonato, Industrial Hogar Alimentos Restaurantes\",\"url\":\"https:\/\/tecniplastmexico.com\/web\/\",\"logo\":{\"@type\":\"ImageObject\",\"inLanguage\":\"es\",\"@id\":\"https:\/\/tecniplastmexico.com\/web\/#\/schema\/logo\/image\/\",\"url\":\"https:\/\/tecniplastmexico.com\/web\/wp-content\/uploads\/2025\/07\/Logo_tecniplast.png\",\"contentUrl\":\"https:\/\/tecniplastmexico.com\/web\/wp-content\/uploads\/2025\/07\/Logo_tecniplast.png\",\"width\":848,\"height\":294,\"caption\":\"Tecniplast M\u00e9xico - Fabricante de Productos de pl\u00e1stico polipropileno, polietileno y policarbonato, Industrial Hogar Alimentos Restaurantes\"},\"image\":{\"@id\":\"https:\/\/tecniplastmexico.com\/web\/#\/schema\/logo\/image\/\"}}]}<\/script>\n<meta property=\"og:availability\" content=\"instock\" \/>\n<meta property=\"product:availability\" content=\"instock\" \/>\n<meta property=\"product:retailer_item_id\" content=\"1466\" \/>\n<meta property=\"product:condition\" content=\"new\" \/>\n<!-- \/ Yoast SEO Premium plugin. -->","yoast_head_json":{"title":"Cubeta Asa Pl\u00e1stico con Pico 12 L de Polipropileno","description":"Cubeta Asa Met\u00e1lica 13 L de Polipropileno, Cubeta Met\u00e1lica 13 L de Pl\u00e1stico Polipropileno, Cubeta de Pl\u00e1stico reutilizable, reusable","robots":{"index":"index","follow":"follow","max-snippet":"max-snippet:-1","max-image-preview":"max-image-preview:large","max-video-preview":"max-video-preview:-1"},"canonical":"https:\/\/tecniplastmexico.com\/web\/productos\/platos-vasos-tazas-cubetas-de-polipropileno\/cubeta-asa-metalica-13l-polipropileno-plastico-pp-1466\/","og_locale":"es_MX","og_type":"article","og_title":"Cubeta Asa Met\u00e1lica 13 L PP - 1466","og_description":"Cubeta Asa Met\u00e1lica 13 L de Polipropileno, Cubeta Met\u00e1lica 13 L de Pl\u00e1stico Polipropileno, Cubeta de Pl\u00e1stico reutilizable, reusable","og_url":"https:\/\/tecniplastmexico.com\/web\/productos\/platos-vasos-tazas-cubetas-de-polipropileno\/cubeta-asa-metalica-13l-polipropileno-plastico-pp-1466\/","og_site_name":"Tecniplast M\u00e9xico - Fabricante de Productos de pl\u00e1stico polipropileno, polietileno y policarbonato, Industrial Hogar Alimentos Restaurantes","article_modified_time":"2025-10-07T15:51:56+00:00","og_image":[{"width":436,"height":440,"url":"https:\/\/tecniplastmexico.com\/web\/wp-content\/uploads\/2025\/09\/producto_cubeta_asa_metalica_13L_polipropileno_plastico_PP_1466-436x440.png","type":"image\/png"}],"twitter_card":"summary_large_image","twitter_misc":{"Disponibilidad":"Disponible"},"schema":{"@context":"https:\/\/schema.org","@graph":[{"@type":["WebPage","ItemPage"],"@id":"https:\/\/tecniplastmexico.com\/web\/productos\/platos-vasos-tazas-cubetas-de-polipropileno\/cubeta-asa-metalica-13l-polipropileno-plastico-pp-1466\/","url":"https:\/\/tecniplastmexico.com\/web\/productos\/platos-vasos-tazas-cubetas-de-polipropileno\/cubeta-asa-metalica-13l-polipropileno-plastico-pp-1466\/","name":"Cubeta Asa Pl\u00e1stico con Pico 12 L de Polipropileno","isPartOf":{"@id":"https:\/\/tecniplastmexico.com\/web\/#website"},"primaryImageOfPage":{"@id":"https:\/\/tecniplastmexico.com\/web\/productos\/platos-vasos-tazas-cubetas-de-polipropileno\/cubeta-asa-metalica-13l-polipropileno-plastico-pp-1466\/#primaryimage"},"image":{"@id":"https:\/\/tecniplastmexico.com\/web\/productos\/platos-vasos-tazas-cubetas-de-polipropileno\/cubeta-asa-metalica-13l-polipropileno-plastico-pp-1466\/#primaryimage"},"thumbnailUrl":"https:\/\/tecniplastmexico.com\/web\/wp-content\/uploads\/2025\/09\/producto_cubeta_asa_metalica_13L_polipropileno_plastico_PP_1466.png","datePublished":"2025-09-02T20:07:53+00:00","dateModified":"2025-10-07T15:51:56+00:00","description":"Cubeta Asa Met\u00e1lica 13 L de Polipropileno, Cubeta Met\u00e1lica 13 L de Pl\u00e1stico Polipropileno, Cubeta de Pl\u00e1stico reutilizable, reusable","breadcrumb":{"@id":"https:\/\/tecniplastmexico.com\/web\/productos\/platos-vasos-tazas-cubetas-de-polipropileno\/cubeta-asa-metalica-13l-polipropileno-plastico-pp-1466\/#breadcrumb"},"inLanguage":"es","potentialAction":[{"@type":"ReadAction","target":["https:\/\/tecniplastmexico.com\/web\/productos\/platos-vasos-tazas-cubetas-de-polipropileno\/cubeta-asa-metalica-13l-polipropileno-plastico-pp-1466\/"]}]},{"@type":"ImageObject","inLanguage":"es","@id":"https:\/\/tecniplastmexico.com\/web\/productos\/platos-vasos-tazas-cubetas-de-polipropileno\/cubeta-asa-metalica-13l-polipropileno-plastico-pp-1466\/#primaryimage","url":"https:\/\/tecniplastmexico.com\/web\/wp-content\/uploads\/2025\/09\/producto_cubeta_asa_metalica_13L_polipropileno_plastico_PP_1466.png","contentUrl":"https:\/\/tecniplastmexico.com\/web\/wp-content\/uploads\/2025\/09\/producto_cubeta_asa_metalica_13L_polipropileno_plastico_PP_1466.png","width":1850,"height":1869,"caption":"Cubeta asa Met\u00e1lica 13 L de Polipropileno Pl\u00e1stico PP 1466"},{"@type":"BreadcrumbList","@id":"https:\/\/tecniplastmexico.com\/web\/productos\/platos-vasos-tazas-cubetas-de-polipropileno\/cubeta-asa-metalica-13l-polipropileno-plastico-pp-1466\/#breadcrumb","itemListElement":[{"@type":"ListItem","position":1,"name":"Inicio","item":"https:\/\/tecniplastmexico.com\/web\/"},{"@type":"ListItem","position":2,"name":"Productos","item":"https:\/\/tecniplastmexico.com\/web\/productos\/"},{"@type":"ListItem","position":3,"name":"Cubeta Asa Met\u00e1lica 13 L PP &#8211; 1466"}]},{"@type":"WebSite","@id":"https:\/\/tecniplastmexico.com\/web\/#website","url":"https:\/\/tecniplastmexico.com\/web\/","name":"Tecniplast M\u00e9xico - Fabricante de Productos de pl\u00e1stico polipropileno, polietileno y policarbonato, Industrial Hogar Alimentos Restaurantes","description":"Fabricante de Productos de pl\u00e1stico polipropileno, polietileno y policarbonato, Industrial Hogar Alimentos Restaurantes","publisher":{"@id":"https:\/\/tecniplastmexico.com\/web\/#organization"},"potentialAction":[{"@type":"SearchAction","target":{"@type":"EntryPoint","urlTemplate":"https:\/\/tecniplastmexico.com\/web\/?s={search_term_string}"},"query-input":{"@type":"PropertyValueSpecification","valueRequired":true,"valueName":"search_term_string"}}],"inLanguage":"es"},{"@type":"Organization","@id":"https:\/\/tecniplastmexico.com\/web\/#organization","name":"Tecniplast M\u00e9xico - Fabricante de Productos de pl\u00e1stico polipropileno, polietileno y policarbonato, Industrial Hogar Alimentos Restaurantes","url":"https:\/\/tecniplastmexico.com\/web\/","logo":{"@type":"ImageObject","inLanguage":"es","@id":"https:\/\/tecniplastmexico.com\/web\/#\/schema\/logo\/image\/","url":"https:\/\/tecniplastmexico.com\/web\/wp-content\/uploads\/2025\/07\/Logo_tecniplast.png","contentUrl":"https:\/\/tecniplastmexico.com\/web\/wp-content\/uploads\/2025\/07\/Logo_tecniplast.png","width":848,"height":294,"caption":"Tecniplast M\u00e9xico - Fabricante de Productos de pl\u00e1stico polipropileno, polietileno y policarbonato, Industrial Hogar Alimentos Restaurantes"},"image":{"@id":"https:\/\/tecniplastmexico.com\/web\/#\/schema\/logo\/image\/"}}]},"og_availability":"instock","product_availability":"instock","product_retailer_item_id":"1466","product_condition":"new"},"_links":{"self":[{"href":"https:\/\/tecniplastmexico.com\/web\/wp-json\/wp\/v2\/product\/10260","targetHints":{"allow":["GET"]}}],"collection":[{"href":"https:\/\/tecniplastmexico.com\/web\/wp-json\/wp\/v2\/product"}],"about":[{"href":"https:\/\/tecniplastmexico.com\/web\/wp-json\/wp\/v2\/types\/product"}],"version-history":[{"count":1,"href":"https:\/\/tecniplastmexico.com\/web\/wp-json\/wp\/v2\/product\/10260\/revisions"}],"predecessor-version":[{"id":10268,"href":"https:\/\/tecniplastmexico.com\/web\/wp-json\/wp\/v2\/product\/10260\/revisions\/10268"}],"wp:featuredmedia":[{"embeddable":true,"href":"https:\/\/tecniplastmexico.com\/web\/wp-json\/wp\/v2\/media\/10267"}],"wp:attachment":[{"href":"https:\/\/tecniplastmexico.com\/web\/wp-json\/wp\/v2\/media?parent=10260"}],"wp:term":[{"taxonomy":"product_brand","embeddable":true,"href":"https:\/\/tecniplastmexico.com\/web\/wp-json\/wp\/v2\/product_brand?post=10260"},{"taxonomy":"product_cat","embeddable":true,"href":"https:\/\/tecniplastmexico.com\/web\/wp-json\/wp\/v2\/product_cat?post=10260"},{"taxonomy":"product_tag","embeddable":true,"href":"https:\/\/tecniplastmexico.com\/web\/wp-json\/wp\/v2\/product_tag?post=10260"}],"curies":[{"name":"wp","href":"https:\/\/api.w.org\/{rel}","templated":true}]}}