{"id":10327,"date":"2025-09-02T19:46:46","date_gmt":"2025-09-03T01:46:46","guid":{"rendered":"https:\/\/tecniplastmexico.com\/web\/?post_type=product&#038;p=10327"},"modified":"2025-10-08T11:55:40","modified_gmt":"2025-10-08T17:55:40","slug":"cubeta-con-tapa-asa-plastico-5l-polipropileno-plastico-pp-1468","status":"publish","type":"product","link":"https:\/\/tecniplastmexico.com\/web\/productos\/platos-vasos-tazas-cubetas-de-polipropileno\/cubeta-con-tapa-asa-plastico-5l-polipropileno-plastico-pp-1468\/","title":{"rendered":"Cubeta con Tapa Asa Pl\u00e1stico 5 L PP &#8211; 1468"},"content":{"rendered":"<p><strong>C\u00f3digo:<\/strong> 1468<br \/>\n<strong>Categor\u00eda:<\/strong> <a href=\"https:\/\/tecniplastmexico.com\/web\/index.php\/categoria-producto\/platos-vasos-tazas-cubetas-de-polipropileno\/\">L\u00ednea Polipropileno<\/a>, <a href=\"https:\/\/tecniplastmexico.com\/web\/index.php\/categoria-producto\/platos-vasos-tazas-cubetas-de-polipropileno\/articulos-limpieza-plastico-polirpopileno\/\">Limpieza<\/a><br \/>\n<strong>Material:<\/strong> Polipropileno<\/p>\n","protected":false},"excerpt":{"rendered":"<p><strong><br \/>\nC\u00f3digo: <\/strong>1468<\/p>\n<p><strong>Piezas por caja:<\/strong> 25<br \/>\n<strong>Capacidad:<\/strong> 5000 ml<br \/>\n<strong>Medidas:\u00a0<\/strong>\u00d8s = 21.0 cm, \u00d8i = 16.0 cm, H = 21.0 cm<br \/>\n<strong>Colores:<\/strong> Cuerpo Natural con Tapa de Colores Combinados, Cuerpo Colores Combinados con Tapa Natural, Cuerpo Natural con Tapa Natural<\/p>\n","protected":false},"featured_media":10334,"template":"","meta":[],"product_brand":[],"product_cat":[125,383],"product_tag":[133,774,771,785,772,784,769,770],"class_list":{"0":"post-10327","1":"product","2":"type-product","3":"status-publish","4":"has-post-thumbnail","6":"product_cat-articulos-limpieza-plastico-polirpopileno","7":"product_cat-platos-vasos-tazas-cubetas-de-polipropileno","8":"product_tag-cubeta","9":"product_tag-cubeta-asa-plastico","10":"product_tag-cubeta-con-tapa","11":"product_tag-cubeta-con-tapa-5-l","12":"product_tag-cubeta-con-tapa-asa-de-plastico","13":"product_tag-cubeta-con-tapa-asa-plastico-5-l","14":"product_tag-cubeta-con-tapa-de-plastico","15":"product_tag-cubeta-con-tapa-de-polipropileno","16":"pa_color-amarillo-blanco-combinado","17":"pa_color-naranja-blanco-combinado","18":"pa_color-rojo-blanco-combinado","19":"pa_color-verde-blanco-combinado","20":"pa_color-azul-blanco-combinado","21":"pa_color-blanco-amarillo-combinado","22":"pa_color-blanco-naranja-combinado","23":"pa_color-blanco-rojo-combinado","24":"pa_color-blanco-verde-combinado","25":"pa_color-blanco-azul-combinado","26":"pa_color-natural-tapa-natural","29":"instock","30":"shipping-taxable","31":"product-type-variable","32":"wvs-archive-product-wrapper"},"yoast_head":"<!-- This site is optimized with the Yoast SEO Premium plugin v25.5 (Yoast SEO v27.0) - https:\/\/yoast.com\/product\/yoast-seo-premium-wordpress\/ -->\n<title>Cubeta con Tapa Asa Pl\u00e1stico 5 L de Polipropileno<\/title>\n<meta name=\"description\" content=\"Cubeta con Tapa Asa Pl\u00e1stico 5 L de Polipropileno, Cubeta con Tapa Asa Pl\u00e1stico 5 L de Pl\u00e1stico\" \/>\n<meta name=\"robots\" content=\"index, follow, max-snippet:-1, max-image-preview:large, max-video-preview:-1\" \/>\n<link rel=\"canonical\" href=\"https:\/\/tecniplastmexico.com\/web\/productos\/platos-vasos-tazas-cubetas-de-polipropileno\/cubeta-con-tapa-asa-plastico-5l-polipropileno-plastico-pp-1468\/\" \/>\n<meta property=\"og:locale\" content=\"es_MX\" \/>\n<meta property=\"og:type\" content=\"article\" \/>\n<meta property=\"og:title\" content=\"Cubeta con Tapa Asa Pl\u00e1stico 5 L PP - 1468\" \/>\n<meta property=\"og:description\" content=\"Cubeta con Tapa Asa Pl\u00e1stico 5 L de Polipropileno, Cubeta con Tapa Asa Pl\u00e1stico 5 L de Pl\u00e1stico\" \/>\n<meta property=\"og:url\" content=\"https:\/\/tecniplastmexico.com\/web\/productos\/platos-vasos-tazas-cubetas-de-polipropileno\/cubeta-con-tapa-asa-plastico-5l-polipropileno-plastico-pp-1468\/\" \/>\n<meta property=\"og:site_name\" content=\"Tecniplast M\u00e9xico - Fabricante de Productos de pl\u00e1stico polipropileno, polietileno y policarbonato, Industrial Hogar Alimentos Restaurantes\" \/>\n<meta property=\"article:modified_time\" content=\"2025-10-08T17:55:40+00:00\" \/>\n<meta property=\"og:image\" content=\"https:\/\/tecniplastmexico.com\/web\/wp-content\/uploads\/2025\/09\/producto_cubeta_con_tapa_asa_plastico_5L_polipropileno_plastico_PP_1468.png\" \/>\n\t<meta property=\"og:image:width\" content=\"500\" \/>\n\t<meta property=\"og:image:height\" content=\"500\" \/>\n\t<meta property=\"og:image:type\" content=\"image\/png\" \/>\n<meta name=\"twitter:card\" content=\"summary_large_image\" \/>\n<meta name=\"twitter:label1\" content=\"Disponibilidad\" \/>\n\t<meta name=\"twitter:data1\" content=\"Disponible\" \/>\n<script type=\"application\/ld+json\" class=\"yoast-schema-graph\">{\"@context\":\"https:\/\/schema.org\",\"@graph\":[{\"@type\":[\"WebPage\",\"ItemPage\"],\"@id\":\"https:\/\/tecniplastmexico.com\/web\/productos\/platos-vasos-tazas-cubetas-de-polipropileno\/cubeta-con-tapa-asa-plastico-5l-polipropileno-plastico-pp-1468\/\",\"url\":\"https:\/\/tecniplastmexico.com\/web\/productos\/platos-vasos-tazas-cubetas-de-polipropileno\/cubeta-con-tapa-asa-plastico-5l-polipropileno-plastico-pp-1468\/\",\"name\":\"Cubeta con Tapa Asa Pl\u00e1stico 5 L de Polipropileno\",\"isPartOf\":{\"@id\":\"https:\/\/tecniplastmexico.com\/web\/#website\"},\"primaryImageOfPage\":{\"@id\":\"https:\/\/tecniplastmexico.com\/web\/productos\/platos-vasos-tazas-cubetas-de-polipropileno\/cubeta-con-tapa-asa-plastico-5l-polipropileno-plastico-pp-1468\/#primaryimage\"},\"image\":{\"@id\":\"https:\/\/tecniplastmexico.com\/web\/productos\/platos-vasos-tazas-cubetas-de-polipropileno\/cubeta-con-tapa-asa-plastico-5l-polipropileno-plastico-pp-1468\/#primaryimage\"},\"thumbnailUrl\":\"https:\/\/tecniplastmexico.com\/web\/wp-content\/uploads\/2025\/09\/producto_cubeta_con_tapa_asa_plastico_5L_polipropileno_plastico_PP_1468.png\",\"datePublished\":\"2025-09-03T01:46:46+00:00\",\"dateModified\":\"2025-10-08T17:55:40+00:00\",\"description\":\"Cubeta con Tapa Asa Pl\u00e1stico 5 L de Polipropileno, Cubeta con Tapa Asa Pl\u00e1stico 5 L de Pl\u00e1stico\",\"breadcrumb\":{\"@id\":\"https:\/\/tecniplastmexico.com\/web\/productos\/platos-vasos-tazas-cubetas-de-polipropileno\/cubeta-con-tapa-asa-plastico-5l-polipropileno-plastico-pp-1468\/#breadcrumb\"},\"inLanguage\":\"es\",\"potentialAction\":[{\"@type\":\"ReadAction\",\"target\":[\"https:\/\/tecniplastmexico.com\/web\/productos\/platos-vasos-tazas-cubetas-de-polipropileno\/cubeta-con-tapa-asa-plastico-5l-polipropileno-plastico-pp-1468\/\"]}]},{\"@type\":\"ImageObject\",\"inLanguage\":\"es\",\"@id\":\"https:\/\/tecniplastmexico.com\/web\/productos\/platos-vasos-tazas-cubetas-de-polipropileno\/cubeta-con-tapa-asa-plastico-5l-polipropileno-plastico-pp-1468\/#primaryimage\",\"url\":\"https:\/\/tecniplastmexico.com\/web\/wp-content\/uploads\/2025\/09\/producto_cubeta_con_tapa_asa_plastico_5L_polipropileno_plastico_PP_1468.png\",\"contentUrl\":\"https:\/\/tecniplastmexico.com\/web\/wp-content\/uploads\/2025\/09\/producto_cubeta_con_tapa_asa_plastico_5L_polipropileno_plastico_PP_1468.png\",\"width\":500,\"height\":500,\"caption\":\"Cubeta con Tapa Asa Pl\u00e1stico 5 L Polipropileno Pl\u00e1stico PP 1468\"},{\"@type\":\"BreadcrumbList\",\"@id\":\"https:\/\/tecniplastmexico.com\/web\/productos\/platos-vasos-tazas-cubetas-de-polipropileno\/cubeta-con-tapa-asa-plastico-5l-polipropileno-plastico-pp-1468\/#breadcrumb\",\"itemListElement\":[{\"@type\":\"ListItem\",\"position\":1,\"name\":\"Inicio\",\"item\":\"https:\/\/tecniplastmexico.com\/web\/\"},{\"@type\":\"ListItem\",\"position\":2,\"name\":\"Productos\",\"item\":\"https:\/\/tecniplastmexico.com\/web\/productos\/\"},{\"@type\":\"ListItem\",\"position\":3,\"name\":\"Cubeta con Tapa Asa Pl\u00e1stico 5 L PP &#8211; 1468\"}]},{\"@type\":\"WebSite\",\"@id\":\"https:\/\/tecniplastmexico.com\/web\/#website\",\"url\":\"https:\/\/tecniplastmexico.com\/web\/\",\"name\":\"Tecniplast M\u00e9xico - Fabricante de Productos de pl\u00e1stico polipropileno, polietileno y policarbonato, Industrial Hogar Alimentos Restaurantes\",\"description\":\"Fabricante de Productos de pl\u00e1stico polipropileno, polietileno y policarbonato, Industrial Hogar Alimentos Restaurantes\",\"publisher\":{\"@id\":\"https:\/\/tecniplastmexico.com\/web\/#organization\"},\"potentialAction\":[{\"@type\":\"SearchAction\",\"target\":{\"@type\":\"EntryPoint\",\"urlTemplate\":\"https:\/\/tecniplastmexico.com\/web\/?s={search_term_string}\"},\"query-input\":{\"@type\":\"PropertyValueSpecification\",\"valueRequired\":true,\"valueName\":\"search_term_string\"}}],\"inLanguage\":\"es\"},{\"@type\":\"Organization\",\"@id\":\"https:\/\/tecniplastmexico.com\/web\/#organization\",\"name\":\"Tecniplast M\u00e9xico - Fabricante de Productos de pl\u00e1stico polipropileno, polietileno y policarbonato, Industrial Hogar Alimentos Restaurantes\",\"url\":\"https:\/\/tecniplastmexico.com\/web\/\",\"logo\":{\"@type\":\"ImageObject\",\"inLanguage\":\"es\",\"@id\":\"https:\/\/tecniplastmexico.com\/web\/#\/schema\/logo\/image\/\",\"url\":\"https:\/\/tecniplastmexico.com\/web\/wp-content\/uploads\/2025\/07\/Logo_tecniplast.png\",\"contentUrl\":\"https:\/\/tecniplastmexico.com\/web\/wp-content\/uploads\/2025\/07\/Logo_tecniplast.png\",\"width\":848,\"height\":294,\"caption\":\"Tecniplast M\u00e9xico - Fabricante de Productos de pl\u00e1stico polipropileno, polietileno y policarbonato, Industrial Hogar Alimentos Restaurantes\"},\"image\":{\"@id\":\"https:\/\/tecniplastmexico.com\/web\/#\/schema\/logo\/image\/\"}}]}<\/script>\n<meta property=\"og:availability\" content=\"instock\" \/>\n<meta property=\"product:availability\" content=\"instock\" \/>\n<meta property=\"product:retailer_item_id\" content=\"1468\" \/>\n<meta property=\"product:condition\" content=\"new\" \/>\n<!-- \/ Yoast SEO Premium plugin. -->","yoast_head_json":{"title":"Cubeta con Tapa Asa Pl\u00e1stico 5 L de Polipropileno","description":"Cubeta con Tapa Asa Pl\u00e1stico 5 L de Polipropileno, Cubeta con Tapa Asa Pl\u00e1stico 5 L de Pl\u00e1stico","robots":{"index":"index","follow":"follow","max-snippet":"max-snippet:-1","max-image-preview":"max-image-preview:large","max-video-preview":"max-video-preview:-1"},"canonical":"https:\/\/tecniplastmexico.com\/web\/productos\/platos-vasos-tazas-cubetas-de-polipropileno\/cubeta-con-tapa-asa-plastico-5l-polipropileno-plastico-pp-1468\/","og_locale":"es_MX","og_type":"article","og_title":"Cubeta con Tapa Asa Pl\u00e1stico 5 L PP - 1468","og_description":"Cubeta con Tapa Asa Pl\u00e1stico 5 L de Polipropileno, Cubeta con Tapa Asa Pl\u00e1stico 5 L de Pl\u00e1stico","og_url":"https:\/\/tecniplastmexico.com\/web\/productos\/platos-vasos-tazas-cubetas-de-polipropileno\/cubeta-con-tapa-asa-plastico-5l-polipropileno-plastico-pp-1468\/","og_site_name":"Tecniplast M\u00e9xico - Fabricante de Productos de pl\u00e1stico polipropileno, polietileno y policarbonato, Industrial Hogar Alimentos Restaurantes","article_modified_time":"2025-10-08T17:55:40+00:00","og_image":[{"width":500,"height":500,"url":"https:\/\/tecniplastmexico.com\/web\/wp-content\/uploads\/2025\/09\/producto_cubeta_con_tapa_asa_plastico_5L_polipropileno_plastico_PP_1468.png","type":"image\/png"}],"twitter_card":"summary_large_image","twitter_misc":{"Disponibilidad":"Disponible"},"schema":{"@context":"https:\/\/schema.org","@graph":[{"@type":["WebPage","ItemPage"],"@id":"https:\/\/tecniplastmexico.com\/web\/productos\/platos-vasos-tazas-cubetas-de-polipropileno\/cubeta-con-tapa-asa-plastico-5l-polipropileno-plastico-pp-1468\/","url":"https:\/\/tecniplastmexico.com\/web\/productos\/platos-vasos-tazas-cubetas-de-polipropileno\/cubeta-con-tapa-asa-plastico-5l-polipropileno-plastico-pp-1468\/","name":"Cubeta con Tapa Asa Pl\u00e1stico 5 L de Polipropileno","isPartOf":{"@id":"https:\/\/tecniplastmexico.com\/web\/#website"},"primaryImageOfPage":{"@id":"https:\/\/tecniplastmexico.com\/web\/productos\/platos-vasos-tazas-cubetas-de-polipropileno\/cubeta-con-tapa-asa-plastico-5l-polipropileno-plastico-pp-1468\/#primaryimage"},"image":{"@id":"https:\/\/tecniplastmexico.com\/web\/productos\/platos-vasos-tazas-cubetas-de-polipropileno\/cubeta-con-tapa-asa-plastico-5l-polipropileno-plastico-pp-1468\/#primaryimage"},"thumbnailUrl":"https:\/\/tecniplastmexico.com\/web\/wp-content\/uploads\/2025\/09\/producto_cubeta_con_tapa_asa_plastico_5L_polipropileno_plastico_PP_1468.png","datePublished":"2025-09-03T01:46:46+00:00","dateModified":"2025-10-08T17:55:40+00:00","description":"Cubeta con Tapa Asa Pl\u00e1stico 5 L de Polipropileno, Cubeta con Tapa Asa Pl\u00e1stico 5 L de Pl\u00e1stico","breadcrumb":{"@id":"https:\/\/tecniplastmexico.com\/web\/productos\/platos-vasos-tazas-cubetas-de-polipropileno\/cubeta-con-tapa-asa-plastico-5l-polipropileno-plastico-pp-1468\/#breadcrumb"},"inLanguage":"es","potentialAction":[{"@type":"ReadAction","target":["https:\/\/tecniplastmexico.com\/web\/productos\/platos-vasos-tazas-cubetas-de-polipropileno\/cubeta-con-tapa-asa-plastico-5l-polipropileno-plastico-pp-1468\/"]}]},{"@type":"ImageObject","inLanguage":"es","@id":"https:\/\/tecniplastmexico.com\/web\/productos\/platos-vasos-tazas-cubetas-de-polipropileno\/cubeta-con-tapa-asa-plastico-5l-polipropileno-plastico-pp-1468\/#primaryimage","url":"https:\/\/tecniplastmexico.com\/web\/wp-content\/uploads\/2025\/09\/producto_cubeta_con_tapa_asa_plastico_5L_polipropileno_plastico_PP_1468.png","contentUrl":"https:\/\/tecniplastmexico.com\/web\/wp-content\/uploads\/2025\/09\/producto_cubeta_con_tapa_asa_plastico_5L_polipropileno_plastico_PP_1468.png","width":500,"height":500,"caption":"Cubeta con Tapa Asa Pl\u00e1stico 5 L Polipropileno Pl\u00e1stico PP 1468"},{"@type":"BreadcrumbList","@id":"https:\/\/tecniplastmexico.com\/web\/productos\/platos-vasos-tazas-cubetas-de-polipropileno\/cubeta-con-tapa-asa-plastico-5l-polipropileno-plastico-pp-1468\/#breadcrumb","itemListElement":[{"@type":"ListItem","position":1,"name":"Inicio","item":"https:\/\/tecniplastmexico.com\/web\/"},{"@type":"ListItem","position":2,"name":"Productos","item":"https:\/\/tecniplastmexico.com\/web\/productos\/"},{"@type":"ListItem","position":3,"name":"Cubeta con Tapa Asa Pl\u00e1stico 5 L PP &#8211; 1468"}]},{"@type":"WebSite","@id":"https:\/\/tecniplastmexico.com\/web\/#website","url":"https:\/\/tecniplastmexico.com\/web\/","name":"Tecniplast M\u00e9xico - Fabricante de Productos de pl\u00e1stico polipropileno, polietileno y policarbonato, Industrial Hogar Alimentos Restaurantes","description":"Fabricante de Productos de pl\u00e1stico polipropileno, polietileno y policarbonato, Industrial Hogar Alimentos Restaurantes","publisher":{"@id":"https:\/\/tecniplastmexico.com\/web\/#organization"},"potentialAction":[{"@type":"SearchAction","target":{"@type":"EntryPoint","urlTemplate":"https:\/\/tecniplastmexico.com\/web\/?s={search_term_string}"},"query-input":{"@type":"PropertyValueSpecification","valueRequired":true,"valueName":"search_term_string"}}],"inLanguage":"es"},{"@type":"Organization","@id":"https:\/\/tecniplastmexico.com\/web\/#organization","name":"Tecniplast M\u00e9xico - Fabricante de Productos de pl\u00e1stico polipropileno, polietileno y policarbonato, Industrial Hogar Alimentos Restaurantes","url":"https:\/\/tecniplastmexico.com\/web\/","logo":{"@type":"ImageObject","inLanguage":"es","@id":"https:\/\/tecniplastmexico.com\/web\/#\/schema\/logo\/image\/","url":"https:\/\/tecniplastmexico.com\/web\/wp-content\/uploads\/2025\/07\/Logo_tecniplast.png","contentUrl":"https:\/\/tecniplastmexico.com\/web\/wp-content\/uploads\/2025\/07\/Logo_tecniplast.png","width":848,"height":294,"caption":"Tecniplast M\u00e9xico - Fabricante de Productos de pl\u00e1stico polipropileno, polietileno y policarbonato, Industrial Hogar Alimentos Restaurantes"},"image":{"@id":"https:\/\/tecniplastmexico.com\/web\/#\/schema\/logo\/image\/"}}]},"og_availability":"instock","product_availability":"instock","product_retailer_item_id":"1468","product_condition":"new"},"_links":{"self":[{"href":"https:\/\/tecniplastmexico.com\/web\/wp-json\/wp\/v2\/product\/10327","targetHints":{"allow":["GET"]}}],"collection":[{"href":"https:\/\/tecniplastmexico.com\/web\/wp-json\/wp\/v2\/product"}],"about":[{"href":"https:\/\/tecniplastmexico.com\/web\/wp-json\/wp\/v2\/types\/product"}],"version-history":[{"count":2,"href":"https:\/\/tecniplastmexico.com\/web\/wp-json\/wp\/v2\/product\/10327\/revisions"}],"predecessor-version":[{"id":10377,"href":"https:\/\/tecniplastmexico.com\/web\/wp-json\/wp\/v2\/product\/10327\/revisions\/10377"}],"wp:featuredmedia":[{"embeddable":true,"href":"https:\/\/tecniplastmexico.com\/web\/wp-json\/wp\/v2\/media\/10334"}],"wp:attachment":[{"href":"https:\/\/tecniplastmexico.com\/web\/wp-json\/wp\/v2\/media?parent=10327"}],"wp:term":[{"taxonomy":"product_brand","embeddable":true,"href":"https:\/\/tecniplastmexico.com\/web\/wp-json\/wp\/v2\/product_brand?post=10327"},{"taxonomy":"product_cat","embeddable":true,"href":"https:\/\/tecniplastmexico.com\/web\/wp-json\/wp\/v2\/product_cat?post=10327"},{"taxonomy":"product_tag","embeddable":true,"href":"https:\/\/tecniplastmexico.com\/web\/wp-json\/wp\/v2\/product_tag?post=10327"}],"curies":[{"name":"wp","href":"https:\/\/api.w.org\/{rel}","templated":true}]}}