{"id":10475,"date":"2025-09-04T14:05:58","date_gmt":"2025-09-04T20:05:58","guid":{"rendered":"https:\/\/tecniplastmexico.com\/web\/?post_type=product&#038;p=10475"},"modified":"2026-04-08T10:35:53","modified_gmt":"2026-04-08T16:35:53","slug":"vaso-edicion-especial-1-l-pp-con-tapa-y-popote-9020","status":"publish","type":"product","link":"https:\/\/tecniplastmexico.com\/web\/productos\/platos-vasos-tazas-cubetas-de-polipropileno\/vaso-edicion-especial-1-l-pp-con-tapa-y-popote-9020\/","title":{"rendered":"Vaso Edici\u00f3n Especial 1 L PP con Tapa y Popote &#8211; 9020"},"content":{"rendered":"<p><strong>C\u00f3digo:<\/strong> 9020 <strong>Categor\u00eda:<\/strong> <a href=\"https:\/\/tecniplastmexico.com\/web\/index.php\/categoria-producto\/platos-vasos-tazas-cubetas-de-polipropileno\/\">L\u00ednea Polipropileno<\/a>, <a href=\"https:\/\/tecniplastmexico.com\/web\/index.php\/categoria-producto\/platos-vasos-tazas-cubetas-de-polipropileno\/vaso-de-polipropileno-plastico\/\">Vasos<\/a> <strong>Material:<\/strong> Polipropileno<\/p>\n","protected":false},"excerpt":{"rendered":"<p><strong> C\u00f3digo: <\/strong>9020 <strong>Piezas por caja:\u00a0<\/strong>72 <strong>Capacidad:\u00a0<\/strong>33.8 oz \/1000 ml <strong>Medidas:\u00a0<\/strong>\u00d8s = 10.0 cm, \u00d8i = 7.0 cm, H = 17.0 cm <strong>Colores: <\/strong>Cuerpo y Tapa Trasl\u00facidos Combinados Popote Natural<\/p>\n","protected":false},"featured_media":11739,"template":"","meta":[],"product_brand":[],"product_cat":[383,132],"product_tag":[830,431,257,432,250,420,388,411],"class_list":{"0":"post-10475","1":"product","2":"type-product","3":"status-publish","4":"has-post-thumbnail","6":"product_cat-platos-vasos-tazas-cubetas-de-polipropileno","7":"product_cat-vaso-de-polipropileno-plastico","8":"product_tag-vaso-con-tapa","9":"product_tag-vaso-con-tapa-de-polipropileno","10":"product_tag-vaso-con-tapa-y-popote","11":"product_tag-vaso-con-tapap-y-popote-de-plastico","12":"product_tag-vaso-de-plastico","13":"product_tag-vaso-edicion-especial","14":"product_tag-vaso-polipropileno","15":"product_tag-vaso-traslucido-de-polipropileno","16":"pa_color-nada","17":"pa_color-traslucido-granito-violeta","18":"pa_color-traslucido-granito-naranja","19":"pa_color-traslucido-granito-rojo","20":"pa_color-traslucido-granito-verde","21":"pa_color-traslucido-granito-azul","22":"pa_color-traslucido-granito","23":"pa_color-traslucido-granito-cafe","24":"pa_color-traslucido-granito-negro","25":"pa_color-traslucido-granito-blanco","28":"instock","29":"shipping-taxable","30":"product-type-variable","31":"wvs-archive-product-wrapper"},"yoast_head":"<!-- This site is optimized with the Yoast SEO Premium plugin v25.5 (Yoast SEO v27.0) - https:\/\/yoast.com\/product\/yoast-seo-premium-wordpress\/ -->\n<title>Vaso Edici\u00f3n Especial 1 L PP con Tapa y Popote<\/title>\n<meta name=\"description\" content=\"Vaso Edici\u00f3n Especial 1 L PP con Tapa y Popote de Polipropileno, Vaso Edici\u00f3n Especial 1 L PP con Tapa y Popote de Pl\u00e1stico\" \/>\n<meta name=\"robots\" content=\"index, follow, max-snippet:-1, max-image-preview:large, max-video-preview:-1\" \/>\n<link rel=\"canonical\" href=\"https:\/\/tecniplastmexico.com\/web\/productos\/platos-vasos-tazas-cubetas-de-polipropileno\/vaso-edicion-especial-1-l-pp-con-tapa-y-popote-9020\/\" \/>\n<meta property=\"og:locale\" content=\"es_MX\" \/>\n<meta property=\"og:type\" content=\"article\" \/>\n<meta property=\"og:title\" content=\"Vaso Edici\u00f3n Especial 1 L PP con Tapa y Popote - 9020\" \/>\n<meta property=\"og:description\" content=\"Vaso Edici\u00f3n Especial 1 L PP con Tapa y Popote de Polipropileno, Vaso Edici\u00f3n Especial 1 L PP con Tapa y Popote de Pl\u00e1stico\" \/>\n<meta property=\"og:url\" content=\"https:\/\/tecniplastmexico.com\/web\/productos\/platos-vasos-tazas-cubetas-de-polipropileno\/vaso-edicion-especial-1-l-pp-con-tapa-y-popote-9020\/\" \/>\n<meta property=\"og:site_name\" content=\"Tecniplast M\u00e9xico - Fabricante de Productos de pl\u00e1stico polipropileno, polietileno y policarbonato, Industrial Hogar Alimentos Restaurantes\" \/>\n<meta property=\"article:modified_time\" content=\"2026-04-08T16:35:53+00:00\" \/>\n<meta property=\"og:image\" content=\"https:\/\/tecniplastmexico.com\/web\/wp-content\/uploads\/2025\/09\/WhatsApp-Image-2026-04-08-at-10.20.27-AM.jpeg\" \/>\n\t<meta property=\"og:image:width\" content=\"896\" \/>\n\t<meta property=\"og:image:height\" content=\"1195\" \/>\n\t<meta property=\"og:image:type\" content=\"image\/jpeg\" \/>\n<meta name=\"twitter:card\" content=\"summary_large_image\" \/>\n<meta name=\"twitter:label1\" content=\"Disponibilidad\" \/>\n\t<meta name=\"twitter:data1\" content=\"Disponible\" \/>\n<script type=\"application\/ld+json\" class=\"yoast-schema-graph\">{\"@context\":\"https:\/\/schema.org\",\"@graph\":[{\"@type\":[\"WebPage\",\"ItemPage\"],\"@id\":\"https:\/\/tecniplastmexico.com\/web\/productos\/platos-vasos-tazas-cubetas-de-polipropileno\/vaso-edicion-especial-1-l-pp-con-tapa-y-popote-9020\/\",\"url\":\"https:\/\/tecniplastmexico.com\/web\/productos\/platos-vasos-tazas-cubetas-de-polipropileno\/vaso-edicion-especial-1-l-pp-con-tapa-y-popote-9020\/\",\"name\":\"Vaso Edici\u00f3n Especial 1 L PP con Tapa y Popote\",\"isPartOf\":{\"@id\":\"https:\/\/tecniplastmexico.com\/web\/#website\"},\"primaryImageOfPage\":{\"@id\":\"https:\/\/tecniplastmexico.com\/web\/productos\/platos-vasos-tazas-cubetas-de-polipropileno\/vaso-edicion-especial-1-l-pp-con-tapa-y-popote-9020\/#primaryimage\"},\"image\":{\"@id\":\"https:\/\/tecniplastmexico.com\/web\/productos\/platos-vasos-tazas-cubetas-de-polipropileno\/vaso-edicion-especial-1-l-pp-con-tapa-y-popote-9020\/#primaryimage\"},\"thumbnailUrl\":\"https:\/\/tecniplastmexico.com\/web\/wp-content\/uploads\/2025\/09\/WhatsApp-Image-2026-04-08-at-10.20.27-AM.jpeg\",\"datePublished\":\"2025-09-04T20:05:58+00:00\",\"dateModified\":\"2026-04-08T16:35:53+00:00\",\"description\":\"Vaso Edici\u00f3n Especial 1 L PP con Tapa y Popote de Polipropileno, Vaso Edici\u00f3n Especial 1 L PP con Tapa y Popote de Pl\u00e1stico\",\"breadcrumb\":{\"@id\":\"https:\/\/tecniplastmexico.com\/web\/productos\/platos-vasos-tazas-cubetas-de-polipropileno\/vaso-edicion-especial-1-l-pp-con-tapa-y-popote-9020\/#breadcrumb\"},\"inLanguage\":\"es\",\"potentialAction\":[{\"@type\":\"ReadAction\",\"target\":[\"https:\/\/tecniplastmexico.com\/web\/productos\/platos-vasos-tazas-cubetas-de-polipropileno\/vaso-edicion-especial-1-l-pp-con-tapa-y-popote-9020\/\"]}]},{\"@type\":\"ImageObject\",\"inLanguage\":\"es\",\"@id\":\"https:\/\/tecniplastmexico.com\/web\/productos\/platos-vasos-tazas-cubetas-de-polipropileno\/vaso-edicion-especial-1-l-pp-con-tapa-y-popote-9020\/#primaryimage\",\"url\":\"https:\/\/tecniplastmexico.com\/web\/wp-content\/uploads\/2025\/09\/WhatsApp-Image-2026-04-08-at-10.20.27-AM.jpeg\",\"contentUrl\":\"https:\/\/tecniplastmexico.com\/web\/wp-content\/uploads\/2025\/09\/WhatsApp-Image-2026-04-08-at-10.20.27-AM.jpeg\",\"width\":896,\"height\":1195,\"caption\":\"VASO EDICION ESPECIAL 1 L POLIPROPILENO 9020\"},{\"@type\":\"BreadcrumbList\",\"@id\":\"https:\/\/tecniplastmexico.com\/web\/productos\/platos-vasos-tazas-cubetas-de-polipropileno\/vaso-edicion-especial-1-l-pp-con-tapa-y-popote-9020\/#breadcrumb\",\"itemListElement\":[{\"@type\":\"ListItem\",\"position\":1,\"name\":\"Inicio\",\"item\":\"https:\/\/tecniplastmexico.com\/web\/\"},{\"@type\":\"ListItem\",\"position\":2,\"name\":\"Productos\",\"item\":\"https:\/\/tecniplastmexico.com\/web\/productos\/\"},{\"@type\":\"ListItem\",\"position\":3,\"name\":\"Vaso Edici\u00f3n Especial 1 L PP con Tapa y Popote &#8211; 9020\"}]},{\"@type\":\"WebSite\",\"@id\":\"https:\/\/tecniplastmexico.com\/web\/#website\",\"url\":\"https:\/\/tecniplastmexico.com\/web\/\",\"name\":\"Tecniplast M\u00e9xico - Fabricante de Productos de pl\u00e1stico polipropileno, polietileno y policarbonato, Industrial Hogar Alimentos Restaurantes\",\"description\":\"Fabricante de Productos de pl\u00e1stico polipropileno, polietileno y policarbonato, Industrial Hogar Alimentos Restaurantes\",\"publisher\":{\"@id\":\"https:\/\/tecniplastmexico.com\/web\/#organization\"},\"potentialAction\":[{\"@type\":\"SearchAction\",\"target\":{\"@type\":\"EntryPoint\",\"urlTemplate\":\"https:\/\/tecniplastmexico.com\/web\/?s={search_term_string}\"},\"query-input\":{\"@type\":\"PropertyValueSpecification\",\"valueRequired\":true,\"valueName\":\"search_term_string\"}}],\"inLanguage\":\"es\"},{\"@type\":\"Organization\",\"@id\":\"https:\/\/tecniplastmexico.com\/web\/#organization\",\"name\":\"Tecniplast M\u00e9xico - Fabricante de Productos de pl\u00e1stico polipropileno, polietileno y policarbonato, Industrial Hogar Alimentos Restaurantes\",\"url\":\"https:\/\/tecniplastmexico.com\/web\/\",\"logo\":{\"@type\":\"ImageObject\",\"inLanguage\":\"es\",\"@id\":\"https:\/\/tecniplastmexico.com\/web\/#\/schema\/logo\/image\/\",\"url\":\"https:\/\/tecniplastmexico.com\/web\/wp-content\/uploads\/2025\/07\/Logo_tecniplast.png\",\"contentUrl\":\"https:\/\/tecniplastmexico.com\/web\/wp-content\/uploads\/2025\/07\/Logo_tecniplast.png\",\"width\":848,\"height\":294,\"caption\":\"Tecniplast M\u00e9xico - Fabricante de Productos de pl\u00e1stico polipropileno, polietileno y policarbonato, Industrial Hogar Alimentos Restaurantes\"},\"image\":{\"@id\":\"https:\/\/tecniplastmexico.com\/web\/#\/schema\/logo\/image\/\"}}]}<\/script>\n<meta property=\"og:availability\" content=\"instock\" \/>\n<meta property=\"product:availability\" content=\"instock\" \/>\n<meta property=\"product:retailer_item_id\" content=\"9020\" \/>\n<meta property=\"product:condition\" content=\"new\" \/>\n<!-- \/ Yoast SEO Premium plugin. -->","yoast_head_json":{"title":"Vaso Edici\u00f3n Especial 1 L PP con Tapa y Popote","description":"Vaso Edici\u00f3n Especial 1 L PP con Tapa y Popote de Polipropileno, Vaso Edici\u00f3n Especial 1 L PP con Tapa y Popote de Pl\u00e1stico","robots":{"index":"index","follow":"follow","max-snippet":"max-snippet:-1","max-image-preview":"max-image-preview:large","max-video-preview":"max-video-preview:-1"},"canonical":"https:\/\/tecniplastmexico.com\/web\/productos\/platos-vasos-tazas-cubetas-de-polipropileno\/vaso-edicion-especial-1-l-pp-con-tapa-y-popote-9020\/","og_locale":"es_MX","og_type":"article","og_title":"Vaso Edici\u00f3n Especial 1 L PP con Tapa y Popote - 9020","og_description":"Vaso Edici\u00f3n Especial 1 L PP con Tapa y Popote de Polipropileno, Vaso Edici\u00f3n Especial 1 L PP con Tapa y Popote de Pl\u00e1stico","og_url":"https:\/\/tecniplastmexico.com\/web\/productos\/platos-vasos-tazas-cubetas-de-polipropileno\/vaso-edicion-especial-1-l-pp-con-tapa-y-popote-9020\/","og_site_name":"Tecniplast M\u00e9xico - Fabricante de Productos de pl\u00e1stico polipropileno, polietileno y policarbonato, Industrial Hogar Alimentos Restaurantes","article_modified_time":"2026-04-08T16:35:53+00:00","og_image":[{"width":896,"height":1195,"url":"https:\/\/tecniplastmexico.com\/web\/wp-content\/uploads\/2025\/09\/WhatsApp-Image-2026-04-08-at-10.20.27-AM.jpeg","type":"image\/jpeg"}],"twitter_card":"summary_large_image","twitter_misc":{"Disponibilidad":"Disponible"},"schema":{"@context":"https:\/\/schema.org","@graph":[{"@type":["WebPage","ItemPage"],"@id":"https:\/\/tecniplastmexico.com\/web\/productos\/platos-vasos-tazas-cubetas-de-polipropileno\/vaso-edicion-especial-1-l-pp-con-tapa-y-popote-9020\/","url":"https:\/\/tecniplastmexico.com\/web\/productos\/platos-vasos-tazas-cubetas-de-polipropileno\/vaso-edicion-especial-1-l-pp-con-tapa-y-popote-9020\/","name":"Vaso Edici\u00f3n Especial 1 L PP con Tapa y Popote","isPartOf":{"@id":"https:\/\/tecniplastmexico.com\/web\/#website"},"primaryImageOfPage":{"@id":"https:\/\/tecniplastmexico.com\/web\/productos\/platos-vasos-tazas-cubetas-de-polipropileno\/vaso-edicion-especial-1-l-pp-con-tapa-y-popote-9020\/#primaryimage"},"image":{"@id":"https:\/\/tecniplastmexico.com\/web\/productos\/platos-vasos-tazas-cubetas-de-polipropileno\/vaso-edicion-especial-1-l-pp-con-tapa-y-popote-9020\/#primaryimage"},"thumbnailUrl":"https:\/\/tecniplastmexico.com\/web\/wp-content\/uploads\/2025\/09\/WhatsApp-Image-2026-04-08-at-10.20.27-AM.jpeg","datePublished":"2025-09-04T20:05:58+00:00","dateModified":"2026-04-08T16:35:53+00:00","description":"Vaso Edici\u00f3n Especial 1 L PP con Tapa y Popote de Polipropileno, Vaso Edici\u00f3n Especial 1 L PP con Tapa y Popote de Pl\u00e1stico","breadcrumb":{"@id":"https:\/\/tecniplastmexico.com\/web\/productos\/platos-vasos-tazas-cubetas-de-polipropileno\/vaso-edicion-especial-1-l-pp-con-tapa-y-popote-9020\/#breadcrumb"},"inLanguage":"es","potentialAction":[{"@type":"ReadAction","target":["https:\/\/tecniplastmexico.com\/web\/productos\/platos-vasos-tazas-cubetas-de-polipropileno\/vaso-edicion-especial-1-l-pp-con-tapa-y-popote-9020\/"]}]},{"@type":"ImageObject","inLanguage":"es","@id":"https:\/\/tecniplastmexico.com\/web\/productos\/platos-vasos-tazas-cubetas-de-polipropileno\/vaso-edicion-especial-1-l-pp-con-tapa-y-popote-9020\/#primaryimage","url":"https:\/\/tecniplastmexico.com\/web\/wp-content\/uploads\/2025\/09\/WhatsApp-Image-2026-04-08-at-10.20.27-AM.jpeg","contentUrl":"https:\/\/tecniplastmexico.com\/web\/wp-content\/uploads\/2025\/09\/WhatsApp-Image-2026-04-08-at-10.20.27-AM.jpeg","width":896,"height":1195,"caption":"VASO EDICION ESPECIAL 1 L POLIPROPILENO 9020"},{"@type":"BreadcrumbList","@id":"https:\/\/tecniplastmexico.com\/web\/productos\/platos-vasos-tazas-cubetas-de-polipropileno\/vaso-edicion-especial-1-l-pp-con-tapa-y-popote-9020\/#breadcrumb","itemListElement":[{"@type":"ListItem","position":1,"name":"Inicio","item":"https:\/\/tecniplastmexico.com\/web\/"},{"@type":"ListItem","position":2,"name":"Productos","item":"https:\/\/tecniplastmexico.com\/web\/productos\/"},{"@type":"ListItem","position":3,"name":"Vaso Edici\u00f3n Especial 1 L PP con Tapa y Popote &#8211; 9020"}]},{"@type":"WebSite","@id":"https:\/\/tecniplastmexico.com\/web\/#website","url":"https:\/\/tecniplastmexico.com\/web\/","name":"Tecniplast M\u00e9xico - Fabricante de Productos de pl\u00e1stico polipropileno, polietileno y policarbonato, Industrial Hogar Alimentos Restaurantes","description":"Fabricante de Productos de pl\u00e1stico polipropileno, polietileno y policarbonato, Industrial Hogar Alimentos Restaurantes","publisher":{"@id":"https:\/\/tecniplastmexico.com\/web\/#organization"},"potentialAction":[{"@type":"SearchAction","target":{"@type":"EntryPoint","urlTemplate":"https:\/\/tecniplastmexico.com\/web\/?s={search_term_string}"},"query-input":{"@type":"PropertyValueSpecification","valueRequired":true,"valueName":"search_term_string"}}],"inLanguage":"es"},{"@type":"Organization","@id":"https:\/\/tecniplastmexico.com\/web\/#organization","name":"Tecniplast M\u00e9xico - Fabricante de Productos de pl\u00e1stico polipropileno, polietileno y policarbonato, Industrial Hogar Alimentos Restaurantes","url":"https:\/\/tecniplastmexico.com\/web\/","logo":{"@type":"ImageObject","inLanguage":"es","@id":"https:\/\/tecniplastmexico.com\/web\/#\/schema\/logo\/image\/","url":"https:\/\/tecniplastmexico.com\/web\/wp-content\/uploads\/2025\/07\/Logo_tecniplast.png","contentUrl":"https:\/\/tecniplastmexico.com\/web\/wp-content\/uploads\/2025\/07\/Logo_tecniplast.png","width":848,"height":294,"caption":"Tecniplast M\u00e9xico - Fabricante de Productos de pl\u00e1stico polipropileno, polietileno y policarbonato, Industrial Hogar Alimentos Restaurantes"},"image":{"@id":"https:\/\/tecniplastmexico.com\/web\/#\/schema\/logo\/image\/"}}]},"og_availability":"instock","product_availability":"instock","product_retailer_item_id":"9020","product_condition":"new"},"_links":{"self":[{"href":"https:\/\/tecniplastmexico.com\/web\/wp-json\/wp\/v2\/product\/10475","targetHints":{"allow":["GET"]}}],"collection":[{"href":"https:\/\/tecniplastmexico.com\/web\/wp-json\/wp\/v2\/product"}],"about":[{"href":"https:\/\/tecniplastmexico.com\/web\/wp-json\/wp\/v2\/types\/product"}],"version-history":[{"count":4,"href":"https:\/\/tecniplastmexico.com\/web\/wp-json\/wp\/v2\/product\/10475\/revisions"}],"predecessor-version":[{"id":11732,"href":"https:\/\/tecniplastmexico.com\/web\/wp-json\/wp\/v2\/product\/10475\/revisions\/11732"}],"wp:featuredmedia":[{"embeddable":true,"href":"https:\/\/tecniplastmexico.com\/web\/wp-json\/wp\/v2\/media\/11739"}],"wp:attachment":[{"href":"https:\/\/tecniplastmexico.com\/web\/wp-json\/wp\/v2\/media?parent=10475"}],"wp:term":[{"taxonomy":"product_brand","embeddable":true,"href":"https:\/\/tecniplastmexico.com\/web\/wp-json\/wp\/v2\/product_brand?post=10475"},{"taxonomy":"product_cat","embeddable":true,"href":"https:\/\/tecniplastmexico.com\/web\/wp-json\/wp\/v2\/product_cat?post=10475"},{"taxonomy":"product_tag","embeddable":true,"href":"https:\/\/tecniplastmexico.com\/web\/wp-json\/wp\/v2\/product_tag?post=10475"}],"curies":[{"name":"wp","href":"https:\/\/api.w.org\/{rel}","templated":true}]}}