{"id":8361,"date":"2025-07-31T20:33:41","date_gmt":"2025-07-31T20:33:41","guid":{"rendered":"https:\/\/tecniplastmexico.com\/web\/?post_type=product&#038;p=8361"},"modified":"2025-10-07T11:02:26","modified_gmt":"2025-10-07T17:02:26","slug":"plato-tampiqueno-de-policarbonato-plastico-mediano-grande-industrial","status":"publish","type":"product","link":"https:\/\/tecniplastmexico.com\/web\/productos\/vasos-tarros-platos-policarbonato\/platos-de-plastico-policarbonato\/plato-tampiqueno-de-policarbonato-plastico-mediano-grande-industrial\/","title":{"rendered":"Plato Tampique\u00f1o Mediano PC \u2013 1802"},"content":{"rendered":"<p><strong>C\u00f3digo:<\/strong> 1802<br \/>\n<strong>Categor\u00eda:<\/strong> <a href=\"https:\/\/tecniplastmexico.com\/web\/index.php\/categoria-producto\/vasos-tarros-platos-policarbonato\/\">L\u00ednea Policarbonato<\/a>, <a href=\"https:\/\/tecniplastmexico.com\/web\/index.php\/categoria-producto\/vasos-tarros-platos-policarbonato\/platos-de-plastico-policarbonato\/\">Platos<\/a><br \/>\n<strong>Material:<\/strong> Policarbonato<\/p>\n","protected":false},"excerpt":{"rendered":"<p><strong><br \/>\nC\u00f3digo: <\/strong> 1802<\/p>\n<p><strong>Piezas por caja: <\/strong> 80<br \/>\n<strong>Capacidad: <\/strong>\u2013<br \/>\n<strong>Medidas: <\/strong>L = 29.2 cm, A = 20.2 cm, H = 1.9 cm<br \/>\n<strong>Colores: <\/strong>Arena, Blanco<\/p>\n","protected":false},"featured_media":8364,"template":"","meta":[],"product_brand":[],"product_cat":[119],"product_tag":[143,180,198,205,204,203,199,206,207],"class_list":{"0":"post-8361","1":"product","2":"type-product","3":"status-publish","4":"has-post-thumbnail","6":"product_cat-platos-de-plastico-policarbonato","7":"product_tag-plato-de-plastico","8":"product_tag-plato-de-policarbonato","9":"product_tag-plato-plano","10":"product_tag-plato-plano-de-plastico","11":"product_tag-plato-plano-ovalado","12":"product_tag-plato-plano-ovalado-de-policarbonato","13":"product_tag-plato-plano-policarbonato","14":"product_tag-plato-tampiqueno","15":"product_tag-plato-tampiqueno-policarbonato","16":"pa_color-arena","17":"pa_color-blanco-natural","20":"instock","21":"shipping-taxable","22":"product-type-variable","23":"wvs-archive-product-wrapper"},"yoast_head":"<!-- This site is optimized with the Yoast SEO Premium plugin v25.5 (Yoast SEO v27.0) - https:\/\/yoast.com\/product\/yoast-seo-premium-wordpress\/ -->\n<title>Plato tampique\u00f1o de policarbonato pl\u00e1stico mediano y grande<\/title>\n<meta name=\"description\" content=\"Plato tampique\u00f1o de policarbonato pl\u00e1stico reutilizable mediano y grande, plato industrial, hogar y restaurantero. Plato plano de pl\u00e1stico mediano y grande.\" \/>\n<meta name=\"robots\" content=\"index, follow, max-snippet:-1, max-image-preview:large, max-video-preview:-1\" \/>\n<link rel=\"canonical\" href=\"https:\/\/tecniplastmexico.com\/web\/productos\/vasos-tarros-platos-policarbonato\/platos-de-plastico-policarbonato\/plato-tampiqueno-de-policarbonato-plastico-mediano-grande-industrial\/\" \/>\n<meta property=\"og:locale\" content=\"es_MX\" \/>\n<meta property=\"og:type\" content=\"article\" \/>\n<meta property=\"og:title\" content=\"Plato Tampique\u00f1o Mediano PC \u2013 1802\" \/>\n<meta property=\"og:description\" content=\"Plato tampique\u00f1o de policarbonato pl\u00e1stico reutilizable mediano y grande, plato industrial, hogar y restaurantero. Plato plano de pl\u00e1stico mediano y grande.\" \/>\n<meta property=\"og:url\" content=\"https:\/\/tecniplastmexico.com\/web\/productos\/vasos-tarros-platos-policarbonato\/platos-de-plastico-policarbonato\/plato-tampiqueno-de-policarbonato-plastico-mediano-grande-industrial\/\" \/>\n<meta property=\"og:site_name\" content=\"Tecniplast M\u00e9xico - Fabricante de Productos de pl\u00e1stico polipropileno, polietileno y policarbonato, Industrial Hogar Alimentos Restaurantes\" \/>\n<meta property=\"article:modified_time\" content=\"2025-10-07T17:02:26+00:00\" \/>\n<meta property=\"og:image\" content=\"https:\/\/tecniplastmexico.com\/web\/wp-content\/uploads\/2025\/07\/1802_Plato_tampiqueno_de_policarbonato_plastico_mediano.jpg\" \/>\n\t<meta property=\"og:image:width\" content=\"800\" \/>\n\t<meta property=\"og:image:height\" content=\"800\" \/>\n\t<meta property=\"og:image:type\" content=\"image\/jpeg\" \/>\n<meta name=\"twitter:card\" content=\"summary_large_image\" \/>\n<meta name=\"twitter:label1\" content=\"Disponibilidad\" \/>\n\t<meta name=\"twitter:data1\" content=\"Disponible\" \/>\n<script type=\"application\/ld+json\" class=\"yoast-schema-graph\">{\"@context\":\"https:\/\/schema.org\",\"@graph\":[{\"@type\":[\"WebPage\",\"ItemPage\"],\"@id\":\"https:\/\/tecniplastmexico.com\/web\/productos\/vasos-tarros-platos-policarbonato\/platos-de-plastico-policarbonato\/plato-tampiqueno-de-policarbonato-plastico-mediano-grande-industrial\/\",\"url\":\"https:\/\/tecniplastmexico.com\/web\/productos\/vasos-tarros-platos-policarbonato\/platos-de-plastico-policarbonato\/plato-tampiqueno-de-policarbonato-plastico-mediano-grande-industrial\/\",\"name\":\"Plato tampique\u00f1o de policarbonato pl\u00e1stico mediano y grande\",\"isPartOf\":{\"@id\":\"https:\/\/tecniplastmexico.com\/web\/#website\"},\"primaryImageOfPage\":{\"@id\":\"https:\/\/tecniplastmexico.com\/web\/productos\/vasos-tarros-platos-policarbonato\/platos-de-plastico-policarbonato\/plato-tampiqueno-de-policarbonato-plastico-mediano-grande-industrial\/#primaryimage\"},\"image\":{\"@id\":\"https:\/\/tecniplastmexico.com\/web\/productos\/vasos-tarros-platos-policarbonato\/platos-de-plastico-policarbonato\/plato-tampiqueno-de-policarbonato-plastico-mediano-grande-industrial\/#primaryimage\"},\"thumbnailUrl\":\"https:\/\/tecniplastmexico.com\/web\/wp-content\/uploads\/2025\/07\/1802_Plato_tampiqueno_de_policarbonato_plastico_mediano.jpg\",\"datePublished\":\"2025-07-31T20:33:41+00:00\",\"dateModified\":\"2025-10-07T17:02:26+00:00\",\"description\":\"Plato tampique\u00f1o de policarbonato pl\u00e1stico reutilizable mediano y grande, plato industrial, hogar y restaurantero. Plato plano de pl\u00e1stico mediano y grande.\",\"breadcrumb\":{\"@id\":\"https:\/\/tecniplastmexico.com\/web\/productos\/vasos-tarros-platos-policarbonato\/platos-de-plastico-policarbonato\/plato-tampiqueno-de-policarbonato-plastico-mediano-grande-industrial\/#breadcrumb\"},\"inLanguage\":\"es\",\"potentialAction\":[{\"@type\":\"ReadAction\",\"target\":[\"https:\/\/tecniplastmexico.com\/web\/productos\/vasos-tarros-platos-policarbonato\/platos-de-plastico-policarbonato\/plato-tampiqueno-de-policarbonato-plastico-mediano-grande-industrial\/\"]}]},{\"@type\":\"ImageObject\",\"inLanguage\":\"es\",\"@id\":\"https:\/\/tecniplastmexico.com\/web\/productos\/vasos-tarros-platos-policarbonato\/platos-de-plastico-policarbonato\/plato-tampiqueno-de-policarbonato-plastico-mediano-grande-industrial\/#primaryimage\",\"url\":\"https:\/\/tecniplastmexico.com\/web\/wp-content\/uploads\/2025\/07\/1802_Plato_tampiqueno_de_policarbonato_plastico_mediano.jpg\",\"contentUrl\":\"https:\/\/tecniplastmexico.com\/web\/wp-content\/uploads\/2025\/07\/1802_Plato_tampiqueno_de_policarbonato_plastico_mediano.jpg\",\"width\":800,\"height\":800,\"caption\":\"Plato tampique\u00f1o de policarbonato mediano y grande plato de pl\u00e1stico\"},{\"@type\":\"BreadcrumbList\",\"@id\":\"https:\/\/tecniplastmexico.com\/web\/productos\/vasos-tarros-platos-policarbonato\/platos-de-plastico-policarbonato\/plato-tampiqueno-de-policarbonato-plastico-mediano-grande-industrial\/#breadcrumb\",\"itemListElement\":[{\"@type\":\"ListItem\",\"position\":1,\"name\":\"Inicio\",\"item\":\"https:\/\/tecniplastmexico.com\/web\/\"},{\"@type\":\"ListItem\",\"position\":2,\"name\":\"Productos\",\"item\":\"https:\/\/tecniplastmexico.com\/web\/productos\/\"},{\"@type\":\"ListItem\",\"position\":3,\"name\":\"Plato Tampique\u00f1o Mediano PC \u2013 1802\"}]},{\"@type\":\"WebSite\",\"@id\":\"https:\/\/tecniplastmexico.com\/web\/#website\",\"url\":\"https:\/\/tecniplastmexico.com\/web\/\",\"name\":\"Tecniplast M\u00e9xico - Fabricante de Productos de pl\u00e1stico polipropileno, polietileno y policarbonato, Industrial Hogar Alimentos Restaurantes\",\"description\":\"Fabricante de Productos de pl\u00e1stico polipropileno, polietileno y policarbonato, Industrial Hogar Alimentos Restaurantes\",\"publisher\":{\"@id\":\"https:\/\/tecniplastmexico.com\/web\/#organization\"},\"potentialAction\":[{\"@type\":\"SearchAction\",\"target\":{\"@type\":\"EntryPoint\",\"urlTemplate\":\"https:\/\/tecniplastmexico.com\/web\/?s={search_term_string}\"},\"query-input\":{\"@type\":\"PropertyValueSpecification\",\"valueRequired\":true,\"valueName\":\"search_term_string\"}}],\"inLanguage\":\"es\"},{\"@type\":\"Organization\",\"@id\":\"https:\/\/tecniplastmexico.com\/web\/#organization\",\"name\":\"Tecniplast M\u00e9xico - Fabricante de Productos de pl\u00e1stico polipropileno, polietileno y policarbonato, Industrial Hogar Alimentos Restaurantes\",\"url\":\"https:\/\/tecniplastmexico.com\/web\/\",\"logo\":{\"@type\":\"ImageObject\",\"inLanguage\":\"es\",\"@id\":\"https:\/\/tecniplastmexico.com\/web\/#\/schema\/logo\/image\/\",\"url\":\"https:\/\/tecniplastmexico.com\/web\/wp-content\/uploads\/2025\/07\/Logo_tecniplast.png\",\"contentUrl\":\"https:\/\/tecniplastmexico.com\/web\/wp-content\/uploads\/2025\/07\/Logo_tecniplast.png\",\"width\":848,\"height\":294,\"caption\":\"Tecniplast M\u00e9xico - Fabricante de Productos de pl\u00e1stico polipropileno, polietileno y policarbonato, Industrial Hogar Alimentos Restaurantes\"},\"image\":{\"@id\":\"https:\/\/tecniplastmexico.com\/web\/#\/schema\/logo\/image\/\"}}]}<\/script>\n<meta property=\"og:availability\" content=\"instock\" \/>\n<meta property=\"product:availability\" content=\"instock\" \/>\n<meta property=\"product:retailer_item_id\" content=\"1802\" \/>\n<meta property=\"product:condition\" content=\"new\" \/>\n<!-- \/ Yoast SEO Premium plugin. -->","yoast_head_json":{"title":"Plato tampique\u00f1o de policarbonato pl\u00e1stico mediano y grande","description":"Plato tampique\u00f1o de policarbonato pl\u00e1stico reutilizable mediano y grande, plato industrial, hogar y restaurantero. Plato plano de pl\u00e1stico mediano y grande.","robots":{"index":"index","follow":"follow","max-snippet":"max-snippet:-1","max-image-preview":"max-image-preview:large","max-video-preview":"max-video-preview:-1"},"canonical":"https:\/\/tecniplastmexico.com\/web\/productos\/vasos-tarros-platos-policarbonato\/platos-de-plastico-policarbonato\/plato-tampiqueno-de-policarbonato-plastico-mediano-grande-industrial\/","og_locale":"es_MX","og_type":"article","og_title":"Plato Tampique\u00f1o Mediano PC \u2013 1802","og_description":"Plato tampique\u00f1o de policarbonato pl\u00e1stico reutilizable mediano y grande, plato industrial, hogar y restaurantero. Plato plano de pl\u00e1stico mediano y grande.","og_url":"https:\/\/tecniplastmexico.com\/web\/productos\/vasos-tarros-platos-policarbonato\/platos-de-plastico-policarbonato\/plato-tampiqueno-de-policarbonato-plastico-mediano-grande-industrial\/","og_site_name":"Tecniplast M\u00e9xico - Fabricante de Productos de pl\u00e1stico polipropileno, polietileno y policarbonato, Industrial Hogar Alimentos Restaurantes","article_modified_time":"2025-10-07T17:02:26+00:00","og_image":[{"width":800,"height":800,"url":"https:\/\/tecniplastmexico.com\/web\/wp-content\/uploads\/2025\/07\/1802_Plato_tampiqueno_de_policarbonato_plastico_mediano.jpg","type":"image\/jpeg"}],"twitter_card":"summary_large_image","twitter_misc":{"Disponibilidad":"Disponible"},"schema":{"@context":"https:\/\/schema.org","@graph":[{"@type":["WebPage","ItemPage"],"@id":"https:\/\/tecniplastmexico.com\/web\/productos\/vasos-tarros-platos-policarbonato\/platos-de-plastico-policarbonato\/plato-tampiqueno-de-policarbonato-plastico-mediano-grande-industrial\/","url":"https:\/\/tecniplastmexico.com\/web\/productos\/vasos-tarros-platos-policarbonato\/platos-de-plastico-policarbonato\/plato-tampiqueno-de-policarbonato-plastico-mediano-grande-industrial\/","name":"Plato tampique\u00f1o de policarbonato pl\u00e1stico mediano y grande","isPartOf":{"@id":"https:\/\/tecniplastmexico.com\/web\/#website"},"primaryImageOfPage":{"@id":"https:\/\/tecniplastmexico.com\/web\/productos\/vasos-tarros-platos-policarbonato\/platos-de-plastico-policarbonato\/plato-tampiqueno-de-policarbonato-plastico-mediano-grande-industrial\/#primaryimage"},"image":{"@id":"https:\/\/tecniplastmexico.com\/web\/productos\/vasos-tarros-platos-policarbonato\/platos-de-plastico-policarbonato\/plato-tampiqueno-de-policarbonato-plastico-mediano-grande-industrial\/#primaryimage"},"thumbnailUrl":"https:\/\/tecniplastmexico.com\/web\/wp-content\/uploads\/2025\/07\/1802_Plato_tampiqueno_de_policarbonato_plastico_mediano.jpg","datePublished":"2025-07-31T20:33:41+00:00","dateModified":"2025-10-07T17:02:26+00:00","description":"Plato tampique\u00f1o de policarbonato pl\u00e1stico reutilizable mediano y grande, plato industrial, hogar y restaurantero. Plato plano de pl\u00e1stico mediano y grande.","breadcrumb":{"@id":"https:\/\/tecniplastmexico.com\/web\/productos\/vasos-tarros-platos-policarbonato\/platos-de-plastico-policarbonato\/plato-tampiqueno-de-policarbonato-plastico-mediano-grande-industrial\/#breadcrumb"},"inLanguage":"es","potentialAction":[{"@type":"ReadAction","target":["https:\/\/tecniplastmexico.com\/web\/productos\/vasos-tarros-platos-policarbonato\/platos-de-plastico-policarbonato\/plato-tampiqueno-de-policarbonato-plastico-mediano-grande-industrial\/"]}]},{"@type":"ImageObject","inLanguage":"es","@id":"https:\/\/tecniplastmexico.com\/web\/productos\/vasos-tarros-platos-policarbonato\/platos-de-plastico-policarbonato\/plato-tampiqueno-de-policarbonato-plastico-mediano-grande-industrial\/#primaryimage","url":"https:\/\/tecniplastmexico.com\/web\/wp-content\/uploads\/2025\/07\/1802_Plato_tampiqueno_de_policarbonato_plastico_mediano.jpg","contentUrl":"https:\/\/tecniplastmexico.com\/web\/wp-content\/uploads\/2025\/07\/1802_Plato_tampiqueno_de_policarbonato_plastico_mediano.jpg","width":800,"height":800,"caption":"Plato tampique\u00f1o de policarbonato mediano y grande plato de pl\u00e1stico"},{"@type":"BreadcrumbList","@id":"https:\/\/tecniplastmexico.com\/web\/productos\/vasos-tarros-platos-policarbonato\/platos-de-plastico-policarbonato\/plato-tampiqueno-de-policarbonato-plastico-mediano-grande-industrial\/#breadcrumb","itemListElement":[{"@type":"ListItem","position":1,"name":"Inicio","item":"https:\/\/tecniplastmexico.com\/web\/"},{"@type":"ListItem","position":2,"name":"Productos","item":"https:\/\/tecniplastmexico.com\/web\/productos\/"},{"@type":"ListItem","position":3,"name":"Plato Tampique\u00f1o Mediano PC \u2013 1802"}]},{"@type":"WebSite","@id":"https:\/\/tecniplastmexico.com\/web\/#website","url":"https:\/\/tecniplastmexico.com\/web\/","name":"Tecniplast M\u00e9xico - Fabricante de Productos de pl\u00e1stico polipropileno, polietileno y policarbonato, Industrial Hogar Alimentos Restaurantes","description":"Fabricante de Productos de pl\u00e1stico polipropileno, polietileno y policarbonato, Industrial Hogar Alimentos Restaurantes","publisher":{"@id":"https:\/\/tecniplastmexico.com\/web\/#organization"},"potentialAction":[{"@type":"SearchAction","target":{"@type":"EntryPoint","urlTemplate":"https:\/\/tecniplastmexico.com\/web\/?s={search_term_string}"},"query-input":{"@type":"PropertyValueSpecification","valueRequired":true,"valueName":"search_term_string"}}],"inLanguage":"es"},{"@type":"Organization","@id":"https:\/\/tecniplastmexico.com\/web\/#organization","name":"Tecniplast M\u00e9xico - Fabricante de Productos de pl\u00e1stico polipropileno, polietileno y policarbonato, Industrial Hogar Alimentos Restaurantes","url":"https:\/\/tecniplastmexico.com\/web\/","logo":{"@type":"ImageObject","inLanguage":"es","@id":"https:\/\/tecniplastmexico.com\/web\/#\/schema\/logo\/image\/","url":"https:\/\/tecniplastmexico.com\/web\/wp-content\/uploads\/2025\/07\/Logo_tecniplast.png","contentUrl":"https:\/\/tecniplastmexico.com\/web\/wp-content\/uploads\/2025\/07\/Logo_tecniplast.png","width":848,"height":294,"caption":"Tecniplast M\u00e9xico - Fabricante de Productos de pl\u00e1stico polipropileno, polietileno y policarbonato, Industrial Hogar Alimentos Restaurantes"},"image":{"@id":"https:\/\/tecniplastmexico.com\/web\/#\/schema\/logo\/image\/"}}]},"og_availability":"instock","product_availability":"instock","product_retailer_item_id":"1802","product_condition":"new"},"_links":{"self":[{"href":"https:\/\/tecniplastmexico.com\/web\/wp-json\/wp\/v2\/product\/8361","targetHints":{"allow":["GET"]}}],"collection":[{"href":"https:\/\/tecniplastmexico.com\/web\/wp-json\/wp\/v2\/product"}],"about":[{"href":"https:\/\/tecniplastmexico.com\/web\/wp-json\/wp\/v2\/types\/product"}],"version-history":[{"count":11,"href":"https:\/\/tecniplastmexico.com\/web\/wp-json\/wp\/v2\/product\/8361\/revisions"}],"predecessor-version":[{"id":8490,"href":"https:\/\/tecniplastmexico.com\/web\/wp-json\/wp\/v2\/product\/8361\/revisions\/8490"}],"wp:featuredmedia":[{"embeddable":true,"href":"https:\/\/tecniplastmexico.com\/web\/wp-json\/wp\/v2\/media\/8364"}],"wp:attachment":[{"href":"https:\/\/tecniplastmexico.com\/web\/wp-json\/wp\/v2\/media?parent=8361"}],"wp:term":[{"taxonomy":"product_brand","embeddable":true,"href":"https:\/\/tecniplastmexico.com\/web\/wp-json\/wp\/v2\/product_brand?post=8361"},{"taxonomy":"product_cat","embeddable":true,"href":"https:\/\/tecniplastmexico.com\/web\/wp-json\/wp\/v2\/product_cat?post=8361"},{"taxonomy":"product_tag","embeddable":true,"href":"https:\/\/tecniplastmexico.com\/web\/wp-json\/wp\/v2\/product_tag?post=8361"}],"curies":[{"name":"wp","href":"https:\/\/api.w.org\/{rel}","templated":true}]}}