{"id":8530,"date":"2025-08-04T11:15:09","date_gmt":"2025-08-04T17:15:09","guid":{"rendered":"https:\/\/tecniplastmexico.com\/web\/?post_type=product&#038;p=8530"},"modified":"2025-10-08T09:50:10","modified_gmt":"2025-10-08T15:50:10","slug":"plato-plano-chico-policarbonato-plastico-pc-1805","status":"publish","type":"product","link":"https:\/\/tecniplastmexico.com\/web\/productos\/vasos-tarros-platos-policarbonato\/platos-de-plastico-policarbonato\/plato-plano-chico-policarbonato-plastico-pc-1805\/","title":{"rendered":"Plato Plano Chico PC \u2013 1805"},"content":{"rendered":"<p><strong>C\u00f3digo:<\/strong> 1805<br \/>\n<strong>Categor\u00eda:<\/strong> <a href=\"https:\/\/tecniplastmexico.com\/web\/index.php\/categoria-producto\/vasos-tarros-platos-policarbonato\/\">L\u00ednea Policarbonato<\/a>, <a href=\"https:\/\/tecniplastmexico.com\/web\/index.php\/categoria-producto\/vasos-tarros-platos-policarbonato\/platos-de-plastico-policarbonato\/\">Platos<\/a><br \/>\n<strong>Material:<\/strong> Policarbonato<\/p>\n","protected":false},"excerpt":{"rendered":"<p><strong><br \/>\nC\u00f3digo: <\/strong> 1805<\/p>\n<p><strong>Piezas por caja: <\/strong> 76<br \/>\n<strong>Capacidad: <\/strong>\u2013<br \/>\n<strong>Medidas: <\/strong>\u00d8 = 16.4 cm<br \/>\n<strong>Colores: <\/strong>Arena, Blanco<\/p>\n","protected":false},"featured_media":8533,"template":"","meta":[],"product_brand":[],"product_cat":[115,119],"product_tag":[143,180,221,198,205,223,204,203,199,222],"class_list":{"0":"post-8530","1":"product","2":"type-product","3":"status-publish","4":"has-post-thumbnail","6":"product_cat-vasos-tarros-platos-policarbonato","7":"product_cat-platos-de-plastico-policarbonato","8":"product_tag-plato-de-plastico","9":"product_tag-plato-de-policarbonato","10":"product_tag-plato-mediano","11":"product_tag-plato-plano","12":"product_tag-plato-plano-de-plastico","13":"product_tag-plato-plano-mediano","14":"product_tag-plato-plano-ovalado","15":"product_tag-plato-plano-ovalado-de-policarbonato","16":"product_tag-plato-plano-policarbonato","17":"product_tag-plato-plano-policarbonato-mediano","18":"pa_color-arena","19":"pa_color-blanco-natural","22":"instock","23":"shipping-taxable","24":"product-type-variable","25":"wvs-archive-product-wrapper"},"yoast_head":"<!-- This site is optimized with the Yoast SEO Premium plugin v25.5 (Yoast SEO v27.0) - https:\/\/yoast.com\/product\/yoast-seo-premium-wordpress\/ -->\n<title>Plato plano chico de policarbonato pl\u00e1stico de 20.0 cm de di\u00e1metro<\/title>\n<meta name=\"description\" content=\"Plato plano chico de policarbonato, plato industrial, hogar y restaurantero. Plato plano de pl\u00e1stico reutiliable chico. Platos de pl\u00e1stico.\" \/>\n<meta name=\"robots\" content=\"index, follow, max-snippet:-1, max-image-preview:large, max-video-preview:-1\" \/>\n<link rel=\"canonical\" href=\"https:\/\/tecniplastmexico.com\/web\/productos\/vasos-tarros-platos-policarbonato\/platos-de-plastico-policarbonato\/plato-plano-chico-policarbonato-plastico-pc-1805\/\" \/>\n<meta property=\"og:locale\" content=\"es_MX\" \/>\n<meta property=\"og:type\" content=\"article\" \/>\n<meta property=\"og:title\" content=\"Plato Plano Chico PC \u2013 1805\" \/>\n<meta property=\"og:description\" content=\"Plato plano chico de policarbonato, plato industrial, hogar y restaurantero. Plato plano de pl\u00e1stico reutiliable chico. Platos de pl\u00e1stico.\" \/>\n<meta property=\"og:url\" content=\"https:\/\/tecniplastmexico.com\/web\/productos\/vasos-tarros-platos-policarbonato\/platos-de-plastico-policarbonato\/plato-plano-chico-policarbonato-plastico-pc-1805\/\" \/>\n<meta property=\"og:site_name\" content=\"Tecniplast M\u00e9xico - Fabricante de Productos de pl\u00e1stico polipropileno, polietileno y policarbonato, Industrial Hogar Alimentos Restaurantes\" \/>\n<meta property=\"article:modified_time\" content=\"2025-10-08T15:50:10+00:00\" \/>\n<meta property=\"og:image\" content=\"https:\/\/tecniplastmexico.com\/web\/wp-content\/uploads\/2025\/08\/producto_plato_chico_PC_policarbonato_1805.jpg\" \/>\n\t<meta property=\"og:image:width\" content=\"800\" \/>\n\t<meta property=\"og:image:height\" content=\"800\" \/>\n\t<meta property=\"og:image:type\" content=\"image\/jpeg\" \/>\n<meta name=\"twitter:card\" content=\"summary_large_image\" \/>\n<meta name=\"twitter:label1\" content=\"Disponibilidad\" \/>\n\t<meta name=\"twitter:data1\" content=\"Disponible\" \/>\n<script type=\"application\/ld+json\" class=\"yoast-schema-graph\">{\"@context\":\"https:\/\/schema.org\",\"@graph\":[{\"@type\":[\"WebPage\",\"ItemPage\"],\"@id\":\"https:\/\/tecniplastmexico.com\/web\/productos\/vasos-tarros-platos-policarbonato\/platos-de-plastico-policarbonato\/plato-plano-chico-policarbonato-plastico-pc-1805\/\",\"url\":\"https:\/\/tecniplastmexico.com\/web\/productos\/vasos-tarros-platos-policarbonato\/platos-de-plastico-policarbonato\/plato-plano-chico-policarbonato-plastico-pc-1805\/\",\"name\":\"Plato plano chico de policarbonato pl\u00e1stico de 20.0 cm de di\u00e1metro\",\"isPartOf\":{\"@id\":\"https:\/\/tecniplastmexico.com\/web\/#website\"},\"primaryImageOfPage\":{\"@id\":\"https:\/\/tecniplastmexico.com\/web\/productos\/vasos-tarros-platos-policarbonato\/platos-de-plastico-policarbonato\/plato-plano-chico-policarbonato-plastico-pc-1805\/#primaryimage\"},\"image\":{\"@id\":\"https:\/\/tecniplastmexico.com\/web\/productos\/vasos-tarros-platos-policarbonato\/platos-de-plastico-policarbonato\/plato-plano-chico-policarbonato-plastico-pc-1805\/#primaryimage\"},\"thumbnailUrl\":\"https:\/\/tecniplastmexico.com\/web\/wp-content\/uploads\/2025\/08\/producto_plato_chico_PC_policarbonato_1805.jpg\",\"datePublished\":\"2025-08-04T17:15:09+00:00\",\"dateModified\":\"2025-10-08T15:50:10+00:00\",\"description\":\"Plato plano chico de policarbonato, plato industrial, hogar y restaurantero. Plato plano de pl\u00e1stico reutiliable chico. Platos de pl\u00e1stico.\",\"breadcrumb\":{\"@id\":\"https:\/\/tecniplastmexico.com\/web\/productos\/vasos-tarros-platos-policarbonato\/platos-de-plastico-policarbonato\/plato-plano-chico-policarbonato-plastico-pc-1805\/#breadcrumb\"},\"inLanguage\":\"es\",\"potentialAction\":[{\"@type\":\"ReadAction\",\"target\":[\"https:\/\/tecniplastmexico.com\/web\/productos\/vasos-tarros-platos-policarbonato\/platos-de-plastico-policarbonato\/plato-plano-chico-policarbonato-plastico-pc-1805\/\"]}]},{\"@type\":\"ImageObject\",\"inLanguage\":\"es\",\"@id\":\"https:\/\/tecniplastmexico.com\/web\/productos\/vasos-tarros-platos-policarbonato\/platos-de-plastico-policarbonato\/plato-plano-chico-policarbonato-plastico-pc-1805\/#primaryimage\",\"url\":\"https:\/\/tecniplastmexico.com\/web\/wp-content\/uploads\/2025\/08\/producto_plato_chico_PC_policarbonato_1805.jpg\",\"contentUrl\":\"https:\/\/tecniplastmexico.com\/web\/wp-content\/uploads\/2025\/08\/producto_plato_chico_PC_policarbonato_1805.jpg\",\"width\":800,\"height\":800,\"caption\":\"Plato plano chico de pl\u00e1stico policarbonato 16.4 cm\"},{\"@type\":\"BreadcrumbList\",\"@id\":\"https:\/\/tecniplastmexico.com\/web\/productos\/vasos-tarros-platos-policarbonato\/platos-de-plastico-policarbonato\/plato-plano-chico-policarbonato-plastico-pc-1805\/#breadcrumb\",\"itemListElement\":[{\"@type\":\"ListItem\",\"position\":1,\"name\":\"Inicio\",\"item\":\"https:\/\/tecniplastmexico.com\/web\/\"},{\"@type\":\"ListItem\",\"position\":2,\"name\":\"Productos\",\"item\":\"https:\/\/tecniplastmexico.com\/web\/productos\/\"},{\"@type\":\"ListItem\",\"position\":3,\"name\":\"Plato Plano Chico PC \u2013 1805\"}]},{\"@type\":\"WebSite\",\"@id\":\"https:\/\/tecniplastmexico.com\/web\/#website\",\"url\":\"https:\/\/tecniplastmexico.com\/web\/\",\"name\":\"Tecniplast M\u00e9xico - Fabricante de Productos de pl\u00e1stico polipropileno, polietileno y policarbonato, Industrial Hogar Alimentos Restaurantes\",\"description\":\"Fabricante de Productos de pl\u00e1stico polipropileno, polietileno y policarbonato, Industrial Hogar Alimentos Restaurantes\",\"publisher\":{\"@id\":\"https:\/\/tecniplastmexico.com\/web\/#organization\"},\"potentialAction\":[{\"@type\":\"SearchAction\",\"target\":{\"@type\":\"EntryPoint\",\"urlTemplate\":\"https:\/\/tecniplastmexico.com\/web\/?s={search_term_string}\"},\"query-input\":{\"@type\":\"PropertyValueSpecification\",\"valueRequired\":true,\"valueName\":\"search_term_string\"}}],\"inLanguage\":\"es\"},{\"@type\":\"Organization\",\"@id\":\"https:\/\/tecniplastmexico.com\/web\/#organization\",\"name\":\"Tecniplast M\u00e9xico - Fabricante de Productos de pl\u00e1stico polipropileno, polietileno y policarbonato, Industrial Hogar Alimentos Restaurantes\",\"url\":\"https:\/\/tecniplastmexico.com\/web\/\",\"logo\":{\"@type\":\"ImageObject\",\"inLanguage\":\"es\",\"@id\":\"https:\/\/tecniplastmexico.com\/web\/#\/schema\/logo\/image\/\",\"url\":\"https:\/\/tecniplastmexico.com\/web\/wp-content\/uploads\/2025\/07\/Logo_tecniplast.png\",\"contentUrl\":\"https:\/\/tecniplastmexico.com\/web\/wp-content\/uploads\/2025\/07\/Logo_tecniplast.png\",\"width\":848,\"height\":294,\"caption\":\"Tecniplast M\u00e9xico - Fabricante de Productos de pl\u00e1stico polipropileno, polietileno y policarbonato, Industrial Hogar Alimentos Restaurantes\"},\"image\":{\"@id\":\"https:\/\/tecniplastmexico.com\/web\/#\/schema\/logo\/image\/\"}}]}<\/script>\n<meta property=\"og:availability\" content=\"instock\" \/>\n<meta property=\"product:availability\" content=\"instock\" \/>\n<meta property=\"product:retailer_item_id\" content=\"1805\" \/>\n<meta property=\"product:condition\" content=\"new\" \/>\n<!-- \/ Yoast SEO Premium plugin. -->","yoast_head_json":{"title":"Plato plano chico de policarbonato pl\u00e1stico de 20.0 cm de di\u00e1metro","description":"Plato plano chico de policarbonato, plato industrial, hogar y restaurantero. Plato plano de pl\u00e1stico reutiliable chico. Platos de pl\u00e1stico.","robots":{"index":"index","follow":"follow","max-snippet":"max-snippet:-1","max-image-preview":"max-image-preview:large","max-video-preview":"max-video-preview:-1"},"canonical":"https:\/\/tecniplastmexico.com\/web\/productos\/vasos-tarros-platos-policarbonato\/platos-de-plastico-policarbonato\/plato-plano-chico-policarbonato-plastico-pc-1805\/","og_locale":"es_MX","og_type":"article","og_title":"Plato Plano Chico PC \u2013 1805","og_description":"Plato plano chico de policarbonato, plato industrial, hogar y restaurantero. Plato plano de pl\u00e1stico reutiliable chico. Platos de pl\u00e1stico.","og_url":"https:\/\/tecniplastmexico.com\/web\/productos\/vasos-tarros-platos-policarbonato\/platos-de-plastico-policarbonato\/plato-plano-chico-policarbonato-plastico-pc-1805\/","og_site_name":"Tecniplast M\u00e9xico - Fabricante de Productos de pl\u00e1stico polipropileno, polietileno y policarbonato, Industrial Hogar Alimentos Restaurantes","article_modified_time":"2025-10-08T15:50:10+00:00","og_image":[{"width":800,"height":800,"url":"https:\/\/tecniplastmexico.com\/web\/wp-content\/uploads\/2025\/08\/producto_plato_chico_PC_policarbonato_1805.jpg","type":"image\/jpeg"}],"twitter_card":"summary_large_image","twitter_misc":{"Disponibilidad":"Disponible"},"schema":{"@context":"https:\/\/schema.org","@graph":[{"@type":["WebPage","ItemPage"],"@id":"https:\/\/tecniplastmexico.com\/web\/productos\/vasos-tarros-platos-policarbonato\/platos-de-plastico-policarbonato\/plato-plano-chico-policarbonato-plastico-pc-1805\/","url":"https:\/\/tecniplastmexico.com\/web\/productos\/vasos-tarros-platos-policarbonato\/platos-de-plastico-policarbonato\/plato-plano-chico-policarbonato-plastico-pc-1805\/","name":"Plato plano chico de policarbonato pl\u00e1stico de 20.0 cm de di\u00e1metro","isPartOf":{"@id":"https:\/\/tecniplastmexico.com\/web\/#website"},"primaryImageOfPage":{"@id":"https:\/\/tecniplastmexico.com\/web\/productos\/vasos-tarros-platos-policarbonato\/platos-de-plastico-policarbonato\/plato-plano-chico-policarbonato-plastico-pc-1805\/#primaryimage"},"image":{"@id":"https:\/\/tecniplastmexico.com\/web\/productos\/vasos-tarros-platos-policarbonato\/platos-de-plastico-policarbonato\/plato-plano-chico-policarbonato-plastico-pc-1805\/#primaryimage"},"thumbnailUrl":"https:\/\/tecniplastmexico.com\/web\/wp-content\/uploads\/2025\/08\/producto_plato_chico_PC_policarbonato_1805.jpg","datePublished":"2025-08-04T17:15:09+00:00","dateModified":"2025-10-08T15:50:10+00:00","description":"Plato plano chico de policarbonato, plato industrial, hogar y restaurantero. Plato plano de pl\u00e1stico reutiliable chico. Platos de pl\u00e1stico.","breadcrumb":{"@id":"https:\/\/tecniplastmexico.com\/web\/productos\/vasos-tarros-platos-policarbonato\/platos-de-plastico-policarbonato\/plato-plano-chico-policarbonato-plastico-pc-1805\/#breadcrumb"},"inLanguage":"es","potentialAction":[{"@type":"ReadAction","target":["https:\/\/tecniplastmexico.com\/web\/productos\/vasos-tarros-platos-policarbonato\/platos-de-plastico-policarbonato\/plato-plano-chico-policarbonato-plastico-pc-1805\/"]}]},{"@type":"ImageObject","inLanguage":"es","@id":"https:\/\/tecniplastmexico.com\/web\/productos\/vasos-tarros-platos-policarbonato\/platos-de-plastico-policarbonato\/plato-plano-chico-policarbonato-plastico-pc-1805\/#primaryimage","url":"https:\/\/tecniplastmexico.com\/web\/wp-content\/uploads\/2025\/08\/producto_plato_chico_PC_policarbonato_1805.jpg","contentUrl":"https:\/\/tecniplastmexico.com\/web\/wp-content\/uploads\/2025\/08\/producto_plato_chico_PC_policarbonato_1805.jpg","width":800,"height":800,"caption":"Plato plano chico de pl\u00e1stico policarbonato 16.4 cm"},{"@type":"BreadcrumbList","@id":"https:\/\/tecniplastmexico.com\/web\/productos\/vasos-tarros-platos-policarbonato\/platos-de-plastico-policarbonato\/plato-plano-chico-policarbonato-plastico-pc-1805\/#breadcrumb","itemListElement":[{"@type":"ListItem","position":1,"name":"Inicio","item":"https:\/\/tecniplastmexico.com\/web\/"},{"@type":"ListItem","position":2,"name":"Productos","item":"https:\/\/tecniplastmexico.com\/web\/productos\/"},{"@type":"ListItem","position":3,"name":"Plato Plano Chico PC \u2013 1805"}]},{"@type":"WebSite","@id":"https:\/\/tecniplastmexico.com\/web\/#website","url":"https:\/\/tecniplastmexico.com\/web\/","name":"Tecniplast M\u00e9xico - Fabricante de Productos de pl\u00e1stico polipropileno, polietileno y policarbonato, Industrial Hogar Alimentos Restaurantes","description":"Fabricante de Productos de pl\u00e1stico polipropileno, polietileno y policarbonato, Industrial Hogar Alimentos Restaurantes","publisher":{"@id":"https:\/\/tecniplastmexico.com\/web\/#organization"},"potentialAction":[{"@type":"SearchAction","target":{"@type":"EntryPoint","urlTemplate":"https:\/\/tecniplastmexico.com\/web\/?s={search_term_string}"},"query-input":{"@type":"PropertyValueSpecification","valueRequired":true,"valueName":"search_term_string"}}],"inLanguage":"es"},{"@type":"Organization","@id":"https:\/\/tecniplastmexico.com\/web\/#organization","name":"Tecniplast M\u00e9xico - Fabricante de Productos de pl\u00e1stico polipropileno, polietileno y policarbonato, Industrial Hogar Alimentos Restaurantes","url":"https:\/\/tecniplastmexico.com\/web\/","logo":{"@type":"ImageObject","inLanguage":"es","@id":"https:\/\/tecniplastmexico.com\/web\/#\/schema\/logo\/image\/","url":"https:\/\/tecniplastmexico.com\/web\/wp-content\/uploads\/2025\/07\/Logo_tecniplast.png","contentUrl":"https:\/\/tecniplastmexico.com\/web\/wp-content\/uploads\/2025\/07\/Logo_tecniplast.png","width":848,"height":294,"caption":"Tecniplast M\u00e9xico - Fabricante de Productos de pl\u00e1stico polipropileno, polietileno y policarbonato, Industrial Hogar Alimentos Restaurantes"},"image":{"@id":"https:\/\/tecniplastmexico.com\/web\/#\/schema\/logo\/image\/"}}]},"og_availability":"instock","product_availability":"instock","product_retailer_item_id":"1805","product_condition":"new"},"_links":{"self":[{"href":"https:\/\/tecniplastmexico.com\/web\/wp-json\/wp\/v2\/product\/8530","targetHints":{"allow":["GET"]}}],"collection":[{"href":"https:\/\/tecniplastmexico.com\/web\/wp-json\/wp\/v2\/product"}],"about":[{"href":"https:\/\/tecniplastmexico.com\/web\/wp-json\/wp\/v2\/types\/product"}],"version-history":[{"count":1,"href":"https:\/\/tecniplastmexico.com\/web\/wp-json\/wp\/v2\/product\/8530\/revisions"}],"predecessor-version":[{"id":8534,"href":"https:\/\/tecniplastmexico.com\/web\/wp-json\/wp\/v2\/product\/8530\/revisions\/8534"}],"wp:featuredmedia":[{"embeddable":true,"href":"https:\/\/tecniplastmexico.com\/web\/wp-json\/wp\/v2\/media\/8533"}],"wp:attachment":[{"href":"https:\/\/tecniplastmexico.com\/web\/wp-json\/wp\/v2\/media?parent=8530"}],"wp:term":[{"taxonomy":"product_brand","embeddable":true,"href":"https:\/\/tecniplastmexico.com\/web\/wp-json\/wp\/v2\/product_brand?post=8530"},{"taxonomy":"product_cat","embeddable":true,"href":"https:\/\/tecniplastmexico.com\/web\/wp-json\/wp\/v2\/product_cat?post=8530"},{"taxonomy":"product_tag","embeddable":true,"href":"https:\/\/tecniplastmexico.com\/web\/wp-json\/wp\/v2\/product_tag?post=8530"}],"curies":[{"name":"wp","href":"https:\/\/api.w.org\/{rel}","templated":true}]}}