{"id":8613,"date":"2025-08-05T13:22:15","date_gmt":"2025-08-05T19:22:15","guid":{"rendered":"https:\/\/tecniplastmexico.com\/web\/?post_type=product&#038;p=8613"},"modified":"2025-08-07T16:49:14","modified_gmt":"2025-08-07T22:49:14","slug":"vaso-maxi-jumbo-policarbonato-1199","status":"publish","type":"product","link":"https:\/\/tecniplastmexico.com\/web\/productos\/vasos-tarros-platos-policarbonato\/vaso-maxi-jumbo-policarbonato-1199\/","title":{"rendered":"Vaso Maxi Jumbo PC &#8211; 1199"},"content":{"rendered":"<p><strong>C\u00f3digo:<\/strong> 1199<br \/>\n<strong>Categor\u00eda:<\/strong> <a href=\"https:\/\/tecniplastmexico.com\/web\/index.php\/categoria-producto\/vasos-tarros-platos-policarbonato\/\">L\u00ednea Policarbonato<\/a>, <a href=\"https:\/\/tecniplastmexico.com\/web\/index.php\/categoria-producto\/vasos-y-tarro-de-policarbonato\/\">Vasos y Tarro<\/a><br \/>\n<strong>Material:<\/strong> Policarbonato<\/p>\n","protected":false},"excerpt":{"rendered":"<p><strong><br \/>\nC\u00f3digo: <\/strong> 1199<\/p>\n<p><strong>Piezas por caja:\u00a0<\/strong>45<br \/>\n<strong>Capacidad:\u00a0<\/strong>33.8 oz \/1000 ml<br \/>\n<strong>Medidas:\u00a0<\/strong>\u00d8s = 10.8 cm, \u00d8i = 7.1 cm, H = 17.6 cm<br \/>\n<strong>Colores:\u00a0<\/strong>Cristal, Amarillo Fluorescente, Naranja Fluorescente, Rosa<\/p>\n","protected":false},"featured_media":8618,"template":"","meta":[],"product_brand":[],"product_cat":[115,120],"product_tag":[250,256,260,258,255,249,259,248],"class_list":{"0":"post-8613","1":"product","2":"type-product","3":"status-publish","4":"has-post-thumbnail","6":"product_cat-vasos-tarros-platos-policarbonato","7":"product_cat-vasos-y-tarro-de-policarbonato","8":"product_tag-vaso-de-plastico","9":"product_tag-vaso-jumbo","10":"product_tag-vaso-jumbo-de-plastico","11":"product_tag-vaso-jumbo-policarbonato","12":"product_tag-vaso-maxi","13":"product_tag-vaso-maxi-jumbo","14":"product_tag-vaso-maxi-jumbo-policarbonato","15":"product_tag-vaso-policarbonato","16":"pa_color-cristal","17":"pa_color-amarillo-fluorescente","18":"pa_color-naranja-fluorescente","19":"pa_color-rosa","22":"instock","23":"shipping-taxable","24":"product-type-variable","25":"wvs-archive-product-wrapper"},"yoast_head":"<!-- This site is optimized with the Yoast SEO Premium plugin v25.5 (Yoast SEO v27.0) - https:\/\/yoast.com\/product\/yoast-seo-premium-wordpress\/ -->\n<title>Vaso Maxi Jumbo Policarbonato<\/title>\n<meta name=\"description\" content=\"Vaso Maxi Jumbo de Policarbonato. Vaso Jumbo de pl\u00e1stico policarbonato. Vaso de pl\u00e1stico jumbo reutilizable. Vaso de pl\u00e1stico transparente.\" \/>\n<meta name=\"robots\" content=\"index, follow, max-snippet:-1, max-image-preview:large, max-video-preview:-1\" \/>\n<link rel=\"canonical\" href=\"https:\/\/tecniplastmexico.com\/web\/productos\/vasos-tarros-platos-policarbonato\/vaso-maxi-jumbo-policarbonato-1199\/\" \/>\n<meta property=\"og:locale\" content=\"es_MX\" \/>\n<meta property=\"og:type\" content=\"article\" \/>\n<meta property=\"og:title\" content=\"Vaso Maxi Jumbo PC - 1199\" \/>\n<meta property=\"og:description\" content=\"Vaso Maxi Jumbo de Policarbonato. Vaso Jumbo de pl\u00e1stico policarbonato. Vaso de pl\u00e1stico jumbo reutilizable. Vaso de pl\u00e1stico transparente.\" \/>\n<meta property=\"og:url\" content=\"https:\/\/tecniplastmexico.com\/web\/productos\/vasos-tarros-platos-policarbonato\/vaso-maxi-jumbo-policarbonato-1199\/\" \/>\n<meta property=\"og:site_name\" content=\"Tecniplast M\u00e9xico - Fabricante de Productos de pl\u00e1stico polipropileno, polietileno y policarbonato, Industrial Hogar Alimentos Restaurantes\" \/>\n<meta property=\"article:modified_time\" content=\"2025-08-07T22:49:14+00:00\" \/>\n<meta property=\"og:image\" content=\"https:\/\/tecniplastmexico.com\/web\/wp-content\/uploads\/2025\/08\/producto_vaso-maxi-jumbo-policarbonato_1199.png\" \/>\n\t<meta property=\"og:image:width\" content=\"433\" \/>\n\t<meta property=\"og:image:height\" content=\"577\" \/>\n\t<meta property=\"og:image:type\" content=\"image\/png\" \/>\n<meta name=\"twitter:card\" content=\"summary_large_image\" \/>\n<meta name=\"twitter:label1\" content=\"Disponibilidad\" \/>\n\t<meta name=\"twitter:data1\" content=\"Disponible\" \/>\n<script type=\"application\/ld+json\" class=\"yoast-schema-graph\">{\"@context\":\"https:\/\/schema.org\",\"@graph\":[{\"@type\":[\"WebPage\",\"ItemPage\"],\"@id\":\"https:\/\/tecniplastmexico.com\/web\/productos\/vasos-tarros-platos-policarbonato\/vaso-maxi-jumbo-policarbonato-1199\/\",\"url\":\"https:\/\/tecniplastmexico.com\/web\/productos\/vasos-tarros-platos-policarbonato\/vaso-maxi-jumbo-policarbonato-1199\/\",\"name\":\"Vaso Maxi Jumbo Policarbonato\",\"isPartOf\":{\"@id\":\"https:\/\/tecniplastmexico.com\/web\/#website\"},\"primaryImageOfPage\":{\"@id\":\"https:\/\/tecniplastmexico.com\/web\/productos\/vasos-tarros-platos-policarbonato\/vaso-maxi-jumbo-policarbonato-1199\/#primaryimage\"},\"image\":{\"@id\":\"https:\/\/tecniplastmexico.com\/web\/productos\/vasos-tarros-platos-policarbonato\/vaso-maxi-jumbo-policarbonato-1199\/#primaryimage\"},\"thumbnailUrl\":\"https:\/\/tecniplastmexico.com\/web\/wp-content\/uploads\/2025\/08\/producto_vaso-maxi-jumbo-policarbonato_1199.png\",\"datePublished\":\"2025-08-05T19:22:15+00:00\",\"dateModified\":\"2025-08-07T22:49:14+00:00\",\"description\":\"Vaso Maxi Jumbo de Policarbonato. Vaso Jumbo de pl\u00e1stico policarbonato. Vaso de pl\u00e1stico jumbo reutilizable. Vaso de pl\u00e1stico transparente.\",\"breadcrumb\":{\"@id\":\"https:\/\/tecniplastmexico.com\/web\/productos\/vasos-tarros-platos-policarbonato\/vaso-maxi-jumbo-policarbonato-1199\/#breadcrumb\"},\"inLanguage\":\"es\",\"potentialAction\":[{\"@type\":\"ReadAction\",\"target\":[\"https:\/\/tecniplastmexico.com\/web\/productos\/vasos-tarros-platos-policarbonato\/vaso-maxi-jumbo-policarbonato-1199\/\"]}]},{\"@type\":\"ImageObject\",\"inLanguage\":\"es\",\"@id\":\"https:\/\/tecniplastmexico.com\/web\/productos\/vasos-tarros-platos-policarbonato\/vaso-maxi-jumbo-policarbonato-1199\/#primaryimage\",\"url\":\"https:\/\/tecniplastmexico.com\/web\/wp-content\/uploads\/2025\/08\/producto_vaso-maxi-jumbo-policarbonato_1199.png\",\"contentUrl\":\"https:\/\/tecniplastmexico.com\/web\/wp-content\/uploads\/2025\/08\/producto_vaso-maxi-jumbo-policarbonato_1199.png\",\"width\":433,\"height\":577,\"caption\":\"Vaso Maxi Jumbo Policarbonato\"},{\"@type\":\"BreadcrumbList\",\"@id\":\"https:\/\/tecniplastmexico.com\/web\/productos\/vasos-tarros-platos-policarbonato\/vaso-maxi-jumbo-policarbonato-1199\/#breadcrumb\",\"itemListElement\":[{\"@type\":\"ListItem\",\"position\":1,\"name\":\"Inicio\",\"item\":\"https:\/\/tecniplastmexico.com\/web\/\"},{\"@type\":\"ListItem\",\"position\":2,\"name\":\"Productos\",\"item\":\"https:\/\/tecniplastmexico.com\/web\/productos\/\"},{\"@type\":\"ListItem\",\"position\":3,\"name\":\"Vaso Maxi Jumbo PC &#8211; 1199\"}]},{\"@type\":\"WebSite\",\"@id\":\"https:\/\/tecniplastmexico.com\/web\/#website\",\"url\":\"https:\/\/tecniplastmexico.com\/web\/\",\"name\":\"Tecniplast M\u00e9xico - Fabricante de Productos de pl\u00e1stico polipropileno, polietileno y policarbonato, Industrial Hogar Alimentos Restaurantes\",\"description\":\"Fabricante de Productos de pl\u00e1stico polipropileno, polietileno y policarbonato, Industrial Hogar Alimentos Restaurantes\",\"publisher\":{\"@id\":\"https:\/\/tecniplastmexico.com\/web\/#organization\"},\"potentialAction\":[{\"@type\":\"SearchAction\",\"target\":{\"@type\":\"EntryPoint\",\"urlTemplate\":\"https:\/\/tecniplastmexico.com\/web\/?s={search_term_string}\"},\"query-input\":{\"@type\":\"PropertyValueSpecification\",\"valueRequired\":true,\"valueName\":\"search_term_string\"}}],\"inLanguage\":\"es\"},{\"@type\":\"Organization\",\"@id\":\"https:\/\/tecniplastmexico.com\/web\/#organization\",\"name\":\"Tecniplast M\u00e9xico - Fabricante de Productos de pl\u00e1stico polipropileno, polietileno y policarbonato, Industrial Hogar Alimentos Restaurantes\",\"url\":\"https:\/\/tecniplastmexico.com\/web\/\",\"logo\":{\"@type\":\"ImageObject\",\"inLanguage\":\"es\",\"@id\":\"https:\/\/tecniplastmexico.com\/web\/#\/schema\/logo\/image\/\",\"url\":\"https:\/\/tecniplastmexico.com\/web\/wp-content\/uploads\/2025\/07\/Logo_tecniplast.png\",\"contentUrl\":\"https:\/\/tecniplastmexico.com\/web\/wp-content\/uploads\/2025\/07\/Logo_tecniplast.png\",\"width\":848,\"height\":294,\"caption\":\"Tecniplast M\u00e9xico - Fabricante de Productos de pl\u00e1stico polipropileno, polietileno y policarbonato, Industrial Hogar Alimentos Restaurantes\"},\"image\":{\"@id\":\"https:\/\/tecniplastmexico.com\/web\/#\/schema\/logo\/image\/\"}}]}<\/script>\n<meta property=\"og:availability\" content=\"instock\" \/>\n<meta property=\"product:availability\" content=\"instock\" \/>\n<meta property=\"product:retailer_item_id\" content=\"1199\" \/>\n<meta property=\"product:condition\" content=\"new\" \/>\n<!-- \/ Yoast SEO Premium plugin. -->","yoast_head_json":{"title":"Vaso Maxi Jumbo Policarbonato","description":"Vaso Maxi Jumbo de Policarbonato. Vaso Jumbo de pl\u00e1stico policarbonato. Vaso de pl\u00e1stico jumbo reutilizable. Vaso de pl\u00e1stico transparente.","robots":{"index":"index","follow":"follow","max-snippet":"max-snippet:-1","max-image-preview":"max-image-preview:large","max-video-preview":"max-video-preview:-1"},"canonical":"https:\/\/tecniplastmexico.com\/web\/productos\/vasos-tarros-platos-policarbonato\/vaso-maxi-jumbo-policarbonato-1199\/","og_locale":"es_MX","og_type":"article","og_title":"Vaso Maxi Jumbo PC - 1199","og_description":"Vaso Maxi Jumbo de Policarbonato. Vaso Jumbo de pl\u00e1stico policarbonato. Vaso de pl\u00e1stico jumbo reutilizable. Vaso de pl\u00e1stico transparente.","og_url":"https:\/\/tecniplastmexico.com\/web\/productos\/vasos-tarros-platos-policarbonato\/vaso-maxi-jumbo-policarbonato-1199\/","og_site_name":"Tecniplast M\u00e9xico - Fabricante de Productos de pl\u00e1stico polipropileno, polietileno y policarbonato, Industrial Hogar Alimentos Restaurantes","article_modified_time":"2025-08-07T22:49:14+00:00","og_image":[{"width":433,"height":577,"url":"https:\/\/tecniplastmexico.com\/web\/wp-content\/uploads\/2025\/08\/producto_vaso-maxi-jumbo-policarbonato_1199.png","type":"image\/png"}],"twitter_card":"summary_large_image","twitter_misc":{"Disponibilidad":"Disponible"},"schema":{"@context":"https:\/\/schema.org","@graph":[{"@type":["WebPage","ItemPage"],"@id":"https:\/\/tecniplastmexico.com\/web\/productos\/vasos-tarros-platos-policarbonato\/vaso-maxi-jumbo-policarbonato-1199\/","url":"https:\/\/tecniplastmexico.com\/web\/productos\/vasos-tarros-platos-policarbonato\/vaso-maxi-jumbo-policarbonato-1199\/","name":"Vaso Maxi Jumbo Policarbonato","isPartOf":{"@id":"https:\/\/tecniplastmexico.com\/web\/#website"},"primaryImageOfPage":{"@id":"https:\/\/tecniplastmexico.com\/web\/productos\/vasos-tarros-platos-policarbonato\/vaso-maxi-jumbo-policarbonato-1199\/#primaryimage"},"image":{"@id":"https:\/\/tecniplastmexico.com\/web\/productos\/vasos-tarros-platos-policarbonato\/vaso-maxi-jumbo-policarbonato-1199\/#primaryimage"},"thumbnailUrl":"https:\/\/tecniplastmexico.com\/web\/wp-content\/uploads\/2025\/08\/producto_vaso-maxi-jumbo-policarbonato_1199.png","datePublished":"2025-08-05T19:22:15+00:00","dateModified":"2025-08-07T22:49:14+00:00","description":"Vaso Maxi Jumbo de Policarbonato. Vaso Jumbo de pl\u00e1stico policarbonato. Vaso de pl\u00e1stico jumbo reutilizable. Vaso de pl\u00e1stico transparente.","breadcrumb":{"@id":"https:\/\/tecniplastmexico.com\/web\/productos\/vasos-tarros-platos-policarbonato\/vaso-maxi-jumbo-policarbonato-1199\/#breadcrumb"},"inLanguage":"es","potentialAction":[{"@type":"ReadAction","target":["https:\/\/tecniplastmexico.com\/web\/productos\/vasos-tarros-platos-policarbonato\/vaso-maxi-jumbo-policarbonato-1199\/"]}]},{"@type":"ImageObject","inLanguage":"es","@id":"https:\/\/tecniplastmexico.com\/web\/productos\/vasos-tarros-platos-policarbonato\/vaso-maxi-jumbo-policarbonato-1199\/#primaryimage","url":"https:\/\/tecniplastmexico.com\/web\/wp-content\/uploads\/2025\/08\/producto_vaso-maxi-jumbo-policarbonato_1199.png","contentUrl":"https:\/\/tecniplastmexico.com\/web\/wp-content\/uploads\/2025\/08\/producto_vaso-maxi-jumbo-policarbonato_1199.png","width":433,"height":577,"caption":"Vaso Maxi Jumbo Policarbonato"},{"@type":"BreadcrumbList","@id":"https:\/\/tecniplastmexico.com\/web\/productos\/vasos-tarros-platos-policarbonato\/vaso-maxi-jumbo-policarbonato-1199\/#breadcrumb","itemListElement":[{"@type":"ListItem","position":1,"name":"Inicio","item":"https:\/\/tecniplastmexico.com\/web\/"},{"@type":"ListItem","position":2,"name":"Productos","item":"https:\/\/tecniplastmexico.com\/web\/productos\/"},{"@type":"ListItem","position":3,"name":"Vaso Maxi Jumbo PC &#8211; 1199"}]},{"@type":"WebSite","@id":"https:\/\/tecniplastmexico.com\/web\/#website","url":"https:\/\/tecniplastmexico.com\/web\/","name":"Tecniplast M\u00e9xico - Fabricante de Productos de pl\u00e1stico polipropileno, polietileno y policarbonato, Industrial Hogar Alimentos Restaurantes","description":"Fabricante de Productos de pl\u00e1stico polipropileno, polietileno y policarbonato, Industrial Hogar Alimentos Restaurantes","publisher":{"@id":"https:\/\/tecniplastmexico.com\/web\/#organization"},"potentialAction":[{"@type":"SearchAction","target":{"@type":"EntryPoint","urlTemplate":"https:\/\/tecniplastmexico.com\/web\/?s={search_term_string}"},"query-input":{"@type":"PropertyValueSpecification","valueRequired":true,"valueName":"search_term_string"}}],"inLanguage":"es"},{"@type":"Organization","@id":"https:\/\/tecniplastmexico.com\/web\/#organization","name":"Tecniplast M\u00e9xico - Fabricante de Productos de pl\u00e1stico polipropileno, polietileno y policarbonato, Industrial Hogar Alimentos Restaurantes","url":"https:\/\/tecniplastmexico.com\/web\/","logo":{"@type":"ImageObject","inLanguage":"es","@id":"https:\/\/tecniplastmexico.com\/web\/#\/schema\/logo\/image\/","url":"https:\/\/tecniplastmexico.com\/web\/wp-content\/uploads\/2025\/07\/Logo_tecniplast.png","contentUrl":"https:\/\/tecniplastmexico.com\/web\/wp-content\/uploads\/2025\/07\/Logo_tecniplast.png","width":848,"height":294,"caption":"Tecniplast M\u00e9xico - Fabricante de Productos de pl\u00e1stico polipropileno, polietileno y policarbonato, Industrial Hogar Alimentos Restaurantes"},"image":{"@id":"https:\/\/tecniplastmexico.com\/web\/#\/schema\/logo\/image\/"}}]},"og_availability":"instock","product_availability":"instock","product_retailer_item_id":"1199","product_condition":"new"},"_links":{"self":[{"href":"https:\/\/tecniplastmexico.com\/web\/wp-json\/wp\/v2\/product\/8613","targetHints":{"allow":["GET"]}}],"collection":[{"href":"https:\/\/tecniplastmexico.com\/web\/wp-json\/wp\/v2\/product"}],"about":[{"href":"https:\/\/tecniplastmexico.com\/web\/wp-json\/wp\/v2\/types\/product"}],"version-history":[{"count":7,"href":"https:\/\/tecniplastmexico.com\/web\/wp-json\/wp\/v2\/product\/8613\/revisions"}],"predecessor-version":[{"id":8880,"href":"https:\/\/tecniplastmexico.com\/web\/wp-json\/wp\/v2\/product\/8613\/revisions\/8880"}],"wp:featuredmedia":[{"embeddable":true,"href":"https:\/\/tecniplastmexico.com\/web\/wp-json\/wp\/v2\/media\/8618"}],"wp:attachment":[{"href":"https:\/\/tecniplastmexico.com\/web\/wp-json\/wp\/v2\/media?parent=8613"}],"wp:term":[{"taxonomy":"product_brand","embeddable":true,"href":"https:\/\/tecniplastmexico.com\/web\/wp-json\/wp\/v2\/product_brand?post=8613"},{"taxonomy":"product_cat","embeddable":true,"href":"https:\/\/tecniplastmexico.com\/web\/wp-json\/wp\/v2\/product_cat?post=8613"},{"taxonomy":"product_tag","embeddable":true,"href":"https:\/\/tecniplastmexico.com\/web\/wp-json\/wp\/v2\/product_tag?post=8613"}],"curies":[{"name":"wp","href":"https:\/\/api.w.org\/{rel}","templated":true}]}}