{"id":9345,"date":"2025-08-20T07:48:02","date_gmt":"2025-08-20T13:48:02","guid":{"rendered":"https:\/\/tecniplastmexico.com\/web\/?post_type=product&#038;p=9345"},"modified":"2025-10-08T16:41:57","modified_gmt":"2025-10-08T22:41:57","slug":"vaso-euro-grande-polipropileno-plastico-pp-1160","status":"publish","type":"product","link":"https:\/\/tecniplastmexico.com\/web\/productos\/platos-vasos-tazas-cubetas-de-polipropileno\/vaso-de-polipropileno-plastico\/vaso-euro-grande-polipropileno-plastico-pp-1160\/","title":{"rendered":"Vaso Euro Grande PP \u2013 1160"},"content":{"rendered":"<p><strong>C\u00f3digo:<\/strong> 1160<br \/>\n<strong>Categor\u00eda:<\/strong> <a href=\"https:\/\/tecniplastmexico.com\/web\/index.php\/categoria-producto\/platos-vasos-tazas-cubetas-de-polipropileno\/\">L\u00ednea Polipropileno<\/a>, <a href=\"https:\/\/tecniplastmexico.com\/web\/index.php\/categoria-producto\/platos-vasos-tazas-cubetas-de-polipropileno\/vaso-de-polipropileno-plastico\/\">Vasos<\/a><br \/>\n<strong>Material:<\/strong> Polipropileno<\/p>\n","protected":false},"excerpt":{"rendered":"<p><strong><br \/>\nC\u00f3digo: <\/strong> 1160<\/p>\n<p><strong>Piezas por caja:\u00a0<\/strong>144<br \/>\n<strong>Capacidad:\u00a0<\/strong>14 oz \/ 415 ml<br \/>\n<strong>Medidas:\u00a0<\/strong>\u00d8s = 8.2 cm, \u00d8i = 6.2 cm, H = 12.1 cm<br \/>\n<strong>Colores:\u00a0<\/strong>Arena, Granito Negro, Colores Combinados, Natural, Trasl\u00facidos Combinados<\/p>\n","protected":false},"featured_media":9353,"template":"","meta":[],"product_brand":[],"product_cat":[132],"product_tag":[293,250,387,261,262,423,414,388],"class_list":{"0":"post-9345","1":"product","2":"type-product","3":"status-publish","4":"has-post-thumbnail","6":"product_cat-vaso-de-polipropileno-plastico","7":"product_tag-vaso","8":"product_tag-vaso-de-plastico","9":"product_tag-vaso-de-polipropileno","10":"product_tag-vaso-euro","11":"product_tag-vaso-euro-grande","12":"product_tag-vaso-euro-grande-de-polipropileno","13":"product_tag-vaso-euro-polipropileno","14":"product_tag-vaso-polipropileno","15":"pa_color-arena","16":"pa_color-natural","17":"pa_color-granito-negro","18":"pa_color-amarillo","19":"pa_color-naranja","20":"pa_color-rojo","21":"pa_color-verde","22":"pa_color-azul","23":"pa_color-traslucido-violeta","24":"pa_color-traslucido-naranja","25":"pa_color-traslucido-azul","26":"pa_color-traslucido-rojo","27":"pa_color-traslucido-verde","30":"instock","31":"shipping-taxable","32":"product-type-variable","33":"wvs-archive-product-wrapper"},"yoast_head":"<!-- This site is optimized with the Yoast SEO Premium plugin v25.5 (Yoast SEO v27.0) - https:\/\/yoast.com\/product\/yoast-seo-premium-wordpress\/ -->\n<title>Vaso euro grande de Polipropileno<\/title>\n<meta name=\"description\" content=\"Vaso euro grande de Polipropileno, Vaso euro grande de Pl\u00e1stico Polipropileno, Vaso de pl\u00e1stico reutilizable, vaso de pl\u00e1stico reusable\" \/>\n<meta name=\"robots\" content=\"index, follow, max-snippet:-1, max-image-preview:large, max-video-preview:-1\" \/>\n<link rel=\"canonical\" href=\"https:\/\/tecniplastmexico.com\/web\/productos\/platos-vasos-tazas-cubetas-de-polipropileno\/vaso-de-polipropileno-plastico\/vaso-euro-grande-polipropileno-plastico-pp-1160\/\" \/>\n<meta property=\"og:locale\" content=\"es_MX\" \/>\n<meta property=\"og:type\" content=\"article\" \/>\n<meta property=\"og:title\" content=\"Vaso Euro Grande PP \u2013 1160\" \/>\n<meta property=\"og:description\" content=\"Vaso euro grande de Polipropileno, Vaso euro grande de Pl\u00e1stico Polipropileno, Vaso de pl\u00e1stico reutilizable, vaso de pl\u00e1stico reusable\" \/>\n<meta property=\"og:url\" content=\"https:\/\/tecniplastmexico.com\/web\/productos\/platos-vasos-tazas-cubetas-de-polipropileno\/vaso-de-polipropileno-plastico\/vaso-euro-grande-polipropileno-plastico-pp-1160\/\" \/>\n<meta property=\"og:site_name\" content=\"Tecniplast M\u00e9xico - Fabricante de Productos de pl\u00e1stico polipropileno, polietileno y policarbonato, Industrial Hogar Alimentos Restaurantes\" \/>\n<meta property=\"article:modified_time\" content=\"2025-10-08T22:41:57+00:00\" \/>\n<meta property=\"og:image\" content=\"https:\/\/tecniplastmexico.com\/web\/wp-content\/uploads\/2025\/08\/producto_vaso_euro_grande_polipropileno_plastico_PP_1160.jpg\" \/>\n\t<meta property=\"og:image:width\" content=\"600\" \/>\n\t<meta property=\"og:image:height\" content=\"600\" \/>\n\t<meta property=\"og:image:type\" content=\"image\/jpeg\" \/>\n<meta name=\"twitter:card\" content=\"summary_large_image\" \/>\n<meta name=\"twitter:label1\" content=\"Disponibilidad\" \/>\n\t<meta name=\"twitter:data1\" content=\"Disponible\" \/>\n<script type=\"application\/ld+json\" class=\"yoast-schema-graph\">{\"@context\":\"https:\/\/schema.org\",\"@graph\":[{\"@type\":[\"WebPage\",\"ItemPage\"],\"@id\":\"https:\/\/tecniplastmexico.com\/web\/productos\/platos-vasos-tazas-cubetas-de-polipropileno\/vaso-de-polipropileno-plastico\/vaso-euro-grande-polipropileno-plastico-pp-1160\/\",\"url\":\"https:\/\/tecniplastmexico.com\/web\/productos\/platos-vasos-tazas-cubetas-de-polipropileno\/vaso-de-polipropileno-plastico\/vaso-euro-grande-polipropileno-plastico-pp-1160\/\",\"name\":\"Vaso euro grande de Polipropileno\",\"isPartOf\":{\"@id\":\"https:\/\/tecniplastmexico.com\/web\/#website\"},\"primaryImageOfPage\":{\"@id\":\"https:\/\/tecniplastmexico.com\/web\/productos\/platos-vasos-tazas-cubetas-de-polipropileno\/vaso-de-polipropileno-plastico\/vaso-euro-grande-polipropileno-plastico-pp-1160\/#primaryimage\"},\"image\":{\"@id\":\"https:\/\/tecniplastmexico.com\/web\/productos\/platos-vasos-tazas-cubetas-de-polipropileno\/vaso-de-polipropileno-plastico\/vaso-euro-grande-polipropileno-plastico-pp-1160\/#primaryimage\"},\"thumbnailUrl\":\"https:\/\/tecniplastmexico.com\/web\/wp-content\/uploads\/2025\/08\/producto_vaso_euro_grande_polipropileno_plastico_PP_1160.jpg\",\"datePublished\":\"2025-08-20T13:48:02+00:00\",\"dateModified\":\"2025-10-08T22:41:57+00:00\",\"description\":\"Vaso euro grande de Polipropileno, Vaso euro grande de Pl\u00e1stico Polipropileno, Vaso de pl\u00e1stico reutilizable, vaso de pl\u00e1stico reusable\",\"breadcrumb\":{\"@id\":\"https:\/\/tecniplastmexico.com\/web\/productos\/platos-vasos-tazas-cubetas-de-polipropileno\/vaso-de-polipropileno-plastico\/vaso-euro-grande-polipropileno-plastico-pp-1160\/#breadcrumb\"},\"inLanguage\":\"es\",\"potentialAction\":[{\"@type\":\"ReadAction\",\"target\":[\"https:\/\/tecniplastmexico.com\/web\/productos\/platos-vasos-tazas-cubetas-de-polipropileno\/vaso-de-polipropileno-plastico\/vaso-euro-grande-polipropileno-plastico-pp-1160\/\"]}]},{\"@type\":\"ImageObject\",\"inLanguage\":\"es\",\"@id\":\"https:\/\/tecniplastmexico.com\/web\/productos\/platos-vasos-tazas-cubetas-de-polipropileno\/vaso-de-polipropileno-plastico\/vaso-euro-grande-polipropileno-plastico-pp-1160\/#primaryimage\",\"url\":\"https:\/\/tecniplastmexico.com\/web\/wp-content\/uploads\/2025\/08\/producto_vaso_euro_grande_polipropileno_plastico_PP_1160.jpg\",\"contentUrl\":\"https:\/\/tecniplastmexico.com\/web\/wp-content\/uploads\/2025\/08\/producto_vaso_euro_grande_polipropileno_plastico_PP_1160.jpg\",\"width\":600,\"height\":600,\"caption\":\"Vaso Euro Grande de Polipropileno Pl\u00e1stico PP 1160 amarillo\"},{\"@type\":\"BreadcrumbList\",\"@id\":\"https:\/\/tecniplastmexico.com\/web\/productos\/platos-vasos-tazas-cubetas-de-polipropileno\/vaso-de-polipropileno-plastico\/vaso-euro-grande-polipropileno-plastico-pp-1160\/#breadcrumb\",\"itemListElement\":[{\"@type\":\"ListItem\",\"position\":1,\"name\":\"Inicio\",\"item\":\"https:\/\/tecniplastmexico.com\/web\/\"},{\"@type\":\"ListItem\",\"position\":2,\"name\":\"Productos\",\"item\":\"https:\/\/tecniplastmexico.com\/web\/productos\/\"},{\"@type\":\"ListItem\",\"position\":3,\"name\":\"Vaso Euro Grande PP \u2013 1160\"}]},{\"@type\":\"WebSite\",\"@id\":\"https:\/\/tecniplastmexico.com\/web\/#website\",\"url\":\"https:\/\/tecniplastmexico.com\/web\/\",\"name\":\"Tecniplast M\u00e9xico - Fabricante de Productos de pl\u00e1stico polipropileno, polietileno y policarbonato, Industrial Hogar Alimentos Restaurantes\",\"description\":\"Fabricante de Productos de pl\u00e1stico polipropileno, polietileno y policarbonato, Industrial Hogar Alimentos Restaurantes\",\"publisher\":{\"@id\":\"https:\/\/tecniplastmexico.com\/web\/#organization\"},\"potentialAction\":[{\"@type\":\"SearchAction\",\"target\":{\"@type\":\"EntryPoint\",\"urlTemplate\":\"https:\/\/tecniplastmexico.com\/web\/?s={search_term_string}\"},\"query-input\":{\"@type\":\"PropertyValueSpecification\",\"valueRequired\":true,\"valueName\":\"search_term_string\"}}],\"inLanguage\":\"es\"},{\"@type\":\"Organization\",\"@id\":\"https:\/\/tecniplastmexico.com\/web\/#organization\",\"name\":\"Tecniplast M\u00e9xico - Fabricante de Productos de pl\u00e1stico polipropileno, polietileno y policarbonato, Industrial Hogar Alimentos Restaurantes\",\"url\":\"https:\/\/tecniplastmexico.com\/web\/\",\"logo\":{\"@type\":\"ImageObject\",\"inLanguage\":\"es\",\"@id\":\"https:\/\/tecniplastmexico.com\/web\/#\/schema\/logo\/image\/\",\"url\":\"https:\/\/tecniplastmexico.com\/web\/wp-content\/uploads\/2025\/07\/Logo_tecniplast.png\",\"contentUrl\":\"https:\/\/tecniplastmexico.com\/web\/wp-content\/uploads\/2025\/07\/Logo_tecniplast.png\",\"width\":848,\"height\":294,\"caption\":\"Tecniplast M\u00e9xico - Fabricante de Productos de pl\u00e1stico polipropileno, polietileno y policarbonato, Industrial Hogar Alimentos Restaurantes\"},\"image\":{\"@id\":\"https:\/\/tecniplastmexico.com\/web\/#\/schema\/logo\/image\/\"}}]}<\/script>\n<meta property=\"og:availability\" content=\"instock\" \/>\n<meta property=\"product:availability\" content=\"instock\" \/>\n<meta property=\"product:retailer_item_id\" content=\"1160\" \/>\n<meta property=\"product:condition\" content=\"new\" \/>\n<!-- \/ Yoast SEO Premium plugin. -->","yoast_head_json":{"title":"Vaso euro grande de Polipropileno","description":"Vaso euro grande de Polipropileno, Vaso euro grande de Pl\u00e1stico Polipropileno, Vaso de pl\u00e1stico reutilizable, vaso de pl\u00e1stico reusable","robots":{"index":"index","follow":"follow","max-snippet":"max-snippet:-1","max-image-preview":"max-image-preview:large","max-video-preview":"max-video-preview:-1"},"canonical":"https:\/\/tecniplastmexico.com\/web\/productos\/platos-vasos-tazas-cubetas-de-polipropileno\/vaso-de-polipropileno-plastico\/vaso-euro-grande-polipropileno-plastico-pp-1160\/","og_locale":"es_MX","og_type":"article","og_title":"Vaso Euro Grande PP \u2013 1160","og_description":"Vaso euro grande de Polipropileno, Vaso euro grande de Pl\u00e1stico Polipropileno, Vaso de pl\u00e1stico reutilizable, vaso de pl\u00e1stico reusable","og_url":"https:\/\/tecniplastmexico.com\/web\/productos\/platos-vasos-tazas-cubetas-de-polipropileno\/vaso-de-polipropileno-plastico\/vaso-euro-grande-polipropileno-plastico-pp-1160\/","og_site_name":"Tecniplast M\u00e9xico - Fabricante de Productos de pl\u00e1stico polipropileno, polietileno y policarbonato, Industrial Hogar Alimentos Restaurantes","article_modified_time":"2025-10-08T22:41:57+00:00","og_image":[{"width":600,"height":600,"url":"https:\/\/tecniplastmexico.com\/web\/wp-content\/uploads\/2025\/08\/producto_vaso_euro_grande_polipropileno_plastico_PP_1160.jpg","type":"image\/jpeg"}],"twitter_card":"summary_large_image","twitter_misc":{"Disponibilidad":"Disponible"},"schema":{"@context":"https:\/\/schema.org","@graph":[{"@type":["WebPage","ItemPage"],"@id":"https:\/\/tecniplastmexico.com\/web\/productos\/platos-vasos-tazas-cubetas-de-polipropileno\/vaso-de-polipropileno-plastico\/vaso-euro-grande-polipropileno-plastico-pp-1160\/","url":"https:\/\/tecniplastmexico.com\/web\/productos\/platos-vasos-tazas-cubetas-de-polipropileno\/vaso-de-polipropileno-plastico\/vaso-euro-grande-polipropileno-plastico-pp-1160\/","name":"Vaso euro grande de Polipropileno","isPartOf":{"@id":"https:\/\/tecniplastmexico.com\/web\/#website"},"primaryImageOfPage":{"@id":"https:\/\/tecniplastmexico.com\/web\/productos\/platos-vasos-tazas-cubetas-de-polipropileno\/vaso-de-polipropileno-plastico\/vaso-euro-grande-polipropileno-plastico-pp-1160\/#primaryimage"},"image":{"@id":"https:\/\/tecniplastmexico.com\/web\/productos\/platos-vasos-tazas-cubetas-de-polipropileno\/vaso-de-polipropileno-plastico\/vaso-euro-grande-polipropileno-plastico-pp-1160\/#primaryimage"},"thumbnailUrl":"https:\/\/tecniplastmexico.com\/web\/wp-content\/uploads\/2025\/08\/producto_vaso_euro_grande_polipropileno_plastico_PP_1160.jpg","datePublished":"2025-08-20T13:48:02+00:00","dateModified":"2025-10-08T22:41:57+00:00","description":"Vaso euro grande de Polipropileno, Vaso euro grande de Pl\u00e1stico Polipropileno, Vaso de pl\u00e1stico reutilizable, vaso de pl\u00e1stico reusable","breadcrumb":{"@id":"https:\/\/tecniplastmexico.com\/web\/productos\/platos-vasos-tazas-cubetas-de-polipropileno\/vaso-de-polipropileno-plastico\/vaso-euro-grande-polipropileno-plastico-pp-1160\/#breadcrumb"},"inLanguage":"es","potentialAction":[{"@type":"ReadAction","target":["https:\/\/tecniplastmexico.com\/web\/productos\/platos-vasos-tazas-cubetas-de-polipropileno\/vaso-de-polipropileno-plastico\/vaso-euro-grande-polipropileno-plastico-pp-1160\/"]}]},{"@type":"ImageObject","inLanguage":"es","@id":"https:\/\/tecniplastmexico.com\/web\/productos\/platos-vasos-tazas-cubetas-de-polipropileno\/vaso-de-polipropileno-plastico\/vaso-euro-grande-polipropileno-plastico-pp-1160\/#primaryimage","url":"https:\/\/tecniplastmexico.com\/web\/wp-content\/uploads\/2025\/08\/producto_vaso_euro_grande_polipropileno_plastico_PP_1160.jpg","contentUrl":"https:\/\/tecniplastmexico.com\/web\/wp-content\/uploads\/2025\/08\/producto_vaso_euro_grande_polipropileno_plastico_PP_1160.jpg","width":600,"height":600,"caption":"Vaso Euro Grande de Polipropileno Pl\u00e1stico PP 1160 amarillo"},{"@type":"BreadcrumbList","@id":"https:\/\/tecniplastmexico.com\/web\/productos\/platos-vasos-tazas-cubetas-de-polipropileno\/vaso-de-polipropileno-plastico\/vaso-euro-grande-polipropileno-plastico-pp-1160\/#breadcrumb","itemListElement":[{"@type":"ListItem","position":1,"name":"Inicio","item":"https:\/\/tecniplastmexico.com\/web\/"},{"@type":"ListItem","position":2,"name":"Productos","item":"https:\/\/tecniplastmexico.com\/web\/productos\/"},{"@type":"ListItem","position":3,"name":"Vaso Euro Grande PP \u2013 1160"}]},{"@type":"WebSite","@id":"https:\/\/tecniplastmexico.com\/web\/#website","url":"https:\/\/tecniplastmexico.com\/web\/","name":"Tecniplast M\u00e9xico - Fabricante de Productos de pl\u00e1stico polipropileno, polietileno y policarbonato, Industrial Hogar Alimentos Restaurantes","description":"Fabricante de Productos de pl\u00e1stico polipropileno, polietileno y policarbonato, Industrial Hogar Alimentos Restaurantes","publisher":{"@id":"https:\/\/tecniplastmexico.com\/web\/#organization"},"potentialAction":[{"@type":"SearchAction","target":{"@type":"EntryPoint","urlTemplate":"https:\/\/tecniplastmexico.com\/web\/?s={search_term_string}"},"query-input":{"@type":"PropertyValueSpecification","valueRequired":true,"valueName":"search_term_string"}}],"inLanguage":"es"},{"@type":"Organization","@id":"https:\/\/tecniplastmexico.com\/web\/#organization","name":"Tecniplast M\u00e9xico - Fabricante de Productos de pl\u00e1stico polipropileno, polietileno y policarbonato, Industrial Hogar Alimentos Restaurantes","url":"https:\/\/tecniplastmexico.com\/web\/","logo":{"@type":"ImageObject","inLanguage":"es","@id":"https:\/\/tecniplastmexico.com\/web\/#\/schema\/logo\/image\/","url":"https:\/\/tecniplastmexico.com\/web\/wp-content\/uploads\/2025\/07\/Logo_tecniplast.png","contentUrl":"https:\/\/tecniplastmexico.com\/web\/wp-content\/uploads\/2025\/07\/Logo_tecniplast.png","width":848,"height":294,"caption":"Tecniplast M\u00e9xico - Fabricante de Productos de pl\u00e1stico polipropileno, polietileno y policarbonato, Industrial Hogar Alimentos Restaurantes"},"image":{"@id":"https:\/\/tecniplastmexico.com\/web\/#\/schema\/logo\/image\/"}}]},"og_availability":"instock","product_availability":"instock","product_retailer_item_id":"1160","product_condition":"new"},"_links":{"self":[{"href":"https:\/\/tecniplastmexico.com\/web\/wp-json\/wp\/v2\/product\/9345","targetHints":{"allow":["GET"]}}],"collection":[{"href":"https:\/\/tecniplastmexico.com\/web\/wp-json\/wp\/v2\/product"}],"about":[{"href":"https:\/\/tecniplastmexico.com\/web\/wp-json\/wp\/v2\/types\/product"}],"version-history":[{"count":1,"href":"https:\/\/tecniplastmexico.com\/web\/wp-json\/wp\/v2\/product\/9345\/revisions"}],"predecessor-version":[{"id":9361,"href":"https:\/\/tecniplastmexico.com\/web\/wp-json\/wp\/v2\/product\/9345\/revisions\/9361"}],"wp:featuredmedia":[{"embeddable":true,"href":"https:\/\/tecniplastmexico.com\/web\/wp-json\/wp\/v2\/media\/9353"}],"wp:attachment":[{"href":"https:\/\/tecniplastmexico.com\/web\/wp-json\/wp\/v2\/media?parent=9345"}],"wp:term":[{"taxonomy":"product_brand","embeddable":true,"href":"https:\/\/tecniplastmexico.com\/web\/wp-json\/wp\/v2\/product_brand?post=9345"},{"taxonomy":"product_cat","embeddable":true,"href":"https:\/\/tecniplastmexico.com\/web\/wp-json\/wp\/v2\/product_cat?post=9345"},{"taxonomy":"product_tag","embeddable":true,"href":"https:\/\/tecniplastmexico.com\/web\/wp-json\/wp\/v2\/product_tag?post=9345"}],"curies":[{"name":"wp","href":"https:\/\/api.w.org\/{rel}","templated":true}]}}