{"id":9415,"date":"2025-08-20T21:48:42","date_gmt":"2025-08-21T03:48:42","guid":{"rendered":"https:\/\/tecniplastmexico.com\/web\/?post_type=product&#038;p=9415"},"modified":"2025-08-25T09:39:36","modified_gmt":"2025-08-25T15:39:36","slug":"plato-tampiqueno-grande-pp-1275","status":"publish","type":"product","link":"https:\/\/tecniplastmexico.com\/web\/productos\/platos-vasos-tazas-cubetas-de-polipropileno\/platos-charolas-con-divisiones-restaurantes-restaurantera\/plato-tampiqueno-grande-pp-1275\/","title":{"rendered":"Plato Tampique\u00f1o Grande PP \u2013 1275"},"content":{"rendered":"<p><strong>C\u00f3digo:<\/strong> 1275<br \/>\n<strong>Categor\u00eda:<\/strong> <a href=\"https:\/\/tecniplastmexico.com\/web\/index.php\/categoria-producto\/platos-vasos-tazas-cubetas-de-polipropileno\/\">L\u00ednea Polipropileno<\/a>,\u00a0<a href=\"https:\/\/tecniplastmexico.com\/web\/index.php\/categoria-producto\/platos-vasos-tazas-cubetas-de-polipropileno\/platos-charolas-con-divisiones-restaurantes-restaurantera\/\">L\u00ednea Restaurantera<\/a><br \/>\n<strong>Material:<\/strong> Polipropileno<\/p>\n","protected":false},"excerpt":{"rendered":"<p><strong><br \/>\nC\u00f3digo: <\/strong> 1275<\/p>\n<p><strong>Piezas por caja:\u00a0<\/strong>112<br \/>\n<strong>Capacidad:\u00a0<\/strong>\u2013<br \/>\n<strong>Medidas:\u00a0<\/strong>L = 33.8 cm, A = 25.2 cm, H = 2.0 cm<br \/>\n<strong>Colores:\u00a0<\/strong>Arena, Granito Negro, Colores Combinados<\/p>\n","protected":false},"featured_media":9423,"template":"","meta":[],"product_brand":[],"product_cat":[383,127],"product_tag":[448,141,143,144,449,206,224,447,446],"class_list":{"0":"post-9415","1":"product","2":"type-product","3":"status-publish","4":"has-post-thumbnail","6":"product_cat-platos-vasos-tazas-cubetas-de-polipropileno","7":"product_cat-platos-charolas-con-divisiones-restaurantes-restaurantera","8":"product_tag-palto-grande-de-polipropileno","9":"product_tag-plato","10":"product_tag-plato-de-plastico","11":"product_tag-plato-de-polipropileno","12":"product_tag-plato-grande-de-plastico","13":"product_tag-plato-tampiqueno","14":"product_tag-plato-tampiqueno-grande","15":"product_tag-plato-tampiqueno-grande-de-plastico","16":"product_tag-plato-tampiqueno-grande-de-polipropileno","17":"pa_color-arena","18":"pa_color-granito-negro","19":"pa_color-amarillo","20":"pa_color-naranja","21":"pa_color-rojo","22":"pa_color-verde","23":"pa_color-azul","26":"instock","27":"shipping-taxable","28":"product-type-variable","29":"wvs-archive-product-wrapper"},"yoast_head":"<!-- This site is optimized with the Yoast SEO Premium plugin v25.5 (Yoast SEO v27.0) - https:\/\/yoast.com\/product\/yoast-seo-premium-wordpress\/ -->\n<title>Plato Tampique\u00f1o Grande de Polipropileno<\/title>\n<meta name=\"description\" content=\"Plato Tampique\u00f1o Grande de Polipropileno, Plato Tampique\u00f1o Grande de Pl\u00e1stico Polipropileno, Plato Tampique\u00f1o Grande reutilizable, reusable\" \/>\n<meta name=\"robots\" content=\"index, follow, max-snippet:-1, max-image-preview:large, max-video-preview:-1\" \/>\n<link rel=\"canonical\" href=\"https:\/\/tecniplastmexico.com\/web\/productos\/platos-vasos-tazas-cubetas-de-polipropileno\/platos-charolas-con-divisiones-restaurantes-restaurantera\/plato-tampiqueno-grande-pp-1275\/\" \/>\n<meta property=\"og:locale\" content=\"es_MX\" \/>\n<meta property=\"og:type\" content=\"article\" \/>\n<meta property=\"og:title\" content=\"Plato Tampique\u00f1o Grande PP \u2013 1275\" \/>\n<meta property=\"og:description\" content=\"Plato Tampique\u00f1o Grande de Polipropileno, Plato Tampique\u00f1o Grande de Pl\u00e1stico Polipropileno, Plato Tampique\u00f1o Grande reutilizable, reusable\" \/>\n<meta property=\"og:url\" content=\"https:\/\/tecniplastmexico.com\/web\/productos\/platos-vasos-tazas-cubetas-de-polipropileno\/platos-charolas-con-divisiones-restaurantes-restaurantera\/plato-tampiqueno-grande-pp-1275\/\" \/>\n<meta property=\"og:site_name\" content=\"Tecniplast M\u00e9xico - Fabricante de Productos de pl\u00e1stico polipropileno, polietileno y policarbonato, Industrial Hogar Alimentos Restaurantes\" \/>\n<meta property=\"article:modified_time\" content=\"2025-08-25T15:39:36+00:00\" \/>\n<meta property=\"og:image\" content=\"https:\/\/tecniplastmexico.com\/web\/wp-content\/uploads\/2025\/08\/producto_plato_tampiqueno_grande_polipropileno_plastico_PP_1275.jpg\" \/>\n\t<meta property=\"og:image:width\" content=\"600\" \/>\n\t<meta property=\"og:image:height\" content=\"600\" \/>\n\t<meta property=\"og:image:type\" content=\"image\/jpeg\" \/>\n<meta name=\"twitter:card\" content=\"summary_large_image\" \/>\n<meta name=\"twitter:label1\" content=\"Disponibilidad\" \/>\n\t<meta name=\"twitter:data1\" content=\"Disponible\" \/>\n<script type=\"application\/ld+json\" class=\"yoast-schema-graph\">{\"@context\":\"https:\/\/schema.org\",\"@graph\":[{\"@type\":[\"WebPage\",\"ItemPage\"],\"@id\":\"https:\/\/tecniplastmexico.com\/web\/productos\/platos-vasos-tazas-cubetas-de-polipropileno\/platos-charolas-con-divisiones-restaurantes-restaurantera\/plato-tampiqueno-grande-pp-1275\/\",\"url\":\"https:\/\/tecniplastmexico.com\/web\/productos\/platos-vasos-tazas-cubetas-de-polipropileno\/platos-charolas-con-divisiones-restaurantes-restaurantera\/plato-tampiqueno-grande-pp-1275\/\",\"name\":\"Plato Tampique\u00f1o Grande de Polipropileno\",\"isPartOf\":{\"@id\":\"https:\/\/tecniplastmexico.com\/web\/#website\"},\"primaryImageOfPage\":{\"@id\":\"https:\/\/tecniplastmexico.com\/web\/productos\/platos-vasos-tazas-cubetas-de-polipropileno\/platos-charolas-con-divisiones-restaurantes-restaurantera\/plato-tampiqueno-grande-pp-1275\/#primaryimage\"},\"image\":{\"@id\":\"https:\/\/tecniplastmexico.com\/web\/productos\/platos-vasos-tazas-cubetas-de-polipropileno\/platos-charolas-con-divisiones-restaurantes-restaurantera\/plato-tampiqueno-grande-pp-1275\/#primaryimage\"},\"thumbnailUrl\":\"https:\/\/tecniplastmexico.com\/web\/wp-content\/uploads\/2025\/08\/producto_plato_tampiqueno_grande_polipropileno_plastico_PP_1275.jpg\",\"datePublished\":\"2025-08-21T03:48:42+00:00\",\"dateModified\":\"2025-08-25T15:39:36+00:00\",\"description\":\"Plato Tampique\u00f1o Grande de Polipropileno, Plato Tampique\u00f1o Grande de Pl\u00e1stico Polipropileno, Plato Tampique\u00f1o Grande reutilizable, reusable\",\"breadcrumb\":{\"@id\":\"https:\/\/tecniplastmexico.com\/web\/productos\/platos-vasos-tazas-cubetas-de-polipropileno\/platos-charolas-con-divisiones-restaurantes-restaurantera\/plato-tampiqueno-grande-pp-1275\/#breadcrumb\"},\"inLanguage\":\"es\",\"potentialAction\":[{\"@type\":\"ReadAction\",\"target\":[\"https:\/\/tecniplastmexico.com\/web\/productos\/platos-vasos-tazas-cubetas-de-polipropileno\/platos-charolas-con-divisiones-restaurantes-restaurantera\/plato-tampiqueno-grande-pp-1275\/\"]}]},{\"@type\":\"ImageObject\",\"inLanguage\":\"es\",\"@id\":\"https:\/\/tecniplastmexico.com\/web\/productos\/platos-vasos-tazas-cubetas-de-polipropileno\/platos-charolas-con-divisiones-restaurantes-restaurantera\/plato-tampiqueno-grande-pp-1275\/#primaryimage\",\"url\":\"https:\/\/tecniplastmexico.com\/web\/wp-content\/uploads\/2025\/08\/producto_plato_tampiqueno_grande_polipropileno_plastico_PP_1275.jpg\",\"contentUrl\":\"https:\/\/tecniplastmexico.com\/web\/wp-content\/uploads\/2025\/08\/producto_plato_tampiqueno_grande_polipropileno_plastico_PP_1275.jpg\",\"width\":600,\"height\":600,\"caption\":\"Plato Tampique\u00f1o Grande de Polipropileno Pl\u00e1stico PP 1275\"},{\"@type\":\"BreadcrumbList\",\"@id\":\"https:\/\/tecniplastmexico.com\/web\/productos\/platos-vasos-tazas-cubetas-de-polipropileno\/platos-charolas-con-divisiones-restaurantes-restaurantera\/plato-tampiqueno-grande-pp-1275\/#breadcrumb\",\"itemListElement\":[{\"@type\":\"ListItem\",\"position\":1,\"name\":\"Inicio\",\"item\":\"https:\/\/tecniplastmexico.com\/web\/\"},{\"@type\":\"ListItem\",\"position\":2,\"name\":\"Productos\",\"item\":\"https:\/\/tecniplastmexico.com\/web\/productos\/\"},{\"@type\":\"ListItem\",\"position\":3,\"name\":\"Plato Tampique\u00f1o Grande PP \u2013 1275\"}]},{\"@type\":\"WebSite\",\"@id\":\"https:\/\/tecniplastmexico.com\/web\/#website\",\"url\":\"https:\/\/tecniplastmexico.com\/web\/\",\"name\":\"Tecniplast M\u00e9xico - Fabricante de Productos de pl\u00e1stico polipropileno, polietileno y policarbonato, Industrial Hogar Alimentos Restaurantes\",\"description\":\"Fabricante de Productos de pl\u00e1stico polipropileno, polietileno y policarbonato, Industrial Hogar Alimentos Restaurantes\",\"publisher\":{\"@id\":\"https:\/\/tecniplastmexico.com\/web\/#organization\"},\"potentialAction\":[{\"@type\":\"SearchAction\",\"target\":{\"@type\":\"EntryPoint\",\"urlTemplate\":\"https:\/\/tecniplastmexico.com\/web\/?s={search_term_string}\"},\"query-input\":{\"@type\":\"PropertyValueSpecification\",\"valueRequired\":true,\"valueName\":\"search_term_string\"}}],\"inLanguage\":\"es\"},{\"@type\":\"Organization\",\"@id\":\"https:\/\/tecniplastmexico.com\/web\/#organization\",\"name\":\"Tecniplast M\u00e9xico - Fabricante de Productos de pl\u00e1stico polipropileno, polietileno y policarbonato, Industrial Hogar Alimentos Restaurantes\",\"url\":\"https:\/\/tecniplastmexico.com\/web\/\",\"logo\":{\"@type\":\"ImageObject\",\"inLanguage\":\"es\",\"@id\":\"https:\/\/tecniplastmexico.com\/web\/#\/schema\/logo\/image\/\",\"url\":\"https:\/\/tecniplastmexico.com\/web\/wp-content\/uploads\/2025\/07\/Logo_tecniplast.png\",\"contentUrl\":\"https:\/\/tecniplastmexico.com\/web\/wp-content\/uploads\/2025\/07\/Logo_tecniplast.png\",\"width\":848,\"height\":294,\"caption\":\"Tecniplast M\u00e9xico - Fabricante de Productos de pl\u00e1stico polipropileno, polietileno y policarbonato, Industrial Hogar Alimentos Restaurantes\"},\"image\":{\"@id\":\"https:\/\/tecniplastmexico.com\/web\/#\/schema\/logo\/image\/\"}}]}<\/script>\n<meta property=\"og:availability\" content=\"instock\" \/>\n<meta property=\"product:availability\" content=\"instock\" \/>\n<meta property=\"product:retailer_item_id\" content=\"1275\" \/>\n<meta property=\"product:condition\" content=\"new\" \/>\n<!-- \/ Yoast SEO Premium plugin. -->","yoast_head_json":{"title":"Plato Tampique\u00f1o Grande de Polipropileno","description":"Plato Tampique\u00f1o Grande de Polipropileno, Plato Tampique\u00f1o Grande de Pl\u00e1stico Polipropileno, Plato Tampique\u00f1o Grande reutilizable, reusable","robots":{"index":"index","follow":"follow","max-snippet":"max-snippet:-1","max-image-preview":"max-image-preview:large","max-video-preview":"max-video-preview:-1"},"canonical":"https:\/\/tecniplastmexico.com\/web\/productos\/platos-vasos-tazas-cubetas-de-polipropileno\/platos-charolas-con-divisiones-restaurantes-restaurantera\/plato-tampiqueno-grande-pp-1275\/","og_locale":"es_MX","og_type":"article","og_title":"Plato Tampique\u00f1o Grande PP \u2013 1275","og_description":"Plato Tampique\u00f1o Grande de Polipropileno, Plato Tampique\u00f1o Grande de Pl\u00e1stico Polipropileno, Plato Tampique\u00f1o Grande reutilizable, reusable","og_url":"https:\/\/tecniplastmexico.com\/web\/productos\/platos-vasos-tazas-cubetas-de-polipropileno\/platos-charolas-con-divisiones-restaurantes-restaurantera\/plato-tampiqueno-grande-pp-1275\/","og_site_name":"Tecniplast M\u00e9xico - Fabricante de Productos de pl\u00e1stico polipropileno, polietileno y policarbonato, Industrial Hogar Alimentos Restaurantes","article_modified_time":"2025-08-25T15:39:36+00:00","og_image":[{"width":600,"height":600,"url":"https:\/\/tecniplastmexico.com\/web\/wp-content\/uploads\/2025\/08\/producto_plato_tampiqueno_grande_polipropileno_plastico_PP_1275.jpg","type":"image\/jpeg"}],"twitter_card":"summary_large_image","twitter_misc":{"Disponibilidad":"Disponible"},"schema":{"@context":"https:\/\/schema.org","@graph":[{"@type":["WebPage","ItemPage"],"@id":"https:\/\/tecniplastmexico.com\/web\/productos\/platos-vasos-tazas-cubetas-de-polipropileno\/platos-charolas-con-divisiones-restaurantes-restaurantera\/plato-tampiqueno-grande-pp-1275\/","url":"https:\/\/tecniplastmexico.com\/web\/productos\/platos-vasos-tazas-cubetas-de-polipropileno\/platos-charolas-con-divisiones-restaurantes-restaurantera\/plato-tampiqueno-grande-pp-1275\/","name":"Plato Tampique\u00f1o Grande de Polipropileno","isPartOf":{"@id":"https:\/\/tecniplastmexico.com\/web\/#website"},"primaryImageOfPage":{"@id":"https:\/\/tecniplastmexico.com\/web\/productos\/platos-vasos-tazas-cubetas-de-polipropileno\/platos-charolas-con-divisiones-restaurantes-restaurantera\/plato-tampiqueno-grande-pp-1275\/#primaryimage"},"image":{"@id":"https:\/\/tecniplastmexico.com\/web\/productos\/platos-vasos-tazas-cubetas-de-polipropileno\/platos-charolas-con-divisiones-restaurantes-restaurantera\/plato-tampiqueno-grande-pp-1275\/#primaryimage"},"thumbnailUrl":"https:\/\/tecniplastmexico.com\/web\/wp-content\/uploads\/2025\/08\/producto_plato_tampiqueno_grande_polipropileno_plastico_PP_1275.jpg","datePublished":"2025-08-21T03:48:42+00:00","dateModified":"2025-08-25T15:39:36+00:00","description":"Plato Tampique\u00f1o Grande de Polipropileno, Plato Tampique\u00f1o Grande de Pl\u00e1stico Polipropileno, Plato Tampique\u00f1o Grande reutilizable, reusable","breadcrumb":{"@id":"https:\/\/tecniplastmexico.com\/web\/productos\/platos-vasos-tazas-cubetas-de-polipropileno\/platos-charolas-con-divisiones-restaurantes-restaurantera\/plato-tampiqueno-grande-pp-1275\/#breadcrumb"},"inLanguage":"es","potentialAction":[{"@type":"ReadAction","target":["https:\/\/tecniplastmexico.com\/web\/productos\/platos-vasos-tazas-cubetas-de-polipropileno\/platos-charolas-con-divisiones-restaurantes-restaurantera\/plato-tampiqueno-grande-pp-1275\/"]}]},{"@type":"ImageObject","inLanguage":"es","@id":"https:\/\/tecniplastmexico.com\/web\/productos\/platos-vasos-tazas-cubetas-de-polipropileno\/platos-charolas-con-divisiones-restaurantes-restaurantera\/plato-tampiqueno-grande-pp-1275\/#primaryimage","url":"https:\/\/tecniplastmexico.com\/web\/wp-content\/uploads\/2025\/08\/producto_plato_tampiqueno_grande_polipropileno_plastico_PP_1275.jpg","contentUrl":"https:\/\/tecniplastmexico.com\/web\/wp-content\/uploads\/2025\/08\/producto_plato_tampiqueno_grande_polipropileno_plastico_PP_1275.jpg","width":600,"height":600,"caption":"Plato Tampique\u00f1o Grande de Polipropileno Pl\u00e1stico PP 1275"},{"@type":"BreadcrumbList","@id":"https:\/\/tecniplastmexico.com\/web\/productos\/platos-vasos-tazas-cubetas-de-polipropileno\/platos-charolas-con-divisiones-restaurantes-restaurantera\/plato-tampiqueno-grande-pp-1275\/#breadcrumb","itemListElement":[{"@type":"ListItem","position":1,"name":"Inicio","item":"https:\/\/tecniplastmexico.com\/web\/"},{"@type":"ListItem","position":2,"name":"Productos","item":"https:\/\/tecniplastmexico.com\/web\/productos\/"},{"@type":"ListItem","position":3,"name":"Plato Tampique\u00f1o Grande PP \u2013 1275"}]},{"@type":"WebSite","@id":"https:\/\/tecniplastmexico.com\/web\/#website","url":"https:\/\/tecniplastmexico.com\/web\/","name":"Tecniplast M\u00e9xico - Fabricante de Productos de pl\u00e1stico polipropileno, polietileno y policarbonato, Industrial Hogar Alimentos Restaurantes","description":"Fabricante de Productos de pl\u00e1stico polipropileno, polietileno y policarbonato, Industrial Hogar Alimentos Restaurantes","publisher":{"@id":"https:\/\/tecniplastmexico.com\/web\/#organization"},"potentialAction":[{"@type":"SearchAction","target":{"@type":"EntryPoint","urlTemplate":"https:\/\/tecniplastmexico.com\/web\/?s={search_term_string}"},"query-input":{"@type":"PropertyValueSpecification","valueRequired":true,"valueName":"search_term_string"}}],"inLanguage":"es"},{"@type":"Organization","@id":"https:\/\/tecniplastmexico.com\/web\/#organization","name":"Tecniplast M\u00e9xico - Fabricante de Productos de pl\u00e1stico polipropileno, polietileno y policarbonato, Industrial Hogar Alimentos Restaurantes","url":"https:\/\/tecniplastmexico.com\/web\/","logo":{"@type":"ImageObject","inLanguage":"es","@id":"https:\/\/tecniplastmexico.com\/web\/#\/schema\/logo\/image\/","url":"https:\/\/tecniplastmexico.com\/web\/wp-content\/uploads\/2025\/07\/Logo_tecniplast.png","contentUrl":"https:\/\/tecniplastmexico.com\/web\/wp-content\/uploads\/2025\/07\/Logo_tecniplast.png","width":848,"height":294,"caption":"Tecniplast M\u00e9xico - Fabricante de Productos de pl\u00e1stico polipropileno, polietileno y policarbonato, Industrial Hogar Alimentos Restaurantes"},"image":{"@id":"https:\/\/tecniplastmexico.com\/web\/#\/schema\/logo\/image\/"}}]},"og_availability":"instock","product_availability":"instock","product_retailer_item_id":"1275","product_condition":"new"},"_links":{"self":[{"href":"https:\/\/tecniplastmexico.com\/web\/wp-json\/wp\/v2\/product\/9415","targetHints":{"allow":["GET"]}}],"collection":[{"href":"https:\/\/tecniplastmexico.com\/web\/wp-json\/wp\/v2\/product"}],"about":[{"href":"https:\/\/tecniplastmexico.com\/web\/wp-json\/wp\/v2\/types\/product"}],"version-history":[{"count":2,"href":"https:\/\/tecniplastmexico.com\/web\/wp-json\/wp\/v2\/product\/9415\/revisions"}],"predecessor-version":[{"id":9660,"href":"https:\/\/tecniplastmexico.com\/web\/wp-json\/wp\/v2\/product\/9415\/revisions\/9660"}],"wp:featuredmedia":[{"embeddable":true,"href":"https:\/\/tecniplastmexico.com\/web\/wp-json\/wp\/v2\/media\/9423"}],"wp:attachment":[{"href":"https:\/\/tecniplastmexico.com\/web\/wp-json\/wp\/v2\/media?parent=9415"}],"wp:term":[{"taxonomy":"product_brand","embeddable":true,"href":"https:\/\/tecniplastmexico.com\/web\/wp-json\/wp\/v2\/product_brand?post=9415"},{"taxonomy":"product_cat","embeddable":true,"href":"https:\/\/tecniplastmexico.com\/web\/wp-json\/wp\/v2\/product_cat?post=9415"},{"taxonomy":"product_tag","embeddable":true,"href":"https:\/\/tecniplastmexico.com\/web\/wp-json\/wp\/v2\/product_tag?post=9415"}],"curies":[{"name":"wp","href":"https:\/\/api.w.org\/{rel}","templated":true}]}}